{"id":743364,"date":"2025-08-28T01:33:09","date_gmt":"2025-08-27T22:33:09","guid":{"rendered":"https:\/\/roveyayinevi.com.tr\/index.php\/urun\/bagdatin-aslanlari\/"},"modified":"2026-04-16T02:54:42","modified_gmt":"2026-04-15T23:54:42","slug":"bagdatin-aslanlari","status":"publish","type":"product","link":"https:\/\/roveyayinevi.com.tr\/index.php\/urun\/bagdatin-aslanlari\/","title":{"rendered":"Ba\u011fdat\u2019\u0131n Aslanlar\u0131"},"content":{"rendered":"<p>Nisan 2003\u2019te bir grup aslan, Amerikan hava bombard\u0131man\u0131 s\u0131ras\u0131nda Ba\u011fdat Hayvanat Bah\u00e7esi\u2019nden ka\u00e7t\u0131.Kaybolmu\u015flard\u0131 ve ak\u0131llar\u0131 kar\u0131\u015f\u0131kt\u0131, a\u00e7lard\u0131 ama sonunda \u00f6zg\u00fcrlerdi. D\u00f6rt aslan, hayatlar\u0131n\u0131 kurtarmak i\u00e7in harap h\u00e2ldeki Ba\u011fdat sokaklar\u0131nda \u00e7aresiz bir yolculu\u011fa \u00e7\u0131kt\u0131lar.Ger\u00e7ek olaylardan esinlenen BA\u011eDAT\u2019IN ASLANLARI\u2019nda \u00f6d\u00fcll\u00fc yazar Brian K. Vaughan ve \u00e7izer Niko Henrichon Irak Sava\u015f\u0131\u2019nda ge\u00e7en bu can al\u0131c\u0131 hik\u00e2yeyle sava\u015f\u0131n karanl\u0131k y\u00fcz\u00fcne ve hayatta kalmak i\u00e7in \u00f6denen bedellere benzersiz bir pencere a\u00e7\u0131yor. Ba\u011fdat\u2019taki bir grup aslan\u0131n ya\u015fad\u0131klar\u0131 \u00fczerinden anlatt\u0131klar\u0131 k\u0131\u015fk\u0131rt\u0131c\u0131 \u00f6yk\u00fc \u00f6zg\u00fcrl\u00fc\u011f\u00fcn ger\u00e7ek do\u011fas\u0131na y\u00f6nelik \u2013 \u00f6zg\u00fcrl\u00fck birileri taraf\u0131ndan m\u0131 verilir yoksa h\u00fcr irade ve fedak\u00e2rl\u0131kla m\u0131 kazan\u0131l\u0131r?\u201cSade, \u015fahane \u00e7izilmi\u015f ve etkileyici bir \u00e7izgi roman. M\u00fcthi\u015f!\u201d \u2013Publishers Weekly\u201c\u0130nsan\u0131n i\u00e7ini s\u0131zlat\u0131yor.\u201d \u2013Los Angeles Times Book Review\u201cYeri WATCHMEN\u2019in yan\u0131. O derece iyi.\u201d \u2013IGN\u201cEtkileyici ve y\u00fcrek par\u00e7alay\u0131c\u0131. Ak\u0131ldan \u00e7\u0131km\u0131yor.\u201d \u2013Brad Meltzer<\/p>\n","protected":false},"excerpt":{"rendered":"<p>Nisan 2003\u2019te bir grup aslan, Amerikan hava bombard\u0131man\u0131 s\u0131ras\u0131nda Ba\u011fdat Hayvanat Bah\u00e7esi\u2019nden ka\u00e7t\u0131.Kaybolmu\u015flard\u0131 ve ak\u0131llar\u0131 kar\u0131\u015f\u0131kt\u0131, a\u00e7lard\u0131 ama sonunda \u00f6zg\u00fcrlerdi. D\u00f6rt aslan, hayatlar\u0131n\u0131 kurtarmak i\u00e7in harap<span class=\"excerpt-hellip\"> [\u2026]<\/span><\/p>\n","protected":false},"featured_media":0,"template":"","meta":{"_monsterinsights_skip_tracking":false,"_monsterinsights_sitenote_active":false,"_monsterinsights_sitenote_note":"","_monsterinsights_sitenote_category":0},"product_brand":[],"product_cat":[12689,12274],"product_tag":[],"class_list":{"0":"post-743364","1":"product","2":"type-product","3":"status-publish","5":"product_cat-cizgi-roman-cocuk-ve-genclik-kitaplari","6":"product_cat-cocuk-ve-genclik-kitaplari","7":"pa_cilt-ciltsiz","8":"pa_tur-kitap","9":"pa_yayinevi-ithaki-yayinlari","10":"pa_yazar-brian-k-vaughan","12":"first","13":"instock","14":"sale","15":"shipping-taxable","16":"purchasable","17":"product-type-simple"},"_links":{"self":[{"href":"https:\/\/roveyayinevi.com.tr\/index.php\/wp-json\/wp\/v2\/product\/743364","targetHints":{"allow":["GET"]}}],"collection":[{"href":"https:\/\/roveyayinevi.com.tr\/index.php\/wp-json\/wp\/v2\/product"}],"about":[{"href":"https:\/\/roveyayinevi.com.tr\/index.php\/wp-json\/wp\/v2\/types\/product"}],"wp:attachment":[{"href":"https:\/\/roveyayinevi.com.tr\/index.php\/wp-json\/wp\/v2\/media?parent=743364"}],"wp:term":[{"taxonomy":"product_brand","embeddable":true,"href":"https:\/\/roveyayinevi.com.tr\/index.php\/wp-json\/wp\/v2\/product_brand?post=743364"},{"taxonomy":"product_cat","embeddable":true,"href":"https:\/\/roveyayinevi.com.tr\/index.php\/wp-json\/wp\/v2\/product_cat?post=743364"},{"taxonomy":"product_tag","embeddable":true,"href":"https:\/\/roveyayinevi.com.tr\/index.php\/wp-json\/wp\/v2\/product_tag?post=743364"}],"curies":[{"name":"wp","href":"https:\/\/api.w.org\/{rel}","templated":true}]}}