{"id":743363,"date":"2025-08-28T01:33:07","date_gmt":"2025-08-27T22:33:07","guid":{"rendered":"https:\/\/roveyayinevi.com.tr\/index.php\/urun\/tuvofi\/"},"modified":"2026-04-16T02:54:42","modified_gmt":"2026-04-15T23:54:42","slug":"tuvofi","status":"publish","type":"product","link":"https:\/\/roveyayinevi.com.tr\/index.php\/urun\/tuvofi\/","title":{"rendered":"Tuvofi"},"content":{"rendered":"<p>Tuvofi hen\u00fcz 22 ya\u015f\u0131nda, \u00fcniversiteyi bitirmek \u00fczere olan ba\u015far\u0131l\u0131 bir gen\u00e7tir. Ancak e\u011fitimini ald\u0131\u011f\u0131 mesle\u011fin de\u011fil ba\u015fka bir d\u00fcnyan\u0131n, daha renkli bir hayat\u0131n hayallerini kurmaktad\u0131r. Kahraman\u0131m\u0131z bu yolda bir\u00e7ok engelle kar\u015f\u0131la\u015facak olsa da ba\u015f\u0131na gelen k\u00f6t\u00fc olaylar\u0131n de\u011fi\u015ftiremedi\u011fi ruh g\u00fczelli\u011fi, iyili\u011fi ve vicdan\u0131 ona kendisi i\u00e7in do\u011fru olan\u0131 bulmakta yard\u0131mc\u0131 olacakt\u0131r&#8230;<\/p>\n","protected":false},"excerpt":{"rendered":"<p>Tuvofi hen\u00fcz 22 ya\u015f\u0131nda, \u00fcniversiteyi bitirmek \u00fczere olan ba\u015far\u0131l\u0131 bir gen\u00e7tir. Ancak e\u011fitimini ald\u0131\u011f\u0131 mesle\u011fin de\u011fil ba\u015fka bir d\u00fcnyan\u0131n, daha renkli bir hayat\u0131n hayallerini kurmaktad\u0131r. Kahraman\u0131m\u0131z<span class=\"excerpt-hellip\"> [\u2026]<\/span><\/p>\n","protected":false},"featured_media":0,"template":"","meta":{"_monsterinsights_skip_tracking":false,"_monsterinsights_sitenote_active":false,"_monsterinsights_sitenote_note":"","_monsterinsights_sitenote_category":0},"product_brand":[],"product_cat":[12689,12274],"product_tag":[],"class_list":{"0":"post-743363","1":"product","2":"type-product","3":"status-publish","5":"product_cat-cizgi-roman-cocuk-ve-genclik-kitaplari","6":"product_cat-cocuk-ve-genclik-kitaplari","7":"pa_cilt-ciltsiz","8":"pa_tur-kitap","9":"pa_yayinevi-ithaki-yayinlari","10":"pa_yazar-cihan-kilic","12":"first","13":"instock","14":"sale","15":"shipping-taxable","16":"purchasable","17":"product-type-simple"},"_links":{"self":[{"href":"https:\/\/roveyayinevi.com.tr\/index.php\/wp-json\/wp\/v2\/product\/743363","targetHints":{"allow":["GET"]}}],"collection":[{"href":"https:\/\/roveyayinevi.com.tr\/index.php\/wp-json\/wp\/v2\/product"}],"about":[{"href":"https:\/\/roveyayinevi.com.tr\/index.php\/wp-json\/wp\/v2\/types\/product"}],"wp:attachment":[{"href":"https:\/\/roveyayinevi.com.tr\/index.php\/wp-json\/wp\/v2\/media?parent=743363"}],"wp:term":[{"taxonomy":"product_brand","embeddable":true,"href":"https:\/\/roveyayinevi.com.tr\/index.php\/wp-json\/wp\/v2\/product_brand?post=743363"},{"taxonomy":"product_cat","embeddable":true,"href":"https:\/\/roveyayinevi.com.tr\/index.php\/wp-json\/wp\/v2\/product_cat?post=743363"},{"taxonomy":"product_tag","embeddable":true,"href":"https:\/\/roveyayinevi.com.tr\/index.php\/wp-json\/wp\/v2\/product_tag?post=743363"}],"curies":[{"name":"wp","href":"https:\/\/api.w.org\/{rel}","templated":true}]}}