{"id":743362,"date":"2025-08-28T01:33:06","date_gmt":"2025-08-27T22:33:06","guid":{"rendered":"https:\/\/roveyayinevi.com.tr\/index.php\/urun\/bir-kadin-astronotun-anilari\/"},"modified":"2026-04-16T02:54:42","modified_gmt":"2026-04-15T23:54:42","slug":"bir-kadin-astronotun-anilari","status":"publish","type":"product","link":"https:\/\/roveyayinevi.com.tr\/index.php\/urun\/bir-kadin-astronotun-anilari\/","title":{"rendered":"Bir Kad\u0131n Astronotun An\u0131lar\u0131"},"content":{"rendered":"<p>\u201cYirminci y\u00fczy\u0131l\u0131n en y\u0131k\u0131c\u0131 d\u00fc\u015f\u00fcn\u00fcrlerinden ve sakin isyank\u00e2rlar\u0131ndan biri.\u201d \u2013Ursula K. Le Guin\u201cNaomi Mitchison yarat\u0131c\u0131, ilerici ve \u015fa\u015f\u0131rt\u0131c\u0131 bir yazard\u0131.\u201d \u2013Amal El-Mohtar\u201cKEND\u0130NDEN EM\u0130N VE SO\u011eUKKANLI OLANLAR H\u0130\u00c7B\u0130R ZAMAN B\u00dcY\u00dcK K\u00c2\u015e\u0130F OLAMAZ.\u201dCinsiyet, k\u00fcrtaj, do\u011fum kontrol\u00fc ve \u00f6zg\u00fcr a\u015fk gibi konularda tart\u0131\u015fmal\u0131 eserlere imza atan, t\u00fcm hayat\u0131n\u0131 aktivizme adayan Naomi Mitchison ayn\u0131 zamanda feminist bilimkurgu edebiyat\u0131n\u0131n \u00f6nemli eserlerinden birini kaleme alan cesur bir yazar. Bir Kad\u0131n Astronotun An\u0131lar\u0131 da Mitchison\u2019\u0131n d\u00f6nemine g\u00f6re ilerici fikirlerini sakin dille anlatt\u0131\u011f\u0131, geleneksel anneli\u011fi sorgulayan, \u015fa\u015f\u0131rt\u0131c\u0131 bir roman.\u0130nsanl\u0131k y\u0131ld\u0131zlara seyahat etmi\u015f ve hi\u00e7 de yaln\u0131z olmad\u0131\u011f\u0131n\u0131 \u00f6\u011frenmi\u015ftir. Farkl\u0131 gezegenlere yap\u0131lan yolculuklarda birbirinden farkl\u0131 uzayl\u0131 ya\u015fam t\u00fcrleriyle kar\u015f\u0131la\u015fan insanlar dikkatlerini bu canl\u0131larla ileti\u015fim kurmaya yo\u011funla\u015ft\u0131rm\u0131\u015ft\u0131r.Bir ileti\u015fimci ve k\u00e2\u015fif olan Mary uzak galaksilere yapt\u0131\u011f\u0131 seyahatlerde kar\u015f\u0131la\u015ft\u0131\u011f\u0131 ya\u015fam formlar\u0131na kar\u015f\u0131 m\u00fcthi\u015f bir tutku ve \u015fefkatle doludur. Ama uzay ara\u015ft\u0131rmalar\u0131nda birinci kural m\u00fcdahale etmemektir. Yine de Mary\u2019nin gezilerine duygusal karma\u015fa e\u015flik eder. Zamanla hayattaki yerini bulurken kendi kad\u0131nl\u0131\u011f\u0131n\u0131 da ke\u015ffedecektir.\u0130nsanlardan \u00e7ok daha farkl\u0131 bir biyolojiye sahip canl\u0131larla ileti\u015fim kurmak ve anla\u015fabilmek m\u00fcmk\u00fcn m\u00fcd\u00fcr? Peki insanlarla hayvanlar aras\u0131nda e\u015fit bir ili\u015fki s\u00f6z konusu olabilir mi?Bir Kad\u0131n Astronotun An\u0131lar\u0131, geleneksel de\u011fer yarg\u0131lar\u0131n\u0131 yerle yeksan eden bir hat\u0131rat.Hilary Rubinstein\u2019\u0131n sunu\u015fuyla<\/p>\n","protected":false},"excerpt":{"rendered":"<p>\u201cYirminci y\u00fczy\u0131l\u0131n en y\u0131k\u0131c\u0131 d\u00fc\u015f\u00fcn\u00fcrlerinden ve sakin isyank\u00e2rlar\u0131ndan biri.\u201d \u2013Ursula K. Le Guin\u201cNaomi Mitchison yarat\u0131c\u0131, ilerici ve \u015fa\u015f\u0131rt\u0131c\u0131 bir yazard\u0131.\u201d \u2013Amal El-Mohtar\u201cKEND\u0130NDEN EM\u0130N VE SO\u011eUKKANLI OLANLAR<span class=\"excerpt-hellip\"> [\u2026]<\/span><\/p>\n","protected":false},"featured_media":0,"template":"","meta":{"_monsterinsights_skip_tracking":false,"_monsterinsights_sitenote_active":false,"_monsterinsights_sitenote_note":"","_monsterinsights_sitenote_category":0},"product_brand":[],"product_cat":[12540,12291],"product_tag":[],"class_list":{"0":"post-743362","1":"product","2":"type-product","3":"status-publish","5":"product_cat-bilim-kurgu","6":"product_cat-edebiyat","7":"pa_cilt-ciltsiz","8":"pa_tur-kitap","9":"pa_yayinevi-ithaki-yayinlari","10":"pa_yazar-naomi-mitchison","12":"first","13":"instock","14":"sale","15":"shipping-taxable","16":"purchasable","17":"product-type-simple"},"_links":{"self":[{"href":"https:\/\/roveyayinevi.com.tr\/index.php\/wp-json\/wp\/v2\/product\/743362","targetHints":{"allow":["GET"]}}],"collection":[{"href":"https:\/\/roveyayinevi.com.tr\/index.php\/wp-json\/wp\/v2\/product"}],"about":[{"href":"https:\/\/roveyayinevi.com.tr\/index.php\/wp-json\/wp\/v2\/types\/product"}],"wp:attachment":[{"href":"https:\/\/roveyayinevi.com.tr\/index.php\/wp-json\/wp\/v2\/media?parent=743362"}],"wp:term":[{"taxonomy":"product_brand","embeddable":true,"href":"https:\/\/roveyayinevi.com.tr\/index.php\/wp-json\/wp\/v2\/product_brand?post=743362"},{"taxonomy":"product_cat","embeddable":true,"href":"https:\/\/roveyayinevi.com.tr\/index.php\/wp-json\/wp\/v2\/product_cat?post=743362"},{"taxonomy":"product_tag","embeddable":true,"href":"https:\/\/roveyayinevi.com.tr\/index.php\/wp-json\/wp\/v2\/product_tag?post=743362"}],"curies":[{"name":"wp","href":"https:\/\/api.w.org\/{rel}","templated":true}]}}