{"id":743361,"date":"2025-08-28T01:33:05","date_gmt":"2025-08-27T22:33:05","guid":{"rendered":"https:\/\/roveyayinevi.com.tr\/index.php\/urun\/ruzgarin-sarkisi\/"},"modified":"2026-04-16T02:54:42","modified_gmt":"2026-04-15T23:54:42","slug":"ruzgarin-sarkisi","status":"publish","type":"product","link":"https:\/\/roveyayinevi.com.tr\/index.php\/urun\/ruzgarin-sarkisi\/","title":{"rendered":"R\u00fczgar\u0131n \u015eark\u0131s\u0131"},"content":{"rendered":"<p>R\u00fczg\u00e2r g\u00f6r\u00fcnmezdir. R\u00fczg\u00e2r\u0131 g\u00f6rmek i\u00e7in a\u011fa\u00e7lara, bu\u011fday ba\u015faklar\u0131na, denizlere ihtiyac\u0131m\u0131z var. R\u00fczg\u00e2r estik\u00e7e a\u011fa\u00e7lar titrer, bu\u011fday ba\u015faklar\u0131 sallan\u0131r, dalgalar k\u0131y\u0131ya \u00e7arpar ve ortaya birbirinden farkl\u0131 sesler \u00e7\u0131kar. Sevgi de g\u00f6r\u00fcnmezdir. Sevgiyi g\u00f6rmek i\u00e7in ise kucakla\u015fmaya, g\u00fcl\u00fcmsemeye ve g\u00fczel s\u00f6zc\u00fcklere ihtiya\u00e7 duyar\u0131z. \u0130\u015fte kalbimizde \u00e7o\u011falan sevgi ancak bu \u015fekilde apa\u00e7\u0131k g\u00f6r\u00fclebilir. \u00d6m\u00fcr Kurt bu kitapta do\u011fan\u0131n gizemli g\u00fcc\u00fc r\u00fczg\u00e2r\u0131 ve bir annenin \u00e7ocu\u011funa olan sevgisini \u2018g\u00f6r\u00fcn\u00fcr\u2019 k\u0131l\u0131yor; g\u00f6rmek i\u00e7in bakman\u0131n, duymak i\u00e7in dikkatle dinlemenin \u00f6nemini hat\u0131rlat\u0131yor. Ceyhun \u015een\u2019in b\u00fcy\u00fcleyici resimleri e\u015fli\u011finde&#8230; <\/p>\n","protected":false},"excerpt":{"rendered":"<p>R\u00fczg\u00e2r g\u00f6r\u00fcnmezdir. R\u00fczg\u00e2r\u0131 g\u00f6rmek i\u00e7in a\u011fa\u00e7lara, bu\u011fday ba\u015faklar\u0131na, denizlere ihtiyac\u0131m\u0131z var. R\u00fczg\u00e2r estik\u00e7e a\u011fa\u00e7lar titrer, bu\u011fday ba\u015faklar\u0131 sallan\u0131r, dalgalar k\u0131y\u0131ya \u00e7arpar ve ortaya birbirinden farkl\u0131 sesler<span class=\"excerpt-hellip\"> [\u2026]<\/span><\/p>\n","protected":false},"featured_media":0,"template":"","meta":{"_monsterinsights_skip_tracking":false,"_monsterinsights_sitenote_active":false,"_monsterinsights_sitenote_note":"","_monsterinsights_sitenote_category":0},"product_brand":[],"product_cat":[12913,12274],"product_tag":[],"class_list":{"0":"post-743361","1":"product","2":"type-product","3":"status-publish","5":"product_cat-3-6-yas-kitaplari","6":"product_cat-cocuk-ve-genclik-kitaplari","7":"pa_cilt-ciltsiz","8":"pa_tur-kitap","9":"pa_yayinevi-dogan-cocuk","10":"pa_yazar-omur-kurt","12":"first","13":"instock","14":"sale","15":"shipping-taxable","16":"purchasable","17":"product-type-simple"},"_links":{"self":[{"href":"https:\/\/roveyayinevi.com.tr\/index.php\/wp-json\/wp\/v2\/product\/743361","targetHints":{"allow":["GET"]}}],"collection":[{"href":"https:\/\/roveyayinevi.com.tr\/index.php\/wp-json\/wp\/v2\/product"}],"about":[{"href":"https:\/\/roveyayinevi.com.tr\/index.php\/wp-json\/wp\/v2\/types\/product"}],"wp:attachment":[{"href":"https:\/\/roveyayinevi.com.tr\/index.php\/wp-json\/wp\/v2\/media?parent=743361"}],"wp:term":[{"taxonomy":"product_brand","embeddable":true,"href":"https:\/\/roveyayinevi.com.tr\/index.php\/wp-json\/wp\/v2\/product_brand?post=743361"},{"taxonomy":"product_cat","embeddable":true,"href":"https:\/\/roveyayinevi.com.tr\/index.php\/wp-json\/wp\/v2\/product_cat?post=743361"},{"taxonomy":"product_tag","embeddable":true,"href":"https:\/\/roveyayinevi.com.tr\/index.php\/wp-json\/wp\/v2\/product_tag?post=743361"}],"curies":[{"name":"wp","href":"https:\/\/api.w.org\/{rel}","templated":true}]}}