{"id":743358,"date":"2025-08-28T01:33:01","date_gmt":"2025-08-27T22:33:01","guid":{"rendered":"https:\/\/roveyayinevi.com.tr\/index.php\/urun\/unicorn-sihirli-pofuduk-bir-surpriz\/"},"modified":"2026-04-16T02:54:42","modified_gmt":"2026-04-15T23:54:42","slug":"unicorn-sihirli-pofuduk-bir-surpriz","status":"publish","type":"product","link":"https:\/\/roveyayinevi.com.tr\/index.php\/urun\/unicorn-sihirli-pofuduk-bir-surpriz\/","title":{"rendered":"Unicorn Sihirli -Pofuduk Bir S\u00fcrpriz"},"content":{"rendered":"<p>Yola \u00e7\u0131k. Hayal et. \u0130nan. Unicorn dostlar\u0131 buraya! Unicorn Sihri serisiyle birbirinden heyecanl\u0131 maceralar ya\u015famaya haz\u0131r m\u0131s\u0131n? Sihirli Vadi\u2019nin havas\u0131n\u0131 temiz tutmaktan sorumlu Unicorn Simyeli\u2019nin madalyonu \u00e7al\u0131nd\u0131! Hava giderek kirleniyor ve her yer \u00e7\u00f6plerle doluyor. Sihirli Vadi\u2019nin ve Unicorn dostlar\u0131n\u0131n sana ihtiyac\u0131 var. Hadi onlar\u0131 daha fazla bekletme; yola \u00e7\u0131k, hayal et ve inan! T\u00fcm d\u00fcnyada \u00e7ok sevilen yazar Daisy Meadows\u2019tan sihir, dostluk ve macerayla dolu yeni bir seri! <\/p>\n","protected":false},"excerpt":{"rendered":"<p>Yola \u00e7\u0131k. Hayal et. \u0130nan. Unicorn dostlar\u0131 buraya! Unicorn Sihri serisiyle birbirinden heyecanl\u0131 maceralar ya\u015famaya haz\u0131r m\u0131s\u0131n? Sihirli Vadi\u2019nin havas\u0131n\u0131 temiz tutmaktan sorumlu Unicorn Simyeli\u2019nin madalyonu<span class=\"excerpt-hellip\"> [\u2026]<\/span><\/p>\n","protected":false},"featured_media":0,"template":"","meta":{"_monsterinsights_skip_tracking":false,"_monsterinsights_sitenote_active":false,"_monsterinsights_sitenote_note":"","_monsterinsights_sitenote_category":0},"product_brand":[],"product_cat":[12275,12274],"product_tag":[],"class_list":{"0":"post-743358","1":"product","2":"type-product","3":"status-publish","5":"product_cat-6-12-yas-kitaplari","6":"product_cat-cocuk-ve-genclik-kitaplari","7":"pa_cilt-ciltsiz","8":"pa_tur-kitap","9":"pa_yayinevi-dogan-cocuk","10":"pa_yazar-daisy-meadows","12":"first","13":"instock","14":"sale","15":"shipping-taxable","16":"purchasable","17":"product-type-simple"},"_links":{"self":[{"href":"https:\/\/roveyayinevi.com.tr\/index.php\/wp-json\/wp\/v2\/product\/743358","targetHints":{"allow":["GET"]}}],"collection":[{"href":"https:\/\/roveyayinevi.com.tr\/index.php\/wp-json\/wp\/v2\/product"}],"about":[{"href":"https:\/\/roveyayinevi.com.tr\/index.php\/wp-json\/wp\/v2\/types\/product"}],"wp:attachment":[{"href":"https:\/\/roveyayinevi.com.tr\/index.php\/wp-json\/wp\/v2\/media?parent=743358"}],"wp:term":[{"taxonomy":"product_brand","embeddable":true,"href":"https:\/\/roveyayinevi.com.tr\/index.php\/wp-json\/wp\/v2\/product_brand?post=743358"},{"taxonomy":"product_cat","embeddable":true,"href":"https:\/\/roveyayinevi.com.tr\/index.php\/wp-json\/wp\/v2\/product_cat?post=743358"},{"taxonomy":"product_tag","embeddable":true,"href":"https:\/\/roveyayinevi.com.tr\/index.php\/wp-json\/wp\/v2\/product_tag?post=743358"}],"curies":[{"name":"wp","href":"https:\/\/api.w.org\/{rel}","templated":true}]}}