{"id":743356,"date":"2025-08-28T01:32:59","date_gmt":"2025-08-27T22:32:59","guid":{"rendered":"https:\/\/roveyayinevi.com.tr\/index.php\/urun\/bariatrik-manifesto\/"},"modified":"2026-04-16T02:54:42","modified_gmt":"2026-04-15T23:54:42","slug":"bariatrik-manifesto","status":"publish","type":"product","link":"https:\/\/roveyayinevi.com.tr\/index.php\/urun\/bariatrik-manifesto\/","title":{"rendered":"Bariatrik Manifesto"},"content":{"rendered":"<p>Bu bir diyet kitab\u0131 de\u011fildir! Hayat\u0131nda en az bir kere y\u00fcksek kilolara \u00e7\u0131km\u0131\u015f ki\u015filer i\u00e7in diyetlerin neden ve nas\u0131l ba\u015far\u0131s\u0131z oldu\u011funu, insanl\u0131k tarihinin son zamanlar\u0131na denk gelen obezojenik \u00e7evrenin evrimsel a\u00e7\u0131dan insan do\u011fas\u0131 ile uyumsuzlu\u011funu, insan\u0131n entelekt\u00fcel beyni ile hayvan beyni aras\u0131ndaki bitmek bilmeyen amans\u0131z m\u00fccadelesini anlatmaktad\u0131r. Bariatrik cerrahi ge\u00e7irmi\u015f ya da ge\u00e7irmeyi d\u00fc\u015f\u00fcnen ki\u015filere yol g\u00f6stermesi ve ilham vermesi dile\u011fiyle&#8230;<\/p>\n","protected":false},"excerpt":{"rendered":"<p>Bu bir diyet kitab\u0131 de\u011fildir! Hayat\u0131nda en az bir kere y\u00fcksek kilolara \u00e7\u0131km\u0131\u015f ki\u015filer i\u00e7in diyetlerin neden ve nas\u0131l ba\u015far\u0131s\u0131z oldu\u011funu, insanl\u0131k tarihinin son zamanlar\u0131na denk<span class=\"excerpt-hellip\"> [\u2026]<\/span><\/p>\n","protected":false},"featured_media":0,"template":"","meta":{"_monsterinsights_skip_tracking":false,"_monsterinsights_sitenote_active":false,"_monsterinsights_sitenote_note":"","_monsterinsights_sitenote_category":0},"product_brand":[],"product_cat":[13366,13365],"product_tag":[],"class_list":{"0":"post-743356","1":"product","2":"type-product","3":"status-publish","5":"product_cat-diger-saglik","6":"product_cat-saglik","7":"pa_cilt-ciltsiz","8":"pa_tur-kitap","9":"pa_yayinevi-inkilap-kitabevi","10":"pa_yazar-ahmet-turkcapar-berk-ozler","12":"first","13":"instock","14":"sale","15":"shipping-taxable","16":"purchasable","17":"product-type-simple"},"_links":{"self":[{"href":"https:\/\/roveyayinevi.com.tr\/index.php\/wp-json\/wp\/v2\/product\/743356","targetHints":{"allow":["GET"]}}],"collection":[{"href":"https:\/\/roveyayinevi.com.tr\/index.php\/wp-json\/wp\/v2\/product"}],"about":[{"href":"https:\/\/roveyayinevi.com.tr\/index.php\/wp-json\/wp\/v2\/types\/product"}],"wp:attachment":[{"href":"https:\/\/roveyayinevi.com.tr\/index.php\/wp-json\/wp\/v2\/media?parent=743356"}],"wp:term":[{"taxonomy":"product_brand","embeddable":true,"href":"https:\/\/roveyayinevi.com.tr\/index.php\/wp-json\/wp\/v2\/product_brand?post=743356"},{"taxonomy":"product_cat","embeddable":true,"href":"https:\/\/roveyayinevi.com.tr\/index.php\/wp-json\/wp\/v2\/product_cat?post=743356"},{"taxonomy":"product_tag","embeddable":true,"href":"https:\/\/roveyayinevi.com.tr\/index.php\/wp-json\/wp\/v2\/product_tag?post=743356"}],"curies":[{"name":"wp","href":"https:\/\/api.w.org\/{rel}","templated":true}]}}