{"id":743355,"date":"2025-08-28T01:32:57","date_gmt":"2025-08-27T22:32:57","guid":{"rendered":"https:\/\/roveyayinevi.com.tr\/index.php\/urun\/o-aslinda-kim\/"},"modified":"2026-04-16T02:54:42","modified_gmt":"2026-04-15T23:54:42","slug":"o-aslinda-kim","status":"publish","type":"product","link":"https:\/\/roveyayinevi.com.tr\/index.php\/urun\/o-aslinda-kim\/","title":{"rendered":"O Asl\u0131nda Kim"},"content":{"rendered":"<p>Onlar hakk\u0131nda bir fikriniz yok! Ac\u0131, tatl\u0131, \u015fa\u015f\u0131rt\u0131c\u0131 biyografiler. Kitapta, hayat\u0131m\u0131za giren ve 7\u2019den 70\u2019e ak\u0131llara kaz\u0131nan 84 \u00fcnl\u00fc, ViBio\u2019nun bak\u0131\u015f a\u00e7\u0131s\u0131 ile anlat\u0131l\u0131yor. Ki\u015filiklerinin nas\u0131l olu\u015ftu\u011funa ve hayatlar\u0131n\u0131n nas\u0131l geli\u015fti\u011fine dair \u00f6nemli anlar belirtiliyor, bilinen bilinmeyen t\u00fcm y\u00f6nleriyle adeta hayatlar\u0131n\u0131n s\u0131r perdeleri aralan\u0131yor. \u00dcnl\u00fcleri bu yeni bak\u0131\u015f a\u00e7\u0131s\u0131 ile anlayaca\u011f\u0131n\u0131z ve kendiniz i\u00e7in dersler \u00e7\u0131karabilece\u011finiz, her zaman yeniden g\u00f6z atabilece\u011finiz bir kitap: O Asl\u0131nda Kim?.. \u00dcnl\u00fclerin d\u00fcnyas\u0131ndan nefes kesici bir zaman yolculu\u011funa haz\u0131r olun!<\/p>\n","protected":false},"excerpt":{"rendered":"<p>Onlar hakk\u0131nda bir fikriniz yok! Ac\u0131, tatl\u0131, \u015fa\u015f\u0131rt\u0131c\u0131 biyografiler. Kitapta, hayat\u0131m\u0131za giren ve 7\u2019den 70\u2019e ak\u0131llara kaz\u0131nan 84 \u00fcnl\u00fc, ViBio\u2019nun bak\u0131\u015f a\u00e7\u0131s\u0131 ile anlat\u0131l\u0131yor. Ki\u015filiklerinin nas\u0131l<span class=\"excerpt-hellip\"> [\u2026]<\/span><\/p>\n","protected":false},"featured_media":0,"template":"","meta":{"_monsterinsights_skip_tracking":false,"_monsterinsights_sitenote_active":false,"_monsterinsights_sitenote_note":"","_monsterinsights_sitenote_category":0},"product_brand":[],"product_cat":[14009,12291],"product_tag":[],"class_list":{"0":"post-743355","1":"product","2":"type-product","3":"status-publish","5":"product_cat-biyografi-otobiyografi-edebiyat","6":"product_cat-edebiyat","7":"pa_cilt-ciltsiz","8":"pa_tur-kitap","9":"pa_yayinevi-inkilap-kitabevi","10":"pa_yazar-renan-burduroglu","12":"first","13":"instock","14":"sale","15":"shipping-taxable","16":"purchasable","17":"product-type-simple"},"_links":{"self":[{"href":"https:\/\/roveyayinevi.com.tr\/index.php\/wp-json\/wp\/v2\/product\/743355","targetHints":{"allow":["GET"]}}],"collection":[{"href":"https:\/\/roveyayinevi.com.tr\/index.php\/wp-json\/wp\/v2\/product"}],"about":[{"href":"https:\/\/roveyayinevi.com.tr\/index.php\/wp-json\/wp\/v2\/types\/product"}],"wp:attachment":[{"href":"https:\/\/roveyayinevi.com.tr\/index.php\/wp-json\/wp\/v2\/media?parent=743355"}],"wp:term":[{"taxonomy":"product_brand","embeddable":true,"href":"https:\/\/roveyayinevi.com.tr\/index.php\/wp-json\/wp\/v2\/product_brand?post=743355"},{"taxonomy":"product_cat","embeddable":true,"href":"https:\/\/roveyayinevi.com.tr\/index.php\/wp-json\/wp\/v2\/product_cat?post=743355"},{"taxonomy":"product_tag","embeddable":true,"href":"https:\/\/roveyayinevi.com.tr\/index.php\/wp-json\/wp\/v2\/product_tag?post=743355"}],"curies":[{"name":"wp","href":"https:\/\/api.w.org\/{rel}","templated":true}]}}