{"id":743353,"date":"2025-08-28T01:32:55","date_gmt":"2025-08-27T22:32:55","guid":{"rendered":"https:\/\/roveyayinevi.com.tr\/index.php\/urun\/yabanci-dil-ogrenmeyi-ogretme-ve-ogrenmeyi-ogrenme\/"},"modified":"2026-04-16T02:54:42","modified_gmt":"2026-04-15T23:54:42","slug":"yabanci-dil-ogrenmeyi-ogretme-ve-ogrenmeyi-ogrenme","status":"publish","type":"product","link":"https:\/\/roveyayinevi.com.tr\/index.php\/urun\/yabanci-dil-ogrenmeyi-ogretme-ve-ogrenmeyi-ogrenme\/","title":{"rendered":"Yabanc\u0131 Dil \u00d6\u011frenmeyi \u00d6\u011fretme ve \u00d6\u011frenmeyi \u00d6\u011frenme"},"content":{"rendered":"<p>\u201cE\u011fitim g\u00f6rm\u00fc\u015f bir ki\u015fi \u00f6\u011frenmeyi \u00f6\u011frenmi\u015f oland\u0131r.\u201d Carl Rogers Bug\u00fcn \u2018\u00c7a\u011fda\u015f E\u011fitim\u2019 denilince, \u2018\u00d6\u011frenmeyi \u00d6\u011fretme\u2019 ve \u2018\u00d6\u011frenmeyi \u00d6\u011frenme\u2019 kavramlar\u0131 al\u0131\u015f\u0131lagelmi\u015f birer kli\u015fe h\u00e2linde s\u0131k s\u0131k kullan\u0131lmaktad\u0131r. Pekiyi, bu kavramlar\u0131n anlaml\u0131l\u0131klar\u0131, i\u00e7erikleri, pedagojik uygulamalar\u0131, y\u00f6ntemleri nelerdir ve hayata ge\u00e7irilmeleri i\u00e7in hangi ko\u015fullar\u0131n sa\u011flanmas\u0131 ve nelerin yap\u0131lmas\u0131 gerekir? Elinizdeki kitap bu sorular\u0131 \u0130ngilizce \u00f6\u011fretim ve \u00f6\u011frenimine d\u00f6n\u00fck olarak irdelemek ve pedagojik i\u00e7erikli \u00f6nerilerde bulunmak amac\u0131yla haz\u0131rlanm\u0131\u015ft\u0131r. Her ne kadar \u0130ngilizce e\u011fitimi esas al\u0131nm\u0131\u015f ise de, bu \u00e7al\u0131\u015fman\u0131n di\u011fer yabanc\u0131 dillerin ve hatta ana dilin (T\u00fcrk\u00e7enin) e\u011fitimi i\u00e7in de ge\u00e7erli oldu\u011funu vurgulamak isteriz. \u00d6z\u00fc ve niteli\u011fi gere\u011fi, \u2018\u00f6\u011fretici merkezli\u2019 de\u011fil, bunun yerine \u2018\u00f6\u011frenici odakl\u0131\u2019 bir e\u011fitim t\u00fcr\u00fc olan yabanc\u0131 dil e\u011fitimi i\u00e7in ve bunun \u00fczerine kendini geli\u015ftirmek isteyen herkes i\u00e7in bu kitap, vazge\u00e7ilmez bir ba\u015fucu k\u0131lavuzu olacakt\u0131r.<\/p>\n","protected":false},"excerpt":{"rendered":"<p>\u201cE\u011fitim g\u00f6rm\u00fc\u015f bir ki\u015fi \u00f6\u011frenmeyi \u00f6\u011frenmi\u015f oland\u0131r.\u201d Carl Rogers Bug\u00fcn \u2018\u00c7a\u011fda\u015f E\u011fitim\u2019 denilince, \u2018\u00d6\u011frenmeyi \u00d6\u011fretme\u2019 ve \u2018\u00d6\u011frenmeyi \u00d6\u011frenme\u2019 kavramlar\u0131 al\u0131\u015f\u0131lagelmi\u015f birer kli\u015fe h\u00e2linde s\u0131k s\u0131k kullan\u0131lmaktad\u0131r.<span class=\"excerpt-hellip\"> [\u2026]<\/span><\/p>\n","protected":false},"featured_media":0,"template":"","meta":{"_monsterinsights_skip_tracking":false,"_monsterinsights_sitenote_active":false,"_monsterinsights_sitenote_note":"","_monsterinsights_sitenote_category":0},"product_brand":[],"product_cat":[14597,12566],"product_tag":[],"class_list":{"0":"post-743353","1":"product","2":"type-product","3":"status-publish","5":"product_cat-dil-ogrenimi","6":"product_cat-egitim","7":"pa_cilt-ciltsiz","8":"pa_tur-kitap","9":"pa_yayinevi-inkilap-kitabevi","10":"pa_yazar-sinan-bayraktaroglu","12":"first","13":"instock","14":"sale","15":"shipping-taxable","16":"purchasable","17":"product-type-simple"},"_links":{"self":[{"href":"https:\/\/roveyayinevi.com.tr\/index.php\/wp-json\/wp\/v2\/product\/743353","targetHints":{"allow":["GET"]}}],"collection":[{"href":"https:\/\/roveyayinevi.com.tr\/index.php\/wp-json\/wp\/v2\/product"}],"about":[{"href":"https:\/\/roveyayinevi.com.tr\/index.php\/wp-json\/wp\/v2\/types\/product"}],"wp:attachment":[{"href":"https:\/\/roveyayinevi.com.tr\/index.php\/wp-json\/wp\/v2\/media?parent=743353"}],"wp:term":[{"taxonomy":"product_brand","embeddable":true,"href":"https:\/\/roveyayinevi.com.tr\/index.php\/wp-json\/wp\/v2\/product_brand?post=743353"},{"taxonomy":"product_cat","embeddable":true,"href":"https:\/\/roveyayinevi.com.tr\/index.php\/wp-json\/wp\/v2\/product_cat?post=743353"},{"taxonomy":"product_tag","embeddable":true,"href":"https:\/\/roveyayinevi.com.tr\/index.php\/wp-json\/wp\/v2\/product_tag?post=743353"}],"curies":[{"name":"wp","href":"https:\/\/api.w.org\/{rel}","templated":true}]}}