{"id":743349,"date":"2025-08-28T01:32:50","date_gmt":"2025-08-27T22:32:50","guid":{"rendered":"https:\/\/roveyayinevi.com.tr\/index.php\/urun\/gurcu-basininda-turkiye-1866-1939\/"},"modified":"2026-04-16T02:54:42","modified_gmt":"2026-04-15T23:54:42","slug":"gurcu-basininda-turkiye-1866-1939","status":"publish","type":"product","link":"https:\/\/roveyayinevi.com.tr\/index.php\/urun\/gurcu-basininda-turkiye-1866-1939\/","title":{"rendered":"G\u00fcrc\u00fc Bas\u0131n\u0131nda T\u00fcrkiye (1866-1939)"},"content":{"rendered":"<p>Bu eserde 1866-1939 y\u0131llar\u0131nda G\u00fcrc\u00fc bas\u0131n\u0131nda \u00e7\u0131kan T\u00fcrk-G\u00fcrc\u00fc ili\u015fkileri ve T\u00fcrkiye a\u011f\u0131rl\u0131kl\u0131 haberlere yer verilmi\u015ftir. Kitapta bulunan konular aras\u0131nda 1828-1829 Osmanl\u0131-Rus Sava\u015f\u0131&#8217;nda ve Birinci D\u00fcnya Sava\u015f\u0131&#8217;nda Kafkas Cephesi&#8217;nde yer alan geli\u015fmeler, TBMM h\u00fckumeti ile G\u00fcrcistan Demokratik Cumhuriyeti h\u00fckumeti aras\u0131ndaki diplomatik ili\u015fkiler, T\u00fcrk-Yunan sava\u015flar\u0131, T\u00fcrk-\u0130ngiliz ili\u015fkileri gibi meseleler tetkik edilmi\u015ftir.     Bizi bu t\u00fcr \u00e7al\u0131\u015fmaya sevk eden sebep, G\u00fcrc\u00fc gazete ve dergilerde yer alan haberlerin \u00e7o\u011funun T\u00fcrk okuru taraf\u0131ndan bilinmemesidir. Elinizdeki bu kitapla T\u00fcrkiye&#8217;nin yak\u0131n tarihine G\u00fcrc\u00fc kaynaklar\u0131 g\u00f6z\u00fcyle bir \u0131\u015f\u0131k tutmak en b\u00fcy\u00fck dile\u011fimizdir. <\/p>\n","protected":false},"excerpt":{"rendered":"<p>Bu eserde 1866-1939 y\u0131llar\u0131nda G\u00fcrc\u00fc bas\u0131n\u0131nda \u00e7\u0131kan T\u00fcrk-G\u00fcrc\u00fc ili\u015fkileri ve T\u00fcrkiye a\u011f\u0131rl\u0131kl\u0131 haberlere yer verilmi\u015ftir. Kitapta bulunan konular aras\u0131nda 1828-1829 Osmanl\u0131-Rus Sava\u015f\u0131&#8217;nda ve Birinci D\u00fcnya Sava\u015f\u0131&#8217;nda<span class=\"excerpt-hellip\"> [\u2026]<\/span><\/p>\n","protected":false},"featured_media":0,"template":"","meta":{"_monsterinsights_skip_tracking":false,"_monsterinsights_sitenote_active":false,"_monsterinsights_sitenote_note":"","_monsterinsights_sitenote_category":0},"product_brand":[],"product_cat":[12304,14128],"product_tag":[],"class_list":{"0":"post-743349","1":"product","2":"type-product","3":"status-publish","5":"product_cat-tarih","6":"product_cat-yakin-tarih","7":"pa_cilt-ciltsiz","8":"pa_tur-kitap","9":"pa_yayinevi-bilge-kultur-sanat","10":"pa_yazar-roin-kavrelisvili","12":"first","13":"instock","14":"sale","15":"shipping-taxable","16":"purchasable","17":"product-type-simple"},"_links":{"self":[{"href":"https:\/\/roveyayinevi.com.tr\/index.php\/wp-json\/wp\/v2\/product\/743349","targetHints":{"allow":["GET"]}}],"collection":[{"href":"https:\/\/roveyayinevi.com.tr\/index.php\/wp-json\/wp\/v2\/product"}],"about":[{"href":"https:\/\/roveyayinevi.com.tr\/index.php\/wp-json\/wp\/v2\/types\/product"}],"wp:attachment":[{"href":"https:\/\/roveyayinevi.com.tr\/index.php\/wp-json\/wp\/v2\/media?parent=743349"}],"wp:term":[{"taxonomy":"product_brand","embeddable":true,"href":"https:\/\/roveyayinevi.com.tr\/index.php\/wp-json\/wp\/v2\/product_brand?post=743349"},{"taxonomy":"product_cat","embeddable":true,"href":"https:\/\/roveyayinevi.com.tr\/index.php\/wp-json\/wp\/v2\/product_cat?post=743349"},{"taxonomy":"product_tag","embeddable":true,"href":"https:\/\/roveyayinevi.com.tr\/index.php\/wp-json\/wp\/v2\/product_tag?post=743349"}],"curies":[{"name":"wp","href":"https:\/\/api.w.org\/{rel}","templated":true}]}}