{"id":743348,"date":"2025-08-28T01:32:48","date_gmt":"2025-08-27T22:32:48","guid":{"rendered":"https:\/\/roveyayinevi.com.tr\/index.php\/urun\/bahar-cicekleri\/"},"modified":"2026-03-12T03:03:25","modified_gmt":"2026-03-12T00:03:25","slug":"bahar-cicekleri","status":"publish","type":"product","link":"https:\/\/roveyayinevi.com.tr\/index.php\/urun\/bahar-cicekleri\/","title":{"rendered":"Bahar \u00c7i\u00e7ekleri"},"content":{"rendered":"<p>Andel\u00eeb klasik T\u00fcrk \u015fiirine ba\u011fl\u0131 eserler veren bir \u015fairdir. Yay\u0131na haz\u0131rlad\u0131\u011f\u0131m\u0131z Bahar \u00c7i\u00e7ekleri ve Bir Demet \u00c7i\u00e7ek eski edebiyata ba\u011fl\u0131 \u015fiirleri i\u00e7erir. Bu \u015fiirler t\u00fcm\u00fcyle klasik divanlarda bulunan s\u0131rayla de\u011fil, \u015fairin se\u00e7kisini yapt\u0131\u011f\u0131 s\u0131rayla d\u00fczenlenmi\u015f, ger\u00e7ek hayat\u0131 ve dostlar\u0131n\u0131 anlatan \u015fiirlerdir. Onun \u015fiirlerinde klasik T\u00fcrk \u015fiirinin \u00f6nemli \u015fairleri Nedim ve Muallim Naci yan\u0131nda T\u00fcrk edebiyat\u0131nda roman t\u00fcr\u00fcn\u00fcn ilk \u00f6rneklerini veren Giritli Ali Aziz Efendi ve romanc\u0131 Mustafa Re\u015fit de vard\u0131r. Bu y\u00f6n\u00fcyle onun \u015fiirleri dikkate de\u011ferdir. O y\u00fczden bu eseri haz\u0131rlamay\u0131 uygun g\u00f6rd\u00fck. Ara Nesil d\u00f6nemi yay\u0131nlanm\u0131\u015f edebi \u00fcr\u00fcnleri say\u0131ca azd\u0131r. Yay\u0131nevimiz bu d\u00f6neme \u0131\u015f\u0131k tutacak \u00fcr\u00fcnlerin bas\u0131m\u0131na \u00f6zen g\u00f6stermektedir. Andel\u00eep F\u00e2ik Es\u2019ad&#8217;\u0131n \u015fiirlerini bu m\u00fclahaza ile yay\u0131nl\u0131yoruz <\/p>\n","protected":false},"excerpt":{"rendered":"<p>Andel\u00eeb klasik T\u00fcrk \u015fiirine ba\u011fl\u0131 eserler veren bir \u015fairdir. Yay\u0131na haz\u0131rlad\u0131\u011f\u0131m\u0131z Bahar \u00c7i\u00e7ekleri ve Bir Demet \u00c7i\u00e7ek eski edebiyata ba\u011fl\u0131 \u015fiirleri i\u00e7erir. Bu \u015fiirler t\u00fcm\u00fcyle klasik<span class=\"excerpt-hellip\"> [\u2026]<\/span><\/p>\n","protected":false},"featured_media":0,"template":"","meta":{"_monsterinsights_skip_tracking":false,"_monsterinsights_sitenote_active":false,"_monsterinsights_sitenote_note":"","_monsterinsights_sitenote_category":0},"product_brand":[],"product_cat":[12291,12509],"product_tag":[],"class_list":{"0":"post-743348","1":"product","2":"type-product","3":"status-publish","5":"product_cat-edebiyat","6":"product_cat-siir","7":"pa_cilt-ciltsiz","8":"pa_tur-kitap","9":"pa_yayinevi-kirmizi-cati-yayinlari","10":"pa_yazar-andelib-faik-esad","12":"first","13":"instock","14":"sale","15":"shipping-taxable","16":"purchasable","17":"product-type-simple"},"_links":{"self":[{"href":"https:\/\/roveyayinevi.com.tr\/index.php\/wp-json\/wp\/v2\/product\/743348","targetHints":{"allow":["GET"]}}],"collection":[{"href":"https:\/\/roveyayinevi.com.tr\/index.php\/wp-json\/wp\/v2\/product"}],"about":[{"href":"https:\/\/roveyayinevi.com.tr\/index.php\/wp-json\/wp\/v2\/types\/product"}],"wp:attachment":[{"href":"https:\/\/roveyayinevi.com.tr\/index.php\/wp-json\/wp\/v2\/media?parent=743348"}],"wp:term":[{"taxonomy":"product_brand","embeddable":true,"href":"https:\/\/roveyayinevi.com.tr\/index.php\/wp-json\/wp\/v2\/product_brand?post=743348"},{"taxonomy":"product_cat","embeddable":true,"href":"https:\/\/roveyayinevi.com.tr\/index.php\/wp-json\/wp\/v2\/product_cat?post=743348"},{"taxonomy":"product_tag","embeddable":true,"href":"https:\/\/roveyayinevi.com.tr\/index.php\/wp-json\/wp\/v2\/product_tag?post=743348"}],"curies":[{"name":"wp","href":"https:\/\/api.w.org\/{rel}","templated":true}]}}