{"id":743347,"date":"2025-08-28T01:32:48","date_gmt":"2025-08-27T22:32:48","guid":{"rendered":"https:\/\/roveyayinevi.com.tr\/index.php\/urun\/deneyimsel-oyun-terapisi-ile-cocuklara-ulasmak\/"},"modified":"2026-04-16T02:54:42","modified_gmt":"2026-04-15T23:54:42","slug":"deneyimsel-oyun-terapisi-ile-cocuklara-ulasmak","status":"publish","type":"product","link":"https:\/\/roveyayinevi.com.tr\/index.php\/urun\/deneyimsel-oyun-terapisi-ile-cocuklara-ulasmak\/","title":{"rendered":"Deneyimsel Oyun Terapisi ile \u00c7ocuklara Ula\u015fmak"},"content":{"rendered":"<p>Deneyimsel Oyun Terapisi, \u00e7ocu\u011fun kendi iyile\u015fmesini en iyi kendisinin bildi\u011fine g\u00fcvenen bir oyun terapisi modelidir. \u00c7ocuk, ya\u015fam\u0131ndaki a\u00e7maz ve ikilemlere dair alg\u0131s\u0131 hakk\u0131nda en do\u011fru bilgiye sahip ki\u015fidir, dolay\u0131s\u0131yla oyunun y\u00f6netimi de elinde olmal\u0131d\u0131r. Bu s\u00fcre\u00e7 i\u00e7inde oyuncaklardan, d\u00fc\u015f g\u00fcc\u00fcnden ve simgesellikten yararlanarak deneyimlerini canland\u0131r\u0131r ve Deneyimsel Oyun Terapisinin sa\u011flad\u0131\u011f\u0131 ortam sayesinde bu deneyimler ya\u015fan\u0131rken yitirdi\u011fi g\u00fcc\u00fc yeniden kazan\u0131r. Oyunda hem \u00e7ocuk hem terapist hareketlidir, deneyimin yaratt\u0131\u011f\u0131 stresi bo\u015faltmak ve \u00e7ocu\u011fun iyile\u015fme s\u00fcrecinde g\u00fcc\u00fc kazanmas\u0131n\u0131 sa\u011flamak i\u00e7in s\u00fcrekli hareketten yararlan\u0131rlar. Terapist \u00e7ocu\u011fun \u00e7abalar\u0131nda onun orta\u011f\u0131, e\u015flik\u00e7isidir; \u00e7ocuk ona nas\u0131l bir rol bi\u00e7erse onu y\u00fcklenir ve b\u00f6ylece \u00e7ocu\u011fu \u00e7\u0131kt\u0131\u011f\u0131 bu iyile\u015fme yolculu\u011funda destekleyip g\u00fc\u00e7lendirir.   Deneyimsel Oyun Terapisi ile \u00c7ocuklara Ula\u015fmak, Norton\u2019lar\u0131n yaratt\u0131\u011f\u0131 bu modelin el kitab\u0131d\u0131r. Model kapsam\u0131ndaki a\u015famalar\u0131 ayr\u0131nt\u0131l\u0131 bilgiler ve zengin vaka yorumlar\u0131 ile a\u00e7\u0131klaman\u0131n yan\u0131 s\u0131ra t\u00fcm terapistlere s\u0131k s\u0131k yararlanabilecekleri bir tan\u0131 rehberi ve metaforik oyun yaratma k\u0131lavuzu da sunmaktad\u0131r.         \u201cBu kitap deneyimsel oyun terapisini ayr\u0131nt\u0131l\u0131 bi\u00e7imde a\u00e7\u0131klayan e\u015fsiz bir kaynak. Ayn\u0131 zamanda da de\u011ferlendirme ve tan\u0131 koyma s\u00fcre\u00e7lerinin pek \u00e7ok farkl\u0131 y\u00f6n\u00fcn\u00fc ele al\u0131p istismar, ayr\u0131lma kayg\u0131s\u0131, travmatik stres gibi \u00f6zg\u00fcl \u00e7ocukluk \u00e7a\u011f\u0131 sorunlar\u0131n\u0131n nas\u0131l tedavi edilece\u011fine dair el kitab\u0131 niteli\u011fi kazan\u0131yor. Klinisyenler bu kitap sayesinde oyuncaklar\u0131n simgesel anlamlar\u0131na dair terap\u00f6tik bir kavray\u0131\u015f da geli\u015ftirecek ve \u2018\u00e7ocu\u011fun dilini konu\u015fmay\u0131\u2019 ba\u015faracaklar.\u201d   \u2014Prof. Dr. Karin B. Jordan, George Fox \u00dcniversitesi Psikolojik Dan\u0131\u015fmanl\u0131k B\u00f6l\u00fcm Ba\u015fkan\u0131   \u201cYazarlar oyun terapisinde bir kilometre ta\u015f\u0131 yaratm\u0131\u015flar. \u00c7ocuklara ve onlar\u0131n simgesel diline y\u00f6nelik bu kadar a\u00e7\u0131k bir anlay\u0131\u015f ve kavray\u0131\u015f sunan kuramc\u0131larla daha \u00f6nce hi\u00e7 kar\u015f\u0131la\u015fmad\u0131m. Yazarlar\u0131n ortaya koydu\u011fu model oyun terapisindeki ilk s\u00fcre\u00e7 modeli, ayr\u0131ca \u00e7ocuklara yard\u0131mc\u0131 olmaya \u00e7al\u0131\u015fan bizler i\u00e7in muazzam pratik de\u011fer ta\u015f\u0131yor.\u201d   \u2014Dr. Rick Gaskill, E\u011fitimci ve Oyun Terapisti\/Terapi S\u00fcperviz\u00f6r\u00fc   \u201cBu kitap \u00e7ocuklar\u0131n kalp ve g\u00f6zlerine rehber niteli\u011fi ta\u015f\u0131yor. Yaln\u0131zca bilgilendirmeyi de\u011fil, esinlemeyi de vaat ediyor. Zengin vaka \u00f6rnekleri ve kapsaml\u0131 anlat\u0131ma sahip bu kitab\u0131 t\u00fcm \u00e7ocuk terapistlerine standart metin olarak, \u00e7ocuklar\u0131n bak\u0131m\u0131 ve yeti\u015ftirilmesi ile me\u015fgul olan di\u011fer ki\u015filere de bir kaynak kitap olarak \u00f6neririm.\u201d   \u2014Dr. Scott Malon, Psikolog ve Oyun Terapisti\/Terapi S\u00fcperviz\u00f6r\u00fc <\/p>\n","protected":false},"excerpt":{"rendered":"<p>Deneyimsel Oyun Terapisi, \u00e7ocu\u011fun kendi iyile\u015fmesini en iyi kendisinin bildi\u011fine g\u00fcvenen bir oyun terapisi modelidir. \u00c7ocuk, ya\u015fam\u0131ndaki a\u00e7maz ve ikilemlere dair alg\u0131s\u0131 hakk\u0131nda en do\u011fru bilgiye<span class=\"excerpt-hellip\"> [\u2026]<\/span><\/p>\n","protected":false},"featured_media":0,"template":"","meta":{"_monsterinsights_skip_tracking":false,"_monsterinsights_sitenote_active":false,"_monsterinsights_sitenote_note":"","_monsterinsights_sitenote_category":0},"product_brand":[],"product_cat":[12679,12357],"product_tag":[],"class_list":{"0":"post-743347","1":"product","2":"type-product","3":"status-publish","5":"product_cat-cocuk-psikolojisi","6":"product_cat-psikoloji","7":"pa_cilt-ciltsiz","8":"pa_tur-kitap","9":"pa_yayinevi-gorunmez-adam-yayincilik","10":"pa_yazar-carol-crowell-norton-byron-e-norton","12":"first","13":"instock","14":"sale","15":"shipping-taxable","16":"purchasable","17":"product-type-simple"},"_links":{"self":[{"href":"https:\/\/roveyayinevi.com.tr\/index.php\/wp-json\/wp\/v2\/product\/743347","targetHints":{"allow":["GET"]}}],"collection":[{"href":"https:\/\/roveyayinevi.com.tr\/index.php\/wp-json\/wp\/v2\/product"}],"about":[{"href":"https:\/\/roveyayinevi.com.tr\/index.php\/wp-json\/wp\/v2\/types\/product"}],"wp:attachment":[{"href":"https:\/\/roveyayinevi.com.tr\/index.php\/wp-json\/wp\/v2\/media?parent=743347"}],"wp:term":[{"taxonomy":"product_brand","embeddable":true,"href":"https:\/\/roveyayinevi.com.tr\/index.php\/wp-json\/wp\/v2\/product_brand?post=743347"},{"taxonomy":"product_cat","embeddable":true,"href":"https:\/\/roveyayinevi.com.tr\/index.php\/wp-json\/wp\/v2\/product_cat?post=743347"},{"taxonomy":"product_tag","embeddable":true,"href":"https:\/\/roveyayinevi.com.tr\/index.php\/wp-json\/wp\/v2\/product_tag?post=743347"}],"curies":[{"name":"wp","href":"https:\/\/api.w.org\/{rel}","templated":true}]}}