{"id":743345,"date":"2025-08-28T01:32:45","date_gmt":"2025-08-27T22:32:45","guid":{"rendered":"https:\/\/roveyayinevi.com.tr\/index.php\/urun\/kadinin-uyanisi\/"},"modified":"2026-04-11T03:02:33","modified_gmt":"2026-04-11T00:02:33","slug":"kadinin-uyanisi","status":"publish","type":"product","link":"https:\/\/roveyayinevi.com.tr\/index.php\/urun\/kadinin-uyanisi\/","title":{"rendered":"Kad\u0131n\u0131n Uyan\u0131\u015f\u0131"},"content":{"rendered":"<p>Toplumsal bask\u0131lar alt\u0131nda ger\u00e7ek kimliklerini bulamayan, ba\u015fkalar\u0131n\u0131n istedi\u011fi gibi olmaya zorlanan kad\u0131nlar\u0131n kafas\u0131ndaki sorular bitip t\u00fckenmez; \u0130nsanlar ne der? Onaylanmaz, kabul g\u00f6rmezsem nas\u0131l ya\u015far\u0131m? Ekonomik olarak nas\u0131l ayakta kal\u0131r\u0131m? \u00c7ocuklar\u0131m nas\u0131l g\u00fcvende olur? Duygusal veya fiziksel zarar g\u00f6r\u00fcr m\u00fcy\u00fcm? Kad\u0131nlar \u00f6zg\u00fcr olmaya can atsalar da bunlara benzer pek \u00e7ok sorunun k\u0131skac\u0131nda, korku ve de\u011fersizlik duygular\u0131n\u0131n alt\u0131nda ezilerek kapana k\u0131s\u0131lm\u0131\u015f, kafese kapat\u0131lm\u0131\u015f gibi hissederler. Fark\u0131ndal\u0131k psikolojisinin \u00f6nde gelen isimlerinden Dr. Shefali Tsabary kad\u0131nlar\u0131 o kafesten \u00e7\u0131k\u0131p yeni bir d\u00fcnyaya, yeni bir ya\u015fama davet ediyor. \u00d6zg\u00fcrle\u015fmeye ve kendileri olmaya giden yolu g\u00f6steriyor. \u00d6te yandan, kad\u0131n\u0131n uyan\u0131\u015f\u0131 erke\u011fe bir tehdit de\u011fildir. \u00c7\u00fcnk\u00fc kad\u0131n uyand\u0131\u011f\u0131nda erke\u011fin ya\u015fam\u0131 da daha iyi olacakt\u0131r; e\u015fit ve \u00f6zg\u00fcr bir cinsle, d\u00fcnyan\u0131n di\u011fer yar\u0131s\u0131yla de\u011fi\u015fen ili\u015fki erke\u011fi de \u00f6zg\u00fcrle\u015ftirecektir! Son s\u00f6z yine Shefali\u2019nin: \u201cBu kitap sizin uyan\u0131\u015f\u0131n\u0131z hakk\u0131ndad\u0131r. Sahici olan size, i\u00e7inizdeki yeniden do\u011fmay\u0131 bekleyen \u00f6ze bir \u00f6vg\u00fc ve sayg\u0131d\u0131r. O zaman hadi ba\u015flayal\u0131m k\u0131z karde\u015fim. Yapabiliriz. Okyanusa birlikte girelim. Kar\u015f\u0131 tarafta yeni bir ufuk var. Ad\u0131 da \u00f6zg\u00fcrl\u00fck.\u201d<\/p>\n","protected":false},"excerpt":{"rendered":"<p>Toplumsal bask\u0131lar alt\u0131nda ger\u00e7ek kimliklerini bulamayan, ba\u015fkalar\u0131n\u0131n istedi\u011fi gibi olmaya zorlanan kad\u0131nlar\u0131n kafas\u0131ndaki sorular bitip t\u00fckenmez; \u0130nsanlar ne der? Onaylanmaz, kabul g\u00f6rmezsem nas\u0131l ya\u015far\u0131m? Ekonomik olarak<span class=\"excerpt-hellip\"> [\u2026]<\/span><\/p>\n","protected":false},"featured_media":0,"template":"","meta":{"_monsterinsights_skip_tracking":false,"_monsterinsights_sitenote_active":false,"_monsterinsights_sitenote_note":"","_monsterinsights_sitenote_category":0},"product_brand":[],"product_cat":[12364,12376],"product_tag":[],"class_list":{"0":"post-743345","1":"product","2":"type-product","3":"status-publish","5":"product_cat-genel-konular","6":"product_cat-kisisel-gelisim","7":"pa_cilt-ciltsiz","8":"pa_tur-kitap","9":"pa_yayinevi-kuraldisi-yayinevi","10":"pa_yazar-shefali-tsabary","12":"first","13":"instock","14":"sale","15":"shipping-taxable","16":"purchasable","17":"product-type-simple"},"_links":{"self":[{"href":"https:\/\/roveyayinevi.com.tr\/index.php\/wp-json\/wp\/v2\/product\/743345","targetHints":{"allow":["GET"]}}],"collection":[{"href":"https:\/\/roveyayinevi.com.tr\/index.php\/wp-json\/wp\/v2\/product"}],"about":[{"href":"https:\/\/roveyayinevi.com.tr\/index.php\/wp-json\/wp\/v2\/types\/product"}],"wp:attachment":[{"href":"https:\/\/roveyayinevi.com.tr\/index.php\/wp-json\/wp\/v2\/media?parent=743345"}],"wp:term":[{"taxonomy":"product_brand","embeddable":true,"href":"https:\/\/roveyayinevi.com.tr\/index.php\/wp-json\/wp\/v2\/product_brand?post=743345"},{"taxonomy":"product_cat","embeddable":true,"href":"https:\/\/roveyayinevi.com.tr\/index.php\/wp-json\/wp\/v2\/product_cat?post=743345"},{"taxonomy":"product_tag","embeddable":true,"href":"https:\/\/roveyayinevi.com.tr\/index.php\/wp-json\/wp\/v2\/product_tag?post=743345"}],"curies":[{"name":"wp","href":"https:\/\/api.w.org\/{rel}","templated":true}]}}