{"id":743344,"date":"2025-08-28T01:32:44","date_gmt":"2025-08-27T22:32:44","guid":{"rendered":"https:\/\/roveyayinevi.com.tr\/index.php\/urun\/kelebek-etkisi\/"},"modified":"2026-04-16T02:54:42","modified_gmt":"2026-04-15T23:54:42","slug":"kelebek-etkisi","status":"publish","type":"product","link":"https:\/\/roveyayinevi.com.tr\/index.php\/urun\/kelebek-etkisi\/","title":{"rendered":"Kelebek Etkisi"},"content":{"rendered":"<p>B\u00f6ceklerin varl\u0131\u011f\u0131, tiksinti duygusu ile t\u00fcylerimizi diken diken edebilir ancak g\u00fcnl\u00fck hayatta g\u00f6zden ka\u00e7\u0131rd\u0131\u011f\u0131m\u0131z bir\u00e7ok \u015feyden de onlar sorumludur. Parlak bir elmay\u0131 \u0131s\u0131rd\u0131\u011f\u0131m\u0131zda, bir keman\u0131n yank\u0131lanan notalar\u0131n\u0131 dinledi\u011fimizde, giyindi\u011fimizde, di\u015f implant\u0131 ya da manik\u00fcr yapt\u0131rd\u0131\u011f\u0131m\u0131zda esas\u0131nda b\u00fcy\u00fck bir b\u00f6cek ordusunun meziyetlerinden yararlan\u0131yoruz. B\u00f6ceklerin \u00fcretti\u011fi ham maddeleri \u00fcretmek i\u00e7in ne kadar \u00e7abalarsak \u00e7abalayal\u0131m (\u00f6rne\u011fin; ipek, \u015fellak, k\u0131rm\u0131z) \u00fcretti\u011fimiz bu yapay maddeler en iyi ihtimalle ortalaman\u0131n \u00e7ok alt\u0131nda, en k\u00f6t\u00fc ihtimalle ise toksik oldu\u011fu kan\u0131tlanm\u0131\u015ft\u0131r. Bu ara\u015ft\u0131rmalar ortaya koyuyor ki yak\u0131n gelecekte b\u00f6cek d\u00fcnyas\u0131 ile kar\u015f\u0131l\u0131kl\u0131 ba\u011f\u0131ml\u0131l\u0131\u011f\u0131m\u0131z bir zorunluluk olarak varl\u0131\u011f\u0131n\u0131 s\u00fcrd\u00fcrecektir. Edward D. Melillo, insanlarla b\u00f6cekler aras\u0131ndaki ayr\u0131lmaz ve b\u00fcy\u00fcleyici ba\u011flar\u0131 g\u00f6steren canl\u0131 bir d\u00fcnya tarihini ortaya koyuyor. \u00c7a\u011flar boyunca, yaln\u0131zca bu canl\u0131larla bir arada ya\u015famakla kalmad\u0131k ayn\u0131 zamanda modern t\u0131p, biliminin \u00f6nemli ke\u015fifleri ve d\u00fcnyan\u0131n g\u0131da arz\u0131n\u0131n gelece\u011fi i\u00e7in onlara g\u00fcvendik. B\u00f6cekler olmasayd\u0131, k\u00fcresel end\u00fcstrinin t\u00fcm sekt\u00f6rleri durma noktas\u0131na gelir ve modern ya\u015fam\u0131n temel \u00f6zellikleri ortadan kalkard\u0131. Bu kitap, canl\u0131lar\u0131n varolu\u015fumuzun \u00e7er\u00e7evesini nas\u0131l de\u011fi\u015ftirdi\u011fi ve \u015fekillendirmeye devam etti\u011fi konusunda aldat\u0131c\u0131 bir de\u011ferlendirme sunmaktad\u0131r.<\/p>\n","protected":false},"excerpt":{"rendered":"<p>B\u00f6ceklerin varl\u0131\u011f\u0131, tiksinti duygusu ile t\u00fcylerimizi diken diken edebilir ancak g\u00fcnl\u00fck hayatta g\u00f6zden ka\u00e7\u0131rd\u0131\u011f\u0131m\u0131z bir\u00e7ok \u015feyden de onlar sorumludur. Parlak bir elmay\u0131 \u0131s\u0131rd\u0131\u011f\u0131m\u0131zda, bir keman\u0131n yank\u0131lanan<span class=\"excerpt-hellip\"> [\u2026]<\/span><\/p>\n","protected":false},"featured_media":0,"template":"","meta":{"_monsterinsights_skip_tracking":false,"_monsterinsights_sitenote_active":false,"_monsterinsights_sitenote_note":"","_monsterinsights_sitenote_category":0},"product_brand":[],"product_cat":[13633,12324],"product_tag":[],"class_list":{"0":"post-743344","1":"product","2":"type-product","3":"status-publish","5":"product_cat-kultur-ve-bilim","6":"product_cat-sosyoloji","7":"pa_cilt-ciltsiz","8":"pa_tur-kitap","9":"pa_yayinevi-orenda","10":"pa_yazar-edward-d-melillo","12":"first","13":"instock","14":"sale","15":"shipping-taxable","16":"purchasable","17":"product-type-simple"},"_links":{"self":[{"href":"https:\/\/roveyayinevi.com.tr\/index.php\/wp-json\/wp\/v2\/product\/743344","targetHints":{"allow":["GET"]}}],"collection":[{"href":"https:\/\/roveyayinevi.com.tr\/index.php\/wp-json\/wp\/v2\/product"}],"about":[{"href":"https:\/\/roveyayinevi.com.tr\/index.php\/wp-json\/wp\/v2\/types\/product"}],"wp:attachment":[{"href":"https:\/\/roveyayinevi.com.tr\/index.php\/wp-json\/wp\/v2\/media?parent=743344"}],"wp:term":[{"taxonomy":"product_brand","embeddable":true,"href":"https:\/\/roveyayinevi.com.tr\/index.php\/wp-json\/wp\/v2\/product_brand?post=743344"},{"taxonomy":"product_cat","embeddable":true,"href":"https:\/\/roveyayinevi.com.tr\/index.php\/wp-json\/wp\/v2\/product_cat?post=743344"},{"taxonomy":"product_tag","embeddable":true,"href":"https:\/\/roveyayinevi.com.tr\/index.php\/wp-json\/wp\/v2\/product_tag?post=743344"}],"curies":[{"name":"wp","href":"https:\/\/api.w.org\/{rel}","templated":true}]}}