{"id":743342,"date":"2025-08-28T01:32:43","date_gmt":"2025-08-27T22:32:43","guid":{"rendered":"https:\/\/roveyayinevi.com.tr\/index.php\/urun\/bos-gezegen\/"},"modified":"2026-04-16T02:54:42","modified_gmt":"2026-04-15T23:54:42","slug":"bos-gezegen","status":"publish","type":"product","link":"https:\/\/roveyayinevi.com.tr\/index.php\/urun\/bos-gezegen\/","title":{"rendered":"Bo\u015f Gezegen"},"content":{"rendered":"<p>Yar\u0131m y\u00fczy\u0131l boyunca istatistik\u00e7iler, \u00e2limler ve siyaset\u00e7iler her g\u00fcn biraz daha artan k\u00fcresel n\u00fcfusun, sonunda d\u00fcnya kaynaklar\u0131n\u0131 t\u00fcketece\u011fi uyar\u0131s\u0131nda bulunmu\u015flard\u0131. Uzmanlar\u0131n iddialar\u0131na g\u00f6re k\u00fcresel n\u00fcfus, artmak \u015f\u00f6yle dursun ani bir d\u00fc\u015f\u00fc\u015fe do\u011fru d\u00f6rt nala ko\u015fmaktad\u0131r. Bu d\u00fc\u015f\u00fc\u015f, bir\u00e7ok \u00fclkede daha \u015fimdiden ba\u015flam\u0131\u015f durumdad\u0131r. John Ibbitson ile Darrel Bricker Bo\u015f Gezegen isimli eserlerinde azalm\u0131\u015f k\u00fcresel n\u00fcfusun bir\u00e7ok fayday\u0131 da beraberinde getirece\u011fini s\u00f6ylemektedirler: Daha az say\u0131da \u00e7al\u0131\u015fan daha y\u00fcksek maa\u015f talebinde bulunabilecek, \u00e7evre sorunlar\u0131 d\u00fczelecek, a\u00e7l\u0131k riski bile ortadan kalkacak, ayr\u0131ca geli\u015fmekte olan \u00fclkelerdeki d\u00fc\u015fen do\u011fum oranlar\u0131 kad\u0131nlar i\u00e7in daha fazla g\u00fc\u00e7 ve otonomi manas\u0131na gelecek. Ama ufukta muazzam kar\u0131\u015f\u0131kl\u0131klar da g\u00f6r\u00fcnm\u00fcyor de\u011fil. Bunun etkilerini Avrupa\u2019da ve Asya\u2019n\u0131n bir k\u0131sm\u0131nda -ya\u015flanan n\u00fcfus yap\u0131lar\u0131 ve i\u015f g\u00fcc\u00fc azal\u0131\u015flar\u0131 ekonomiyi zay\u0131f d\u00fc\u015f\u00fcr\u00fcr ve kamu sa\u011fl\u0131\u011f\u0131 ile sosyal g\u00fcvenlik \u00fczerinde y\u0131k\u0131c\u0131 talepler do\u011furur- h\u00e2len g\u00f6rmekte oldu\u011fumuzu da s\u00f6yleyebiliriz. \u00d6zenle ara\u015ft\u0131r\u0131larak ortaya konmu\u015f ve sayg\u0131 uyand\u0131ran bir eser diyece\u011fimiz Bo\u015f Gezegen, \u00f6nleyemeyece\u011fimiz ama istedi\u011fimiz takdirde \u015fekil verebilece\u011fimiz bir gelecek vizyonu ortaya koymaktad\u0131r. <\/p>\n","protected":false},"excerpt":{"rendered":"<p>Yar\u0131m y\u00fczy\u0131l boyunca istatistik\u00e7iler, \u00e2limler ve siyaset\u00e7iler her g\u00fcn biraz daha artan k\u00fcresel n\u00fcfusun, sonunda d\u00fcnya kaynaklar\u0131n\u0131 t\u00fcketece\u011fi uyar\u0131s\u0131nda bulunmu\u015flard\u0131. Uzmanlar\u0131n iddialar\u0131na g\u00f6re k\u00fcresel n\u00fcfus, artmak<span class=\"excerpt-hellip\"> [\u2026]<\/span><\/p>\n","protected":false},"featured_media":0,"template":"","meta":{"_monsterinsights_skip_tracking":false,"_monsterinsights_sitenote_active":false,"_monsterinsights_sitenote_note":"","_monsterinsights_sitenote_category":0},"product_brand":[],"product_cat":[13633,12324],"product_tag":[],"class_list":{"0":"post-743342","1":"product","2":"type-product","3":"status-publish","5":"product_cat-kultur-ve-bilim","6":"product_cat-sosyoloji","7":"pa_cilt-ciltsiz","8":"pa_tur-kitap","9":"pa_yayinevi-orenda","10":"pa_yazar-darrell-bricker-john-ibbitson","12":"first","13":"instock","14":"sale","15":"shipping-taxable","16":"purchasable","17":"product-type-simple"},"_links":{"self":[{"href":"https:\/\/roveyayinevi.com.tr\/index.php\/wp-json\/wp\/v2\/product\/743342","targetHints":{"allow":["GET"]}}],"collection":[{"href":"https:\/\/roveyayinevi.com.tr\/index.php\/wp-json\/wp\/v2\/product"}],"about":[{"href":"https:\/\/roveyayinevi.com.tr\/index.php\/wp-json\/wp\/v2\/types\/product"}],"wp:attachment":[{"href":"https:\/\/roveyayinevi.com.tr\/index.php\/wp-json\/wp\/v2\/media?parent=743342"}],"wp:term":[{"taxonomy":"product_brand","embeddable":true,"href":"https:\/\/roveyayinevi.com.tr\/index.php\/wp-json\/wp\/v2\/product_brand?post=743342"},{"taxonomy":"product_cat","embeddable":true,"href":"https:\/\/roveyayinevi.com.tr\/index.php\/wp-json\/wp\/v2\/product_cat?post=743342"},{"taxonomy":"product_tag","embeddable":true,"href":"https:\/\/roveyayinevi.com.tr\/index.php\/wp-json\/wp\/v2\/product_tag?post=743342"}],"curies":[{"name":"wp","href":"https:\/\/api.w.org\/{rel}","templated":true}]}}