{"id":743341,"date":"2025-08-28T01:32:41","date_gmt":"2025-08-27T22:32:41","guid":{"rendered":"https:\/\/roveyayinevi.com.tr\/index.php\/urun\/kelimelerin-dunyasinda-gezintiler\/"},"modified":"2026-04-16T02:54:41","modified_gmt":"2026-04-15T23:54:41","slug":"kelimelerin-dunyasinda-gezintiler","status":"publish","type":"product","link":"https:\/\/roveyayinevi.com.tr\/index.php\/urun\/kelimelerin-dunyasinda-gezintiler\/","title":{"rendered":"Kelimelerin D\u00fcnyas\u0131nda Gezintiler"},"content":{"rendered":"<p>\u201cKelimeler du\u0308nyas\u0131nda gezinmekten c\u0327ok zevk ald\u0131m. Yazarken duydug\u0306um zevki okuyanlar da duyabilir diye du\u0308s\u0327u\u0308ndu\u0308m. Kelimelerin tarihc\u0327elerini bugu\u0308nden bas\u0327lay\u0131p geriye, en eski kaynaklar\u0131na kadar go\u0308tu\u0308rmek, so\u0308zu\u0308n go\u0308sterdig\u0306i anlam evrimini izlemek insan derin tabakalar\u0131na inmek gibi bir s\u0327ey.\u201d B\u00fclent Aksoy, Kelimelerin Du\u0308nyas\u0131nda Gezintiler\u2019de Tu\u0308rkc\u0327enin Arapc\u0327a, Farsc\u0327a ve Bat\u0131 dilleriyle etkiles\u0327iminden, bu etkiles\u0327im sonucu dilimize yerles\u0327en kelimelerin bugu\u0308nku\u0308 alg\u0131lan\u0131s\u0327lar\u0131na; zamanla anlam deg\u0306is\u0327iklig\u0306ine ug\u0306rayanlardan, yanl\u0131s\u0327 yerde kullan\u0131la kullan\u0131la \u201cgalat-\u0131 mes\u0327hur\u201da do\u0308nen kelimelere uzanan genis\u0327 bir alanda dil u\u0308zerine du\u0308s\u0327u\u0308nu\u0308yor. Bunu yaparken, dili sadece bir iletis\u0327im arac\u0131 olarak go\u0308rmeyip, kelimeler, insan ve toplum aras\u0131ndaki do\u0308nu\u0308s\u0327tu\u0308ru\u0308cu\u0308 ve besleyici ilis\u0327kiyi go\u0308stermeyi de ihmal etmiyor. Sadece etimoloji ve dilbilim ile ilgilenenler deg\u0306il, her gu\u0308n s\u0131kl\u0131kla kulland\u0131g\u0306\u0131m\u0131z ama tarihin derinliklerinden bugu\u0308ne su\u0308ren yolculuklar\u0131n\u0131 bilmedig\u0306imiz kelimeleri daha yak\u0131ndan tan\u0131mak isteyen okurlar ic\u0327in de bir bas\u0327ucu kitab\u0131&#8230; <\/p>\n","protected":false},"excerpt":{"rendered":"<p>\u201cKelimeler du\u0308nyas\u0131nda gezinmekten c\u0327ok zevk ald\u0131m. Yazarken duydug\u0306um zevki okuyanlar da duyabilir diye du\u0308s\u0327u\u0308ndu\u0308m. Kelimelerin tarihc\u0327elerini bugu\u0308nden bas\u0327lay\u0131p geriye, en eski kaynaklar\u0131na kadar go\u0308tu\u0308rmek, so\u0308zu\u0308n go\u0308sterdig\u0306i<span class=\"excerpt-hellip\"> [\u2026]<\/span><\/p>\n","protected":false},"featured_media":0,"template":"","meta":{"_monsterinsights_skip_tracking":false,"_monsterinsights_sitenote_active":false,"_monsterinsights_sitenote_note":"","_monsterinsights_sitenote_category":0},"product_brand":[],"product_cat":[20225,12291],"product_tag":[],"class_list":{"0":"post-743341","1":"product","2":"type-product","3":"status-publish","5":"product_cat-dil-bilim","6":"product_cat-edebiyat","7":"pa_cilt-ciltsiz","8":"pa_tur-kitap","9":"pa_yayinevi-iletisim-yayinlari","10":"pa_yazar-bulent-aksoy","12":"first","13":"instock","14":"sale","15":"shipping-taxable","16":"purchasable","17":"product-type-simple"},"_links":{"self":[{"href":"https:\/\/roveyayinevi.com.tr\/index.php\/wp-json\/wp\/v2\/product\/743341","targetHints":{"allow":["GET"]}}],"collection":[{"href":"https:\/\/roveyayinevi.com.tr\/index.php\/wp-json\/wp\/v2\/product"}],"about":[{"href":"https:\/\/roveyayinevi.com.tr\/index.php\/wp-json\/wp\/v2\/types\/product"}],"wp:attachment":[{"href":"https:\/\/roveyayinevi.com.tr\/index.php\/wp-json\/wp\/v2\/media?parent=743341"}],"wp:term":[{"taxonomy":"product_brand","embeddable":true,"href":"https:\/\/roveyayinevi.com.tr\/index.php\/wp-json\/wp\/v2\/product_brand?post=743341"},{"taxonomy":"product_cat","embeddable":true,"href":"https:\/\/roveyayinevi.com.tr\/index.php\/wp-json\/wp\/v2\/product_cat?post=743341"},{"taxonomy":"product_tag","embeddable":true,"href":"https:\/\/roveyayinevi.com.tr\/index.php\/wp-json\/wp\/v2\/product_tag?post=743341"}],"curies":[{"name":"wp","href":"https:\/\/api.w.org\/{rel}","templated":true}]}}