{"id":743339,"date":"2025-08-28T01:32:38","date_gmt":"2025-08-27T22:32:38","guid":{"rendered":"https:\/\/roveyayinevi.com.tr\/index.php\/urun\/kesif\/"},"modified":"2026-04-16T02:54:41","modified_gmt":"2026-04-15T23:54:41","slug":"kesif","status":"publish","type":"product","link":"https:\/\/roveyayinevi.com.tr\/index.php\/urun\/kesif\/","title":{"rendered":"Ke\u015fif"},"content":{"rendered":"<p>Ferda\u2019n\u0131n hayat\u0131nda hi\u00e7bir \u015fey yolunda gitmiyordu. Ne i\u015f, ne a\u015fk ne de ailesi ve arkada\u015flar\u0131yla aras\u0131nda olan bitenler&#8230; Ya\u015fam enerjisini kaybetmi\u015f, d\u00fcmeninde oturdu\u011fu gemi alabora olmu\u015f, olmak istemedi\u011fi sularda s\u00fcr\u00fcklenip duruyordu. Oneman ve Ganne ile tan\u0131\u015fana kadar&#8230; \u0130ki bilge insanla \u00e7\u0131kt\u0131\u011f\u0131 bu yolculukta bir yandan kim oldu\u011funu ke\u015ffederken di\u011fer taraftan hayat\u0131n hoyrat de\u011fil, iyile\u015ftirici ve \u015fefkatli yan\u0131n\u0131 \u00f6\u011frenen Ferda\u2019n\u0131n d\u00f6n\u00fc\u015f\u00fcm\u00fcne tan\u0131kl\u0131k edeceksiniz.   G\u00f6ky\u00fcz\u00fc Gri De\u011fil Maviymi\u015f kitab\u0131n\u0131n da yazar\u0131 olan Nihat G\u00fcneri bu ke\u015fif yolculu\u011funda; sorular, uygulamalar ve telkinlerle sadece Ferda\u2019y\u0131 de\u011fil, okurlar\u0131n\u0131 da a\u011f\u0131rl\u0131yor.   Kendinizi ke\u015ffetmeye haz\u0131r m\u0131s\u0131n\u0131z? <\/p>\n","protected":false},"excerpt":{"rendered":"<p>Ferda\u2019n\u0131n hayat\u0131nda hi\u00e7bir \u015fey yolunda gitmiyordu. Ne i\u015f, ne a\u015fk ne de ailesi ve arkada\u015flar\u0131yla aras\u0131nda olan bitenler&#8230; Ya\u015fam enerjisini kaybetmi\u015f, d\u00fcmeninde oturdu\u011fu gemi alabora olmu\u015f,<span class=\"excerpt-hellip\"> [\u2026]<\/span><\/p>\n","protected":false},"featured_media":0,"template":"","meta":{"_monsterinsights_skip_tracking":false,"_monsterinsights_sitenote_active":false,"_monsterinsights_sitenote_note":"","_monsterinsights_sitenote_category":0},"product_brand":[],"product_cat":[12291,12711],"product_tag":[],"class_list":{"0":"post-743339","1":"product","2":"type-product","3":"status-publish","5":"product_cat-edebiyat","6":"product_cat-roman-oyku","7":"pa_cilt-ciltsiz","8":"pa_tur-kitap","9":"pa_yayinevi-mona-kitap","10":"pa_yazar-nihat-guneri","12":"first","13":"instock","14":"sale","15":"shipping-taxable","16":"purchasable","17":"product-type-simple"},"_links":{"self":[{"href":"https:\/\/roveyayinevi.com.tr\/index.php\/wp-json\/wp\/v2\/product\/743339","targetHints":{"allow":["GET"]}}],"collection":[{"href":"https:\/\/roveyayinevi.com.tr\/index.php\/wp-json\/wp\/v2\/product"}],"about":[{"href":"https:\/\/roveyayinevi.com.tr\/index.php\/wp-json\/wp\/v2\/types\/product"}],"wp:attachment":[{"href":"https:\/\/roveyayinevi.com.tr\/index.php\/wp-json\/wp\/v2\/media?parent=743339"}],"wp:term":[{"taxonomy":"product_brand","embeddable":true,"href":"https:\/\/roveyayinevi.com.tr\/index.php\/wp-json\/wp\/v2\/product_brand?post=743339"},{"taxonomy":"product_cat","embeddable":true,"href":"https:\/\/roveyayinevi.com.tr\/index.php\/wp-json\/wp\/v2\/product_cat?post=743339"},{"taxonomy":"product_tag","embeddable":true,"href":"https:\/\/roveyayinevi.com.tr\/index.php\/wp-json\/wp\/v2\/product_tag?post=743339"}],"curies":[{"name":"wp","href":"https:\/\/api.w.org\/{rel}","templated":true}]}}