{"id":743338,"date":"2025-08-28T01:32:37","date_gmt":"2025-08-27T22:32:37","guid":{"rendered":"https:\/\/roveyayinevi.com.tr\/index.php\/urun\/hayat-seni-cok-seviyorum\/"},"modified":"2026-02-03T03:09:11","modified_gmt":"2026-02-03T00:09:11","slug":"hayat-seni-cok-seviyorum","status":"publish","type":"product","link":"https:\/\/roveyayinevi.com.tr\/index.php\/urun\/hayat-seni-cok-seviyorum\/","title":{"rendered":"Hayat Seni \u00c7ok Seviyorum"},"content":{"rendered":"<p>\u201cM\u00fcmk\u00fcn olsa ya\u015fard\u0131m, her haliyle, her duyguyla ya\u015fard\u0131m. Olmad\u0131, olmuyor. Ben de yaza yaza, kalemimi de, duygular\u0131m\u0131 da g\u00fczellikten ve iyilikten yana \u00e7al\u0131\u015ft\u0131rarak hayattan vazge\u00e7medi\u011fimi g\u00f6stermeye \u00e7al\u0131\u015ft\u0131m.\u201d \u00dcniversitede \u00f6\u011frenciyken g\u00f6zalt\u0131na al\u0131n\u0131p tutuklanan \u0130lhan Sami \u00c7omak, 1994 y\u0131l\u0131ndan beri cezaevinde: Bug\u00fcne kadar ge\u00e7en uzun s\u00fcre\u00e7te as\u0131ls\u0131z su\u00e7lamalarla, g\u00f6stermelik yarg\u0131lamalarla, hukuksuzluk ve adaletsizlikle y\u00fcz y\u00fcze gelen \u00c7omak, Hayat Seni \u00c7ok Seviyorum ile \u015fair kimli\u011finin yan\u0131na oyun yazarl\u0131\u011f\u0131n\u0131 da ekliyor. \u00c7omak\u2019\u0131n \u00e7ocuklu\u011funu, hayata ve \u015fiire bak\u0131\u015f\u0131n\u0131, adalet aray\u0131\u015f\u0131n\u0131 sars\u0131c\u0131 bi\u00e7imde anlatt\u0131\u011f\u0131 Kar\u0131nca Yuvas\u0131n\u0131 Da\u011f\u0131tmamak kitab\u0131ndan yola \u00e7\u0131karak kaleme ald\u0131\u011f\u0131 Hayat Seni \u00c7ok Seviyorum ta\u015f\u0131d\u0131\u011f\u0131 \u015fiirsel kuvvet ve lezzetle bir otobiyografi, bir oyun metni olman\u0131n \u00f6tesine ge\u00e7iyor. \u201c\u0130lhan Sami \u00c7omak\u2019\u0131n tekil varl\u0131\u011f\u0131nda bir b\u00f6lgenin ya\u015fad\u0131\u011f\u0131 ac\u0131lar\u0131n t\u00fcm\u00fcn\u00fc hissetmek m\u00fcmk\u00fcn. Bir co\u011frafyada dola\u015f\u0131p, bir evde, bir masalda konaklayabiliriz. Sadece ac\u0131lar\u0131, \u015fiddeti, sava\u015f\u0131, ayr\u0131mc\u0131l\u0131\u011f\u0131, nefreti de\u011fil, sevgiyi de yo\u011fun bi\u00e7imde koklay\u0131p, dokunabiliriz. Asl\u0131na bak\u0131lacak olursa bir \u015fairle birlikte \u00e7ocuklu\u011fu dola\u015f\u0131yoruz, gen\u00e7li\u011fi&#8230; \u0130nsana t\u00fcrl\u00fc yollar \u00e7izen kadere de, iradeye de tan\u0131kl\u0131k ediyoruz.\u201d Kemal Aydo\u011fan<\/p>\n","protected":false},"excerpt":{"rendered":"<p>\u201cM\u00fcmk\u00fcn olsa ya\u015fard\u0131m, her haliyle, her duyguyla ya\u015fard\u0131m. Olmad\u0131, olmuyor. Ben de yaza yaza, kalemimi de, duygular\u0131m\u0131 da g\u00fczellikten ve iyilikten yana \u00e7al\u0131\u015ft\u0131rarak hayattan vazge\u00e7medi\u011fimi g\u00f6stermeye<span class=\"excerpt-hellip\"> [\u2026]<\/span><\/p>\n","protected":false},"featured_media":0,"template":"","meta":{"_monsterinsights_skip_tracking":false,"_monsterinsights_sitenote_active":false,"_monsterinsights_sitenote_note":"","_monsterinsights_sitenote_category":0},"product_brand":[],"product_cat":[12291,14272],"product_tag":[],"class_list":{"0":"post-743338","1":"product","2":"type-product","3":"status-publish","5":"product_cat-edebiyat","6":"product_cat-tiyatro","7":"pa_cilt-ciltsiz","8":"pa_tur-kitap","9":"pa_yayinevi-iletisim-yayinlari","10":"pa_yazar-ilhan-sami-comak","12":"first","13":"instock","14":"sale","15":"shipping-taxable","16":"purchasable","17":"product-type-simple"},"_links":{"self":[{"href":"https:\/\/roveyayinevi.com.tr\/index.php\/wp-json\/wp\/v2\/product\/743338","targetHints":{"allow":["GET"]}}],"collection":[{"href":"https:\/\/roveyayinevi.com.tr\/index.php\/wp-json\/wp\/v2\/product"}],"about":[{"href":"https:\/\/roveyayinevi.com.tr\/index.php\/wp-json\/wp\/v2\/types\/product"}],"wp:attachment":[{"href":"https:\/\/roveyayinevi.com.tr\/index.php\/wp-json\/wp\/v2\/media?parent=743338"}],"wp:term":[{"taxonomy":"product_brand","embeddable":true,"href":"https:\/\/roveyayinevi.com.tr\/index.php\/wp-json\/wp\/v2\/product_brand?post=743338"},{"taxonomy":"product_cat","embeddable":true,"href":"https:\/\/roveyayinevi.com.tr\/index.php\/wp-json\/wp\/v2\/product_cat?post=743338"},{"taxonomy":"product_tag","embeddable":true,"href":"https:\/\/roveyayinevi.com.tr\/index.php\/wp-json\/wp\/v2\/product_tag?post=743338"}],"curies":[{"name":"wp","href":"https:\/\/api.w.org\/{rel}","templated":true}]}}