{"id":743332,"date":"2025-08-28T01:32:29","date_gmt":"2025-08-27T22:32:29","guid":{"rendered":"https:\/\/roveyayinevi.com.tr\/index.php\/urun\/murebbiye-gunumuz-turkcesiyle-2\/"},"modified":"2026-04-16T02:54:41","modified_gmt":"2026-04-15T23:54:41","slug":"murebbiye-gunumuz-turkcesiyle-2","status":"publish","type":"product","link":"https:\/\/roveyayinevi.com.tr\/index.php\/urun\/murebbiye-gunumuz-turkcesiyle-2\/","title":{"rendered":"M\u00fcrebbiye (G\u00fcn\u00fcm\u00fcz T\u00fcrk\u00e7esiyle)"},"content":{"rendered":"<p>Bu kokona kar\u0131s\u0131 geleli bizim yal\u0131y\u0131 periler istila etti. El ayak hemen \u00e7ekilir \u00e7ekilmez ne hikmet bilmem, \u015fu sofadaki lamba kendi kendine s\u00f6n\u00fcyor. Ortal\u0131k zifir\u00ee karanl\u0131k kesiliyor. Ondan sonra evin i\u00e7inde bir p\u0131t\u0131rt\u0131 bir \u00e7\u0131t\u0131rt\u0131d\u0131r gidiyor&#8230; \u015eu yal\u0131da do\u011fmad\u0131msa b\u00fcy\u00fcd\u00fcm. \u015eimdiye kadar buralarda ne cin vard\u0131 ne \u015feytan! Ben biliyorum ya! Bu p\u0131t\u0131rdayan \u015feytanlar murabiye midir, kurabiye midir, matmazel midir, m\u00fcptezel midir, ne kar\u0131n a\u011fr\u0131s\u0131ysa i\u015fte o kar\u0131n\u0131n fistan\u0131ndan d\u00f6k\u00fcl\u00fcyor.     \u201cHik\u00e2yede elbette zaman\u0131n en kudretli kalemi, H\u00fcseyin Rahmi\u2019nin elindeydi. M\u00fcrebbiye\u2019yle birdenbire \u015f\u00f6hretin ve muvaffakiyetin en y\u00fcksek mertebesine \u00e7\u0131kan muharriri hep severdik.\u2019\u2019   Halid Ziya U\u015fakl\u0131gil     H\u00fcseyin Rahmi G\u00fcrp\u0131nar\u2019\u0131n en \u00e7ok okunan eserlerinden biri olan M\u00fcrebbiye, de\u011fi\u015fen Osmanl\u0131 toplumunu bir kona\u011f\u0131n sakinleri \u00f6zelinde anlatan, e\u015fsiz bir roman. Yazar\u0131n keskin mizah\u0131n\u0131n belki de en yetkin \u00f6rne\u011fi olan bu eserde, Frans\u0131z bir m\u00fcrebbiyenin hayatlar\u0131na girmesiyle feleklerini \u015fa\u015f\u0131ran konak erkeklerinin halleri, d\u00fc\u015ft\u00fckleri i\u00e7ler ac\u0131s\u0131 durumlar e\u011flenceli bir dille anlat\u0131l\u0131yor. <\/p>\n","protected":false},"excerpt":{"rendered":"<p>Bu kokona kar\u0131s\u0131 geleli bizim yal\u0131y\u0131 periler istila etti. El ayak hemen \u00e7ekilir \u00e7ekilmez ne hikmet bilmem, \u015fu sofadaki lamba kendi kendine s\u00f6n\u00fcyor. Ortal\u0131k zifir\u00ee karanl\u0131k<span class=\"excerpt-hellip\"> [\u2026]<\/span><\/p>\n","protected":false},"featured_media":0,"template":"","meta":{"_monsterinsights_skip_tracking":false,"_monsterinsights_sitenote_active":false,"_monsterinsights_sitenote_note":"","_monsterinsights_sitenote_category":0},"product_brand":[],"product_cat":[12291,12711],"product_tag":[],"class_list":{"0":"post-743332","1":"product","2":"type-product","3":"status-publish","5":"product_cat-edebiyat","6":"product_cat-roman-oyku","7":"pa_cilt-ciltsiz","8":"pa_tur-kitap","9":"pa_yayinevi-can-yayinlari","10":"pa_yazar-huseyin-rahmi-gurpinar","12":"first","13":"instock","14":"sale","15":"shipping-taxable","16":"purchasable","17":"product-type-simple"},"_links":{"self":[{"href":"https:\/\/roveyayinevi.com.tr\/index.php\/wp-json\/wp\/v2\/product\/743332","targetHints":{"allow":["GET"]}}],"collection":[{"href":"https:\/\/roveyayinevi.com.tr\/index.php\/wp-json\/wp\/v2\/product"}],"about":[{"href":"https:\/\/roveyayinevi.com.tr\/index.php\/wp-json\/wp\/v2\/types\/product"}],"wp:attachment":[{"href":"https:\/\/roveyayinevi.com.tr\/index.php\/wp-json\/wp\/v2\/media?parent=743332"}],"wp:term":[{"taxonomy":"product_brand","embeddable":true,"href":"https:\/\/roveyayinevi.com.tr\/index.php\/wp-json\/wp\/v2\/product_brand?post=743332"},{"taxonomy":"product_cat","embeddable":true,"href":"https:\/\/roveyayinevi.com.tr\/index.php\/wp-json\/wp\/v2\/product_cat?post=743332"},{"taxonomy":"product_tag","embeddable":true,"href":"https:\/\/roveyayinevi.com.tr\/index.php\/wp-json\/wp\/v2\/product_tag?post=743332"}],"curies":[{"name":"wp","href":"https:\/\/api.w.org\/{rel}","templated":true}]}}