{"id":743330,"date":"2025-08-28T01:32:26","date_gmt":"2025-08-27T22:32:26","guid":{"rendered":"https:\/\/roveyayinevi.com.tr\/index.php\/urun\/kiz-kardesler\/"},"modified":"2026-04-16T02:54:41","modified_gmt":"2026-04-15T23:54:41","slug":"kiz-kardesler","status":"publish","type":"product","link":"https:\/\/roveyayinevi.com.tr\/index.php\/urun\/kiz-kardesler\/","title":{"rendered":"K\u0131z Karde\u015fler"},"content":{"rendered":"<p>Alcott\u2019un Amerikan Ba\u011f\u0131ms\u0131zl\u0131k Sava\u015f\u0131\u2019n\u0131n ikinci yar\u0131s\u0131nda yazd\u0131\u011f\u0131 b\u00fcy\u00fck eseri K\u00fc\u00e7\u00fck Kad\u0131nlar\u2019dan derlenen K\u0131z Karde\u015fler, sava\u015f nedeniyle maddi s\u0131k\u0131nt\u0131lara d\u00fc\u015fen ve sava\u015fa kat\u0131lan babalar\u0131ndan ayr\u0131 kalan March ailesi k\u0131zlar\u0131n\u0131n d\u00fcnyas\u0131na konuk eder okuru. Eser ayn\u0131 zamanda \u00fc\u00e7 k\u0131z karde\u015fiyle ge\u00e7im zorluklar\u0131 i\u00e7inde b\u00fcy\u00fcyen Alcott\u2019un ya\u015fam\u0131ndan da izler ta\u015f\u0131r.   G\u00fczel ve becerikli Meg, kimi zaman asabi ancak sevgi dolu Jo, yumu\u015fak ve \u015fefkatli Beth ve \u015f\u0131mart\u0131lan en k\u00fc\u00e7\u00fck karde\u015f Amy \u00e7ocukluktan kad\u0131nl\u0131\u011fa ad\u0131m atarlarken de\u011fi\u015fmeyen tek \u015fey birbirlerine duyduklar\u0131 ba\u011fl\u0131l\u0131k ve sevgi olur. Yoksulluk, kalp k\u0131r\u0131kl\u0131klar\u0131, cinsiyet bunal\u0131mlar\u0131, hastal\u0131klar ve ayr\u0131l\u0131klar ya\u015fansa da ailenin evinde de\u011fi\u015fmeyen tek \u015fey d\u00f6rt k\u0131z\u0131n susmayan kahkahalar\u0131d\u0131r. <\/p>\n","protected":false},"excerpt":{"rendered":"<p>Alcott\u2019un Amerikan Ba\u011f\u0131ms\u0131zl\u0131k Sava\u015f\u0131\u2019n\u0131n ikinci yar\u0131s\u0131nda yazd\u0131\u011f\u0131 b\u00fcy\u00fck eseri K\u00fc\u00e7\u00fck Kad\u0131nlar\u2019dan derlenen K\u0131z Karde\u015fler, sava\u015f nedeniyle maddi s\u0131k\u0131nt\u0131lara d\u00fc\u015fen ve sava\u015fa kat\u0131lan babalar\u0131ndan ayr\u0131 kalan March<span class=\"excerpt-hellip\"> [\u2026]<\/span><\/p>\n","protected":false},"featured_media":0,"template":"","meta":{"_monsterinsights_skip_tracking":false,"_monsterinsights_sitenote_active":false,"_monsterinsights_sitenote_note":"","_monsterinsights_sitenote_category":0},"product_brand":[],"product_cat":[12291,12711],"product_tag":[],"class_list":{"0":"post-743330","1":"product","2":"type-product","3":"status-publish","5":"product_cat-edebiyat","6":"product_cat-roman-oyku","7":"pa_cilt-ciltsiz","8":"pa_tur-kitap","9":"pa_yayinevi-can-yayinlari","10":"pa_yazar-louisa-may-alcott","12":"first","13":"instock","14":"sale","15":"shipping-taxable","16":"purchasable","17":"product-type-simple"},"_links":{"self":[{"href":"https:\/\/roveyayinevi.com.tr\/index.php\/wp-json\/wp\/v2\/product\/743330","targetHints":{"allow":["GET"]}}],"collection":[{"href":"https:\/\/roveyayinevi.com.tr\/index.php\/wp-json\/wp\/v2\/product"}],"about":[{"href":"https:\/\/roveyayinevi.com.tr\/index.php\/wp-json\/wp\/v2\/types\/product"}],"wp:attachment":[{"href":"https:\/\/roveyayinevi.com.tr\/index.php\/wp-json\/wp\/v2\/media?parent=743330"}],"wp:term":[{"taxonomy":"product_brand","embeddable":true,"href":"https:\/\/roveyayinevi.com.tr\/index.php\/wp-json\/wp\/v2\/product_brand?post=743330"},{"taxonomy":"product_cat","embeddable":true,"href":"https:\/\/roveyayinevi.com.tr\/index.php\/wp-json\/wp\/v2\/product_cat?post=743330"},{"taxonomy":"product_tag","embeddable":true,"href":"https:\/\/roveyayinevi.com.tr\/index.php\/wp-json\/wp\/v2\/product_tag?post=743330"}],"curies":[{"name":"wp","href":"https:\/\/api.w.org\/{rel}","templated":true}]}}