{"id":743329,"date":"2025-08-28T01:32:24","date_gmt":"2025-08-27T22:32:24","guid":{"rendered":"https:\/\/roveyayinevi.com.tr\/index.php\/urun\/kirmizi-han\/"},"modified":"2026-04-16T02:54:41","modified_gmt":"2026-04-15T23:54:41","slug":"kirmizi-han","status":"publish","type":"product","link":"https:\/\/roveyayinevi.com.tr\/index.php\/urun\/kirmizi-han\/","title":{"rendered":"K\u0131rm\u0131z\u0131 Han"},"content":{"rendered":"<p>Balzac \u201c\u0130nsanl\u0131k Komedyas\u0131\u201d isimli devasa yap\u0131t\u0131n\u0131n \u201cFelsefi \u0130ncelemeler\u201d b\u00f6l\u00fcm\u00fcnde yer alan K\u0131rm\u0131z\u0131 Han\u2019\u0131 arkada\u015f\u0131n\u0131 haks\u0131z bir idam cezas\u0131 nedeniyle kaybeden eski bir ordu cerrah\u0131ndan duymu\u015f ve kaleme almaya karar vermi\u015ftir. D\u00f6nemin \u00e7ok\u00e7a tart\u0131\u015f\u0131lan idam konusuna da parmak basan eser, okuru b\u00fcy\u00fck bir ahlaki \u00e7at\u0131\u015fmayla ba\u015f ba\u015fa b\u0131rak\u0131r.   Eserin yine ayn\u0131 b\u00f6l\u00fcm\u00fcnde yer alan ikinci \u00f6yk\u00fc \u201cFacino Cane\u201d ise i\u015fledi\u011fi cinayet y\u00fcz\u00fcnden idam cezas\u0131na \u00e7arpt\u0131r\u0131lan ve bir t\u00fcnel kazarak zindandan ka\u00e7maya \u00e7al\u0131\u015f\u0131rken buldu\u011fu hazineyle yepyeni bir hayata ba\u015flayan bir adam\u0131n hik\u00e2yesini anlat\u0131r.     <\/p>\n","protected":false},"excerpt":{"rendered":"<p>Balzac \u201c\u0130nsanl\u0131k Komedyas\u0131\u201d isimli devasa yap\u0131t\u0131n\u0131n \u201cFelsefi \u0130ncelemeler\u201d b\u00f6l\u00fcm\u00fcnde yer alan K\u0131rm\u0131z\u0131 Han\u2019\u0131 arkada\u015f\u0131n\u0131 haks\u0131z bir idam cezas\u0131 nedeniyle kaybeden eski bir ordu cerrah\u0131ndan duymu\u015f ve<span class=\"excerpt-hellip\"> [\u2026]<\/span><\/p>\n","protected":false},"featured_media":0,"template":"","meta":{"_monsterinsights_skip_tracking":false,"_monsterinsights_sitenote_active":false,"_monsterinsights_sitenote_note":"","_monsterinsights_sitenote_category":0},"product_brand":[],"product_cat":[12291,12711],"product_tag":[],"class_list":{"0":"post-743329","1":"product","2":"type-product","3":"status-publish","5":"product_cat-edebiyat","6":"product_cat-roman-oyku","7":"pa_cilt-ciltsiz","8":"pa_tur-kitap","9":"pa_yayinevi-can-yayinlari","10":"pa_yazar-honore-de-balzac","12":"first","13":"instock","14":"sale","15":"shipping-taxable","16":"purchasable","17":"product-type-simple"},"_links":{"self":[{"href":"https:\/\/roveyayinevi.com.tr\/index.php\/wp-json\/wp\/v2\/product\/743329","targetHints":{"allow":["GET"]}}],"collection":[{"href":"https:\/\/roveyayinevi.com.tr\/index.php\/wp-json\/wp\/v2\/product"}],"about":[{"href":"https:\/\/roveyayinevi.com.tr\/index.php\/wp-json\/wp\/v2\/types\/product"}],"wp:attachment":[{"href":"https:\/\/roveyayinevi.com.tr\/index.php\/wp-json\/wp\/v2\/media?parent=743329"}],"wp:term":[{"taxonomy":"product_brand","embeddable":true,"href":"https:\/\/roveyayinevi.com.tr\/index.php\/wp-json\/wp\/v2\/product_brand?post=743329"},{"taxonomy":"product_cat","embeddable":true,"href":"https:\/\/roveyayinevi.com.tr\/index.php\/wp-json\/wp\/v2\/product_cat?post=743329"},{"taxonomy":"product_tag","embeddable":true,"href":"https:\/\/roveyayinevi.com.tr\/index.php\/wp-json\/wp\/v2\/product_tag?post=743329"}],"curies":[{"name":"wp","href":"https:\/\/api.w.org\/{rel}","templated":true}]}}