{"id":743327,"date":"2025-08-28T01:32:21","date_gmt":"2025-08-27T22:32:21","guid":{"rendered":"https:\/\/roveyayinevi.com.tr\/index.php\/urun\/duduklu-tencere-orkestrasi\/"},"modified":"2026-04-16T02:54:41","modified_gmt":"2026-04-15T23:54:41","slug":"duduklu-tencere-orkestrasi","status":"publish","type":"product","link":"https:\/\/roveyayinevi.com.tr\/index.php\/urun\/duduklu-tencere-orkestrasi\/","title":{"rendered":"D\u00fcd\u00fckl\u00fc Tencere Orkestras\u0131"},"content":{"rendered":"<p>\u201cSanki ba\u015fka bir gezegen buras\u0131. Sadece komik \u015feyler var, hep g\u00fcl\u00fcn\u00fcyor ve g\u00f6bek at\u0131l\u0131yor. Konfeti yerine barbunya kabuklar\u0131 u\u00e7u\u015fuyor. \u00c7aydanl\u0131k, ipteki \u00e7ama\u015f\u0131rlar, hatta a\u011fa\u00e7lar bile dans ediyor.\u201d I\u015f\u0131l i\u00e7in yaz tatili denince akla ilk gelenler y\u0131ld\u0131z a\u011fac\u0131, g\u00fcl yapra\u011f\u0131, kumdan kale ve suda takla. Ama bu yaz tatili di\u011ferlerinden biraz farkl\u0131. Neden mi? \u00c7\u00fcnk\u00fc sahilde ba\u015flayan arkada\u015fl\u0131k hik\u00e2yesi, onu D\u00fcd\u00fckl\u00fc Tencere Orkestras\u0131 e\u015fli\u011finde g\u00f6becik gezegenine g\u00f6t\u00fcr\u00fcyor. Dilge G\u00fcney,  2021 Muzaffer \u0130zg\u00fc \u00c7ocuk Roman\u0131 Yar\u0131\u015fmas\u0131 Birincilik \u00d6d\u00fcl\u00fc\u2019ne de\u011fer g\u00f6r\u00fclen D\u00fcd\u00fckl\u00fc Tencere Orkestras\u0131\u2019nda bize incelikli, e\u011flenceli, k\u0131p\u0131r k\u0131p\u0131r bir arkada\u015fl\u0131k hik\u00e2yesi anlat\u0131yor. Samimi ve mizahi diliyle bizi keyifli bir yolculu\u011fa \u00e7\u0131karan G\u00fcney, \u00f6nyarg\u0131lar\u0131m\u0131z y\u00fcz\u00fcnden a\u00e7amad\u0131\u011f\u0131m\u0131z kap\u0131lar\u0131 a\u00e7maya davet ediyor.  Haydi, \u201cG\u00f6becik, kahkaha ve barbunya kabuklar\u0131 ad\u0131na!\u201d buyurun kitab\u0131n sayfalar\u0131na\u2026<\/p>\n","protected":false},"excerpt":{"rendered":"<p>\u201cSanki ba\u015fka bir gezegen buras\u0131. Sadece komik \u015feyler var, hep g\u00fcl\u00fcn\u00fcyor ve g\u00f6bek at\u0131l\u0131yor. Konfeti yerine barbunya kabuklar\u0131 u\u00e7u\u015fuyor. \u00c7aydanl\u0131k, ipteki \u00e7ama\u015f\u0131rlar, hatta a\u011fa\u00e7lar bile dans<span class=\"excerpt-hellip\"> [\u2026]<\/span><\/p>\n","protected":false},"featured_media":0,"template":"","meta":{"_monsterinsights_skip_tracking":false,"_monsterinsights_sitenote_active":false,"_monsterinsights_sitenote_note":"","_monsterinsights_sitenote_category":0},"product_brand":[],"product_cat":[12689,12274],"product_tag":[],"class_list":{"0":"post-743327","1":"product","2":"type-product","3":"status-publish","5":"product_cat-cizgi-roman-cocuk-ve-genclik-kitaplari","6":"product_cat-cocuk-ve-genclik-kitaplari","7":"pa_cilt-ciltsiz","8":"pa_tur-kitap","9":"pa_yayinevi-bilgi-yayinevi","10":"pa_yazar-dilge-guney","12":"first","13":"instock","14":"sale","15":"shipping-taxable","16":"purchasable","17":"product-type-simple"},"_links":{"self":[{"href":"https:\/\/roveyayinevi.com.tr\/index.php\/wp-json\/wp\/v2\/product\/743327","targetHints":{"allow":["GET"]}}],"collection":[{"href":"https:\/\/roveyayinevi.com.tr\/index.php\/wp-json\/wp\/v2\/product"}],"about":[{"href":"https:\/\/roveyayinevi.com.tr\/index.php\/wp-json\/wp\/v2\/types\/product"}],"wp:attachment":[{"href":"https:\/\/roveyayinevi.com.tr\/index.php\/wp-json\/wp\/v2\/media?parent=743327"}],"wp:term":[{"taxonomy":"product_brand","embeddable":true,"href":"https:\/\/roveyayinevi.com.tr\/index.php\/wp-json\/wp\/v2\/product_brand?post=743327"},{"taxonomy":"product_cat","embeddable":true,"href":"https:\/\/roveyayinevi.com.tr\/index.php\/wp-json\/wp\/v2\/product_cat?post=743327"},{"taxonomy":"product_tag","embeddable":true,"href":"https:\/\/roveyayinevi.com.tr\/index.php\/wp-json\/wp\/v2\/product_tag?post=743327"}],"curies":[{"name":"wp","href":"https:\/\/api.w.org\/{rel}","templated":true}]}}