{"id":743326,"date":"2025-08-28T01:32:20","date_gmt":"2025-08-27T22:32:20","guid":{"rendered":"https:\/\/roveyayinevi.com.tr\/index.php\/urun\/kayip-dagin-gemisi\/"},"modified":"2026-04-16T02:54:41","modified_gmt":"2026-04-15T23:54:41","slug":"kayip-dagin-gemisi","status":"publish","type":"product","link":"https:\/\/roveyayinevi.com.tr\/index.php\/urun\/kayip-dagin-gemisi\/","title":{"rendered":"Kay\u0131p Da\u011f\u0131n Gemisi"},"content":{"rendered":"<p>\u0130nsanl\u0131k tarihinin ba\u015f\u0131ndan beri aranan Nuh\u2019un Gemisi\u2019nin, ba\u015fka bir evrenden bizim evrenimize g\u00f6nderilmi\u015f hik\u00e2yesini anlatan Kay\u0131p Da\u011f\u0131n Gemisi ayn\u0131 zamanda gizli bir T\u00fcrk \u00f6rg\u00fct\u00fc ve ok\u00fclist Tap\u0131nak \u015e\u00f6valyeleri\u2019yle birlikte Piri Reis\u2019in haritas\u0131n\u0131n kay\u0131p par\u00e7alar\u0131n\u0131n pe\u015fine d\u00fc\u015f\u00fcyor.   Bilimsel ve paranormal olaylar\u0131n beraber ilerledi\u011fi, s\u0131rad\u0131\u015f\u0131l\u0131\u011f\u0131n s\u0131radanla\u015ft\u0131\u011f\u0131 bu hik\u00e2yede T\u00fcrk topraklar\u0131n\u0131n alt\u0131nda g\u00f6m\u00fcl\u00fc duran gizli s\u0131rlar\u0131 anlatan G\u00f6khan Y\u0131ld\u0131z; Atlantis, Mu k\u0131tas\u0131 ve Hyberborea gibi eski uygarl\u0131klar\u0131n izinde, \u00e7\u00f6z\u00fclmesi gereken \u015fifrelerin pe\u015finde bir maceraya at\u0131l\u0131yor. <\/p>\n","protected":false},"excerpt":{"rendered":"<p>\u0130nsanl\u0131k tarihinin ba\u015f\u0131ndan beri aranan Nuh\u2019un Gemisi\u2019nin, ba\u015fka bir evrenden bizim evrenimize g\u00f6nderilmi\u015f hik\u00e2yesini anlatan Kay\u0131p Da\u011f\u0131n Gemisi ayn\u0131 zamanda gizli bir T\u00fcrk \u00f6rg\u00fct\u00fc ve ok\u00fclist<span class=\"excerpt-hellip\"> [\u2026]<\/span><\/p>\n","protected":false},"featured_media":0,"template":"","meta":{"_monsterinsights_skip_tracking":false,"_monsterinsights_sitenote_active":false,"_monsterinsights_sitenote_note":"","_monsterinsights_sitenote_category":0},"product_brand":[],"product_cat":[12291,12711],"product_tag":[],"class_list":{"0":"post-743326","1":"product","2":"type-product","3":"status-publish","5":"product_cat-edebiyat","6":"product_cat-roman-oyku","7":"pa_cilt-ciltsiz","8":"pa_tur-kitap","9":"pa_yayinevi-artemis-yayinlari","10":"pa_yazar-gokhan-yildiz","12":"first","13":"instock","14":"sale","15":"shipping-taxable","16":"purchasable","17":"product-type-simple"},"_links":{"self":[{"href":"https:\/\/roveyayinevi.com.tr\/index.php\/wp-json\/wp\/v2\/product\/743326","targetHints":{"allow":["GET"]}}],"collection":[{"href":"https:\/\/roveyayinevi.com.tr\/index.php\/wp-json\/wp\/v2\/product"}],"about":[{"href":"https:\/\/roveyayinevi.com.tr\/index.php\/wp-json\/wp\/v2\/types\/product"}],"wp:attachment":[{"href":"https:\/\/roveyayinevi.com.tr\/index.php\/wp-json\/wp\/v2\/media?parent=743326"}],"wp:term":[{"taxonomy":"product_brand","embeddable":true,"href":"https:\/\/roveyayinevi.com.tr\/index.php\/wp-json\/wp\/v2\/product_brand?post=743326"},{"taxonomy":"product_cat","embeddable":true,"href":"https:\/\/roveyayinevi.com.tr\/index.php\/wp-json\/wp\/v2\/product_cat?post=743326"},{"taxonomy":"product_tag","embeddable":true,"href":"https:\/\/roveyayinevi.com.tr\/index.php\/wp-json\/wp\/v2\/product_tag?post=743326"}],"curies":[{"name":"wp","href":"https:\/\/api.w.org\/{rel}","templated":true}]}}