{"id":743324,"date":"2025-08-28T01:32:18","date_gmt":"2025-08-27T22:32:18","guid":{"rendered":"https:\/\/roveyayinevi.com.tr\/index.php\/urun\/beauvoir-olmak-bir-yasam\/"},"modified":"2026-04-16T02:54:41","modified_gmt":"2026-04-15T23:54:41","slug":"beauvoir-olmak-bir-yasam","status":"publish","type":"product","link":"https:\/\/roveyayinevi.com.tr\/index.php\/urun\/beauvoir-olmak-bir-yasam\/","title":{"rendered":"Beauvoir Olmak :Bir Ya\u015fam"},"content":{"rendered":"<p>\u201cD\u00fcnyan\u0131n d\u00f6rt bir yan\u0131ndaki kad\u0131nlara ilham veren ve bir\u00e7ok insan\u0131n d\u00fc\u015f\u00fcnme \u015feklini de\u011fi\u015ftiren bir kad\u0131n\u0131n b\u00fcy\u00fcleyici bir portresini okumak i\u00e7in harcad\u0131\u011f\u0131n\u0131z zamana de\u011fer.\u201d \u2014The Sunday Times \u201cKirkpatrick, Beauvoir\u2019\u0131n feminizmle olan kar\u015f\u0131t ili\u015fkisine hat\u0131r\u0131 say\u0131l\u0131r derecede yer veriyor ve buradaki tart\u0131\u015fma olduk\u00e7a zengin. Kirkpatrick\u2019in biyografisinin en g\u00fc\u00e7l\u00fc oldu\u011fu yer, Beauvoir\u2019\u0131n etik taahh\u00fctlerinin sa\u011flaml\u0131\u011f\u0131n\u0131 netle\u015ftirmek ve g\u00f6stermek ve de bunlar\u0131n sava\u015ftan sonra siyasi taahh\u00fctlere nas\u0131l d\u00f6n\u00fc\u015ft\u00fcr\u00fcld\u00fc\u011f\u00fcn\u00fc a\u00e7\u0131klamak.\u201d \u2014The Guardian \u201cKirkpatrick\u2019in biyografisi titiz bir ara\u015ft\u0131rma. Yeni yay\u0131mlanm\u0131\u015f g\u00fcnl\u00fckleri kullanmak \u2013ancak son zamanlarda ara\u015ft\u0131rmac\u0131lara sunuldu\u2013 basit tan\u0131mlamalar\u0131 reddediyor ve Beauvoir\u2019\u0131 t\u00fcm parlakl\u0131\u011f\u0131 ve karma\u015f\u0131kl\u0131\u011f\u0131yla ortaya koyuyor&#8230; Beauvoir Olmak ola\u011fan\u00fcst\u00fc bir kad\u0131na harikulade bir \u00f6vg\u00fc.\u201d \u2014Times Higher Education \u201cB\u00fcy\u00fcleyici ve derinlemesine ara\u015ft\u0131r\u0131lm\u0131\u015f.\u201d \u2014Daily Mail \u201cKirkpatrick, Beauvoir\u2019\u0131n felsefesinin \u00f6nceki biyografilerden \u00e7ok daha ayr\u0131nt\u0131l\u0131 ve analitik bir a\u00e7\u0131klamas\u0131n\u0131 sunuyor. Kirkpatrick\u2019in buradaki temel ba\u015far\u0131s\u0131, Simone de Beauvoir\u2019\u0131n mant\u0131\u011f\u0131n\u0131 kendi hayat\u0131yla ili\u015fkilendirmi\u015f olmas\u0131d\u0131r. Bu \u015fimdiye kadarki en iyi Beauvoir biyografisi.\u201d \u2014Standpoint Dergisi \u201cYepyeni m\u00fckemmel biyografisinde Kate Kirkpatrick bize neden Beauvoir\u2019dan \u00f6\u011frenecek daha \u00e7ok \u015feyimiz oldu\u011funu g\u00f6steriyor.\u201d \u2014New Statesman \u201cBeauvoir\u2019\u0131 savunurken, \u00e7e\u015fitli ele\u015ftirilere kar\u015f\u0131 \u00e7\u0131karken&#8230; titizlikle ve ilgi \u00e7ekici bir \u015fekilde Kirkpatrick ikonun arkas\u0131ndaki ak\u0131\u015f\u0131n say\u0131s\u0131z \u201can\u201d\u0131n\u0131 yakal\u0131yor.\u201d \u2014Australian \u201cKirkpatrick, yorumlar\u0131n\u0131, g\u00fcnl\u00fcklerini ve daha da \u00f6nemlisi, hayat\u0131n\u0131n sonuna do\u011fru verdi\u011fi r\u00f6portajlar\u0131 titizlikle ara\u015ft\u0131rd\u0131. Sonu\u00e7, bu ilham verici feminist, filozof ve Varolu\u015f\u00e7unun zengin bir bi\u00e7imde yeniden ke\u015ffidir. Politik olarak bilin\u00e7li bu t\u00fcr feministler&#8230; yepyeni bir a\u015fk ili\u015fkisini ate\u015fleyecek.\u201d \u2014SA Weekend Magazine \u201cBu g\u00fc\u00e7l\u00fc, \u00f6nemli kitap Simone de Beauvoir\u2019\u0131n ya\u015fam\u0131n\u0131n ve \u00e7al\u0131\u015fmas\u0131n\u0131n radikal ve yeni, kan\u0131tlara dayal\u0131 bir okumas\u0131n\u0131 sunuyor. Beauvoir\u2019a hem ya\u015fam\u0131 boyunca hem de o zamandan beri y\u00f6neltilen ola\u011fan\u00fcst\u00fc k\u00fc\u00e7\u00fcmseme ve cinsiyet\u00e7i ele\u015ftiri selini ortaya \u00e7\u0131kar\u0131yor ve onu Jean-Paul Sartre\u2019\u0131n g\u00f6lgesinden kurtararak kendi \u0131\u015f\u0131\u011f\u0131na kavu\u015fturuyor. Bu ak\u0131ldan \u00e7\u0131kmayan, bilimsel ve ilgi \u00e7ekici biyografi okuyucunun zihninde uzun s\u00fcre dola\u015fmaya devam ediyor.\u201d \u2014Suzannah Lipscomb, Tarih Profes\u00f6r\u00fc, Roehampton \u00dcniversitesi \u201cBeauvoir Olmak, sadece Beauvoir\u2019\u0131n hayat\u0131yla de\u011fil, o hayattaki felsefeyle de ilgilenen herkes i\u00e7in temel bir okumad\u0131r.\u201d \u2014Fiona Vera-Gray, Durham KATE KIRKPATRICK: A\u011f\u0131rl\u0131kl\u0131 olarak feminist felsefe, ahlak felsefesi, din felsefesi, Nietzsche, Beauvoir ve Sartre \u00fczerine \u00e7al\u0131\u015f\u0131yor. Uluslararas\u0131 \u00fcne sahip biyografi kitab\u0131 Becoming Beauvoir: A Life (Bloomsbury, 2019) Times Literary Supplement, The Guardian ve The Telegraph taraf\u0131ndan en iyi kitaplardan biri olarak se\u00e7ilmi\u015f ve \u015fu anda bir d\u00fczineden fazla dile \u00e7evriliyor. Sartre on Sin (G\u00fcnah \u00dczerine Sartre, Oxford University Press, 2017), Sartre and Theology (Sartre ve Teoloji, Bloomsbury, 2017) di\u011fer eserleri aras\u0131ndad\u0131r. Halen Oxford \u00dcniversitesi Felsefe Fak\u00fcltesi\u2019nde \u00d6\u011fretim \u00dcyesi olan Kirkpatrick, 2021\u2019de Britanya Academisi Bursuyla \u00f6d\u00fcllendirilmi\u015ftir. <\/p>\n","protected":false},"excerpt":{"rendered":"<p>\u201cD\u00fcnyan\u0131n d\u00f6rt bir yan\u0131ndaki kad\u0131nlara ilham veren ve bir\u00e7ok insan\u0131n d\u00fc\u015f\u00fcnme \u015feklini de\u011fi\u015ftiren bir kad\u0131n\u0131n b\u00fcy\u00fcleyici bir portresini okumak i\u00e7in harcad\u0131\u011f\u0131n\u0131z zamana de\u011fer.\u201d \u2014The Sunday Times<span class=\"excerpt-hellip\"> [\u2026]<\/span><\/p>\n","protected":false},"featured_media":0,"template":"","meta":{"_monsterinsights_skip_tracking":false,"_monsterinsights_sitenote_active":false,"_monsterinsights_sitenote_note":"","_monsterinsights_sitenote_category":0},"product_brand":[],"product_cat":[12388,13555],"product_tag":[],"class_list":{"0":"post-743324","1":"product","2":"type-product","3":"status-publish","5":"product_cat-felsefe","6":"product_cat-genel-felsefe","7":"pa_cilt-ciltsiz","8":"pa_tur-kitap","9":"pa_yayinevi-ayrinti-yayinlari","10":"pa_yazar-kate-kirkpatrick","12":"first","13":"instock","14":"sale","15":"shipping-taxable","16":"purchasable","17":"product-type-simple"},"_links":{"self":[{"href":"https:\/\/roveyayinevi.com.tr\/index.php\/wp-json\/wp\/v2\/product\/743324","targetHints":{"allow":["GET"]}}],"collection":[{"href":"https:\/\/roveyayinevi.com.tr\/index.php\/wp-json\/wp\/v2\/product"}],"about":[{"href":"https:\/\/roveyayinevi.com.tr\/index.php\/wp-json\/wp\/v2\/types\/product"}],"wp:attachment":[{"href":"https:\/\/roveyayinevi.com.tr\/index.php\/wp-json\/wp\/v2\/media?parent=743324"}],"wp:term":[{"taxonomy":"product_brand","embeddable":true,"href":"https:\/\/roveyayinevi.com.tr\/index.php\/wp-json\/wp\/v2\/product_brand?post=743324"},{"taxonomy":"product_cat","embeddable":true,"href":"https:\/\/roveyayinevi.com.tr\/index.php\/wp-json\/wp\/v2\/product_cat?post=743324"},{"taxonomy":"product_tag","embeddable":true,"href":"https:\/\/roveyayinevi.com.tr\/index.php\/wp-json\/wp\/v2\/product_tag?post=743324"}],"curies":[{"name":"wp","href":"https:\/\/api.w.org\/{rel}","templated":true}]}}