{"id":743323,"date":"2025-08-28T01:32:17","date_gmt":"2025-08-27T22:32:17","guid":{"rendered":"https:\/\/roveyayinevi.com.tr\/index.php\/urun\/dr-cezmi-karasu-armagani-ustaya-saygi-ii\/"},"modified":"2026-04-16T02:54:41","modified_gmt":"2026-04-15T23:54:41","slug":"dr-cezmi-karasu-armagani-ustaya-saygi-ii","status":"publish","type":"product","link":"https:\/\/roveyayinevi.com.tr\/index.php\/urun\/dr-cezmi-karasu-armagani-ustaya-saygi-ii\/","title":{"rendered":"Dr. Cezmi Karasu Arma\u011fan\u0131 Ustaya Sayg\u0131 II"},"content":{"rendered":"<p>B\u00d6L\u00dcM I OSMANLI\u2019DA SANS\u00dcR\u00dcN DO\u011eU\u015eU, GEL\u0130\u015e\u0130M\u0130 VE BASIN-\u0130KT\u0130DAR \u0130L\u0130\u015eK\u0130LER\u0130   B\u00d6L\u00dcM II KORE HARB\u0130\u2019NDE T\u00dcRK TUGAYININ YA\u015eADI\u011eI \u00c7E\u015e\u0130TL\u0130 SORUNLAR VE MUHAREBE DI\u015eI KAYIPLARI   B\u00d6L\u00dcM III LOZAN ANTLA\u015eMASI\u2019NDAN \u0130K\u0130NC\u0130 D\u00dcNYA SAVA\u015eINA UZANAN S\u00dcRE\u00c7TE T\u00dcRK-FRANSIZ \u0130L\u0130\u015eK\u0130LER\u0130   B\u00d6L\u00dcM IV XXI. Y\u00dcZYILDA SAVA\u015e ORTAMINI \u015eEK\u0130LLEND\u0130REN HARBE DA\u0130R KAVRAM, TER\u0130M, \u0130LKE VE PRENS\u0130PLER B\u00d6L\u00dcM V \u0130LK T\u00dcRKOLOJ\u0130 \u00c7ALI\u015eMALARI VE MACAR\u0130STAN \u00d6RNE\u011e\u0130   B\u00d6L\u00dcM VI \u0130SLAM\u0130YET \u00d6NCES\u0130 T\u00dcRKLERDE EVL\u0130L\u0130K GELENE\u011e\u0130N\u0130N ANA HATLARI   B\u00d6L\u00dcM VII AF VE CEZA ARASINDA: M\u0130LL\u0130 M\u00dcCADELE SONRASI HESAPLA\u015eMA   B\u00d6L\u00dcM VIII AVARLAR, AKHUN-EFTAL\u0130TLER ve DA\u011eISTAN AVARLARI ile OLAN BA\u011eLARI   B\u00d6L\u00dcM IX \u0130STANBUL\u2019UN ZAH\u0130RE \u0130A\u015eES\u0130 (1813 Y\u0131l\u0131 M\u00fcfredat Defteri Analizi)   B\u00d6L\u00dcM X AT\u0130NA\u2019DA YAPILAN 1949 AKDEN\u0130Z KUPASI SIRASINDA T\u00dcRK M\u0130LL\u0130 FUTBOL TAKIMINA YAPILAN \u00c7\u0130RK\u0130N SALDIRI VE T\u00dcRK\u0130YE\u2019DE NEDEN OLDU\u011eU \u0130NF\u0130AL <\/p>\n","protected":false},"excerpt":{"rendered":"<p>B\u00d6L\u00dcM I OSMANLI\u2019DA SANS\u00dcR\u00dcN DO\u011eU\u015eU, GEL\u0130\u015e\u0130M\u0130 VE BASIN-\u0130KT\u0130DAR \u0130L\u0130\u015eK\u0130LER\u0130 B\u00d6L\u00dcM II KORE HARB\u0130\u2019NDE T\u00dcRK TUGAYININ YA\u015eADI\u011eI \u00c7E\u015e\u0130TL\u0130 SORUNLAR VE MUHAREBE DI\u015eI KAYIPLARI B\u00d6L\u00dcM III LOZAN ANTLA\u015eMASI\u2019NDAN<span class=\"excerpt-hellip\"> [\u2026]<\/span><\/p>\n","protected":false},"featured_media":0,"template":"","meta":{"_monsterinsights_skip_tracking":false,"_monsterinsights_sitenote_active":false,"_monsterinsights_sitenote_note":"","_monsterinsights_sitenote_category":0},"product_brand":[],"product_cat":[12370,12304],"product_tag":[],"class_list":{"0":"post-743323","1":"product","2":"type-product","3":"status-publish","5":"product_cat-arastirma-inceleme","6":"product_cat-tarih","7":"pa_cilt-ciltsiz","8":"pa_tur-kitap","9":"pa_yayinevi-gazi-kitabevi","10":"pa_yazar-kolektif","12":"first","13":"instock","14":"sale","15":"shipping-taxable","16":"purchasable","17":"product-type-simple"},"_links":{"self":[{"href":"https:\/\/roveyayinevi.com.tr\/index.php\/wp-json\/wp\/v2\/product\/743323","targetHints":{"allow":["GET"]}}],"collection":[{"href":"https:\/\/roveyayinevi.com.tr\/index.php\/wp-json\/wp\/v2\/product"}],"about":[{"href":"https:\/\/roveyayinevi.com.tr\/index.php\/wp-json\/wp\/v2\/types\/product"}],"wp:attachment":[{"href":"https:\/\/roveyayinevi.com.tr\/index.php\/wp-json\/wp\/v2\/media?parent=743323"}],"wp:term":[{"taxonomy":"product_brand","embeddable":true,"href":"https:\/\/roveyayinevi.com.tr\/index.php\/wp-json\/wp\/v2\/product_brand?post=743323"},{"taxonomy":"product_cat","embeddable":true,"href":"https:\/\/roveyayinevi.com.tr\/index.php\/wp-json\/wp\/v2\/product_cat?post=743323"},{"taxonomy":"product_tag","embeddable":true,"href":"https:\/\/roveyayinevi.com.tr\/index.php\/wp-json\/wp\/v2\/product_tag?post=743323"}],"curies":[{"name":"wp","href":"https:\/\/api.w.org\/{rel}","templated":true}]}}