{"id":743322,"date":"2025-08-28T01:32:16","date_gmt":"2025-08-27T22:32:16","guid":{"rendered":"https:\/\/roveyayinevi.com.tr\/index.php\/urun\/21-yuzyilda-iktisadi-anlamak-guncel-ekonometrik-zaman-serileri-calismalari\/"},"modified":"2026-04-16T02:54:41","modified_gmt":"2026-04-15T23:54:41","slug":"21-yuzyilda-iktisadi-anlamak-guncel-ekonometrik-zaman-serileri-calismalari","status":"publish","type":"product","link":"https:\/\/roveyayinevi.com.tr\/index.php\/urun\/21-yuzyilda-iktisadi-anlamak-guncel-ekonometrik-zaman-serileri-calismalari\/","title":{"rendered":"21. Y\u00fczy\u0131lda \u0130ktisad\u0131 Anlamak : G\u00fcncel Ekonometrik Zaman Serileri \u00c7al\u0131\u015fmalar\u0131"},"content":{"rendered":"<p>B\u00f6l\u00fcm 1 Mali Alan \u00d6l\u00e7\u00fcm\u00fc: T\u00fcrkiye \u0130\u00e7in Bir Uygulama   B\u00f6l\u00fcm 2 Konut Talebini Etkileyen Fakt\u00f6rler: T\u00fcrkiye \u00d6rne\u011fi   B\u00f6l\u00fcm 3 T\u00fcrkiye\u2019de Do\u011fal Kaynaklar Ekonomik B\u00fcy\u00fcmeyi Destekliyor Mu? Bootstrap Fourier Kantil Nedensellik Y\u00f6nteminden Kan\u0131tlar   B\u00f6l\u00fcm 4 21.y\u00fczy\u0131l Hava Ta\u015f\u0131mac\u0131l\u0131\u011f\u0131 Sekt\u00f6r\u00fcnde Yolcu Trafi\u011fi \u00d6ng\u00f6r\u00fcs\u00fc: T\u00fcrkiye \u00d6rne\u011fi B\u00f6l\u00fcm 5 Ekonomik B\u00fcy\u00fcme ve Kamu Harcamalar\u0131 Aras\u0131ndaki \u0130li\u015fkinin MS-Granger Nedensellik Y\u00f6ntemi ile Analizi: T\u00fcrkiye \u00d6rne\u011fi   B\u00f6l\u00fcm 6 Kripto Para Birimleri ile K\u0131ymetli Madenler Aras\u0131ndaki Asimetrik Nedensellik \u0130li\u015fkisi   B\u00f6l\u00fcm 7 Petrol Fiyatlar\u0131 ile Hisse Senedi Fiyatlar\u0131 Aras\u0131ndaki Do\u011frusal ve Do\u011frusal Olmayan Nedenselli\u011fin Test Edilmesi   B\u00f6l\u00fcm 8 D\u00f6rt B\u00fcy\u00fck Futbol Kul\u00fcb\u00fcne Ait Puan ve Hisse Senedi Fiyatlar\u0131n\u0131n Nedensellik \u0130li\u015fkisi Ele Al\u0131narak Uzun K\u0131sa S\u00fcreli Bellek Modeli \u0130le \u00c7ok Ad\u0131ml\u0131 \u00d6ng\u00f6r\u00fcs\u00fc   B\u00f6l\u00fcm 9 MINT Borsalar\u0131nda Volatilitenin Modellenmesi   B\u00f6l\u00fcm 10 \u015eangay Konteynerli Y\u00fck \u0130ndeksinin (SCFI) Box-Jenkins Y\u00f6ntemleri ile Tahmini B\u00f6l\u00fcm 11 ARDL S\u0131n\u0131r Testi Uygulamalar\u0131 \u00dczerine Tart\u0131\u015fmalar   B\u00f6l\u00fcm 12 Bu\u011fday Fiyat\u0131n\u0131n \u00d6ng\u00f6r\u00fcmlenmesinde Makine \u00d6\u011frenmesi ve Zaman Serisi Tahmin Modellerinin Performanslar\u0131n\u0131n Kar\u015f\u0131la\u015ft\u0131r\u0131lmas\u0131   B\u00f6l\u00fcm 13 XGBoost Makine \u00d6\u011frenmesi Y\u00f6ntemi Kullan\u0131larak Ham Petrol Fiyat\u0131n\u0131n \u00d6ng\u00f6r\u00fcmlenmesi   B\u00f6l\u00fcm 14 T\u00fcrkiye\u2019de \u0130\u015fsizlik Histerisinin Do\u011frusal Olmayan Birim K\u00f6k Testleriyle S\u0131nanmas\u0131   B\u00f6l\u00fcm 15 Ulusal G\u00fcvenli\u011fin Uzun D\u00f6nem \u0130ktisadi ve Mali Y\u00fck\u00fcn\u00fcn Do\u011frusal Olmayan Birim K\u00f6k Testleri ile De\u011ferlendirilmesi: T\u00fcrkiye \u00d6rne\u011fi <\/p>\n","protected":false},"excerpt":{"rendered":"<p>B\u00f6l\u00fcm 1 Mali Alan \u00d6l\u00e7\u00fcm\u00fc: T\u00fcrkiye \u0130\u00e7in Bir Uygulama B\u00f6l\u00fcm 2 Konut Talebini Etkileyen Fakt\u00f6rler: T\u00fcrkiye \u00d6rne\u011fi B\u00f6l\u00fcm 3 T\u00fcrkiye\u2019de Do\u011fal Kaynaklar Ekonomik B\u00fcy\u00fcmeyi Destekliyor Mu?<span class=\"excerpt-hellip\"> [\u2026]<\/span><\/p>\n","protected":false},"featured_media":0,"template":"","meta":{"_monsterinsights_skip_tracking":false,"_monsterinsights_sitenote_active":false,"_monsterinsights_sitenote_note":"","_monsterinsights_sitenote_category":0},"product_brand":[],"product_cat":[20333,13043],"product_tag":[],"class_list":{"0":"post-743322","1":"product","2":"type-product","3":"status-publish","5":"product_cat-diger-ekonomi","6":"product_cat-ekonomi","7":"pa_cilt-ciltsiz","8":"pa_tur-kitap","9":"pa_yayinevi-gazi-kitabevi","10":"pa_yazar-kolektif","12":"first","13":"instock","14":"sale","15":"shipping-taxable","16":"purchasable","17":"product-type-simple"},"_links":{"self":[{"href":"https:\/\/roveyayinevi.com.tr\/index.php\/wp-json\/wp\/v2\/product\/743322","targetHints":{"allow":["GET"]}}],"collection":[{"href":"https:\/\/roveyayinevi.com.tr\/index.php\/wp-json\/wp\/v2\/product"}],"about":[{"href":"https:\/\/roveyayinevi.com.tr\/index.php\/wp-json\/wp\/v2\/types\/product"}],"wp:attachment":[{"href":"https:\/\/roveyayinevi.com.tr\/index.php\/wp-json\/wp\/v2\/media?parent=743322"}],"wp:term":[{"taxonomy":"product_brand","embeddable":true,"href":"https:\/\/roveyayinevi.com.tr\/index.php\/wp-json\/wp\/v2\/product_brand?post=743322"},{"taxonomy":"product_cat","embeddable":true,"href":"https:\/\/roveyayinevi.com.tr\/index.php\/wp-json\/wp\/v2\/product_cat?post=743322"},{"taxonomy":"product_tag","embeddable":true,"href":"https:\/\/roveyayinevi.com.tr\/index.php\/wp-json\/wp\/v2\/product_tag?post=743322"}],"curies":[{"name":"wp","href":"https:\/\/api.w.org\/{rel}","templated":true}]}}