{"id":743321,"date":"2025-08-28T01:32:15","date_gmt":"2025-08-27T22:32:15","guid":{"rendered":"https:\/\/roveyayinevi.com.tr\/index.php\/urun\/her-seyi-goren-adam\/"},"modified":"2026-04-16T02:54:41","modified_gmt":"2026-04-15T23:54:41","slug":"her-seyi-goren-adam","status":"publish","type":"product","link":"https:\/\/roveyayinevi.com.tr\/index.php\/urun\/her-seyi-goren-adam\/","title":{"rendered":"Her \u015eeyi G\u00f6ren Adam"},"content":{"rendered":"<p>1988 y\u0131l\u0131nda Abbey Yolu\u2019nda Saul Adler\u2019e bir otomobil \u00e7arpar. Adler d\u00fc\u015ft\u00fc\u011f\u00fc yerden kalkar, k\u0131z arkada\u015f\u0131 Jennifer Moreau\u2019nun \u00e7ekti\u011fi foto\u011fraf i\u00e7in poz verir. Adler zamana at\u0131lm\u0131\u015f bir \u00e7entik olan bu foto\u011fraf\u0131 Do\u011fu Almanya Cumhuriyeti\u2019ne g\u00f6t\u00fcr\u00fcr. Ama ge\u00e7mi\u015fin hayaletleri pe\u015finde, hen\u00fcz var olmayan bir gelece\u011fin hem i\u00e7inde hem d\u0131\u015f\u0131nda oldu\u011fu Do\u011fu Almanya\u2019da ba\u015f\u0131 zamanla derttedir. 2019 Booker \u00d6d\u00fcl\u00fc aday\u0131 Her \u015eeyi G\u00f6ren Adam, g\u00f6rd\u00fcklerimiz ve\/veya g\u00f6remediklerimiz, dikkatsizlik ve ba\u015fkalar\u0131na verdi\u011fimiz zararlar, tarihin a\u011f\u0131rl\u0131\u011f\u0131 ve onu g\u00f6rmezden gelmek i\u00e7in yapt\u0131\u011f\u0131m\u0131z y\u0131k\u0131c\u0131 giri\u015fimler hakk\u0131nda iddial\u0131, e\u011flenceli ve heyecan verici bir roman. \u201cBir felsefe ve sanat eseri&#8230;Booker finalisti Deborah Levy\u2019nin yazd\u0131\u011f\u0131 her roman giderek m\u00fckemmele yakla\u015f\u0131yor.\u201dNew York Journal of Books<\/p>\n","protected":false},"excerpt":{"rendered":"<p>1988 y\u0131l\u0131nda Abbey Yolu\u2019nda Saul Adler\u2019e bir otomobil \u00e7arpar. Adler d\u00fc\u015ft\u00fc\u011f\u00fc yerden kalkar, k\u0131z arkada\u015f\u0131 Jennifer Moreau\u2019nun \u00e7ekti\u011fi foto\u011fraf i\u00e7in poz verir. Adler zamana at\u0131lm\u0131\u015f bir<span class=\"excerpt-hellip\"> [\u2026]<\/span><\/p>\n","protected":false},"featured_media":0,"template":"","meta":{"_monsterinsights_skip_tracking":false,"_monsterinsights_sitenote_active":false,"_monsterinsights_sitenote_note":"","_monsterinsights_sitenote_category":0},"product_brand":[],"product_cat":[12291,12711],"product_tag":[],"class_list":{"0":"post-743321","1":"product","2":"type-product","3":"status-publish","5":"product_cat-edebiyat","6":"product_cat-roman-oyku","7":"pa_cilt-ciltsiz","8":"pa_tur-kitap","9":"pa_yayinevi-everest-yayinlari","10":"pa_yazar-deborah-levy","12":"first","13":"instock","14":"sale","15":"shipping-taxable","16":"purchasable","17":"product-type-simple"},"_links":{"self":[{"href":"https:\/\/roveyayinevi.com.tr\/index.php\/wp-json\/wp\/v2\/product\/743321","targetHints":{"allow":["GET"]}}],"collection":[{"href":"https:\/\/roveyayinevi.com.tr\/index.php\/wp-json\/wp\/v2\/product"}],"about":[{"href":"https:\/\/roveyayinevi.com.tr\/index.php\/wp-json\/wp\/v2\/types\/product"}],"wp:attachment":[{"href":"https:\/\/roveyayinevi.com.tr\/index.php\/wp-json\/wp\/v2\/media?parent=743321"}],"wp:term":[{"taxonomy":"product_brand","embeddable":true,"href":"https:\/\/roveyayinevi.com.tr\/index.php\/wp-json\/wp\/v2\/product_brand?post=743321"},{"taxonomy":"product_cat","embeddable":true,"href":"https:\/\/roveyayinevi.com.tr\/index.php\/wp-json\/wp\/v2\/product_cat?post=743321"},{"taxonomy":"product_tag","embeddable":true,"href":"https:\/\/roveyayinevi.com.tr\/index.php\/wp-json\/wp\/v2\/product_tag?post=743321"}],"curies":[{"name":"wp","href":"https:\/\/api.w.org\/{rel}","templated":true}]}}