{"id":743320,"date":"2025-08-28T01:32:14","date_gmt":"2025-08-27T22:32:14","guid":{"rendered":"https:\/\/roveyayinevi.com.tr\/index.php\/urun\/iktisat-ve-finans-yazininda-guncel-egilimler\/"},"modified":"2026-04-16T02:54:41","modified_gmt":"2026-04-15T23:54:41","slug":"iktisat-ve-finans-yazininda-guncel-egilimler","status":"publish","type":"product","link":"https:\/\/roveyayinevi.com.tr\/index.php\/urun\/iktisat-ve-finans-yazininda-guncel-egilimler\/","title":{"rendered":"\u0130ktisat ve Finans Yaz\u0131n\u0131nda G\u00fcncel E\u011filimler"},"content":{"rendered":"<p>\u00b7         T\u00dcRK\u0130YE\u2019DE \u0130\u015eG\u00dcC\u00dc P\u0130YASASINDA KADIN ALTIN SPOT VE VADEL\u0130 \u0130\u015eLEM P\u0130YASALARI ARASINDAK\u0130 NEDENSELL\u0130K \u0130L\u0130\u015eK\u0130S\u0130: 2013-2022 D\u00d6NEM\u0130 T\u00dcRK\u0130YE UYGULAMASI   \u00b7         BANKACILIK R\u0130SKLER\u0130 VE R\u0130SK Y\u00d6NET\u0130M\u0130   \u00b7         TARIMSAL T\u0130CAR\u0130 SERBESTLE\u015eME VE EKONOM\u0130K B\u00dcY\u00dcME \u0130L\u0130\u015eK\u0130S\u0130: T\u00dcRK\u0130YE \u0130\u00c7\u0130N AMP\u0130R\u0130K B\u0130R ANAL\u0130Z (1987-2020)   \u00b7         Y\u00dcKSELEN EKONOM\u0130LERDE VERG\u0130 GEL\u0130RLER\u0130N\u0130 ETK\u0130LEYEN ETMENLER\u0130N D\u0130NAM\u0130K PANEL VER\u0130 \u0130LE ANAL\u0130Z\u0130   \u00b7         ULUSLARARASI MUHASEBE STANDARTLARINDA KR\u0130PTO VARLIKLARI SINIFLANDIRMA \u00c7ABALARI \u00b7         SINIR \u00d6TES\u0130 F\u0130RMA B\u0130RLE\u015eME VE SATIN ALMALARININ F\u0130NANSAL PERFORMANSA ETK\u0130LER\u0130   \u00b7         ORGAN\u0130K ZEYT\u0130NYA\u011eI \u00dcRET\u0130M\u0130NDEK\u0130 UYGULAMALARIN DEMOGRAF\u0130K VE SOSYO-EKONOM\u0130K BEL\u0130RLEY\u0130C\u0130LER\u0130: K\u0130L\u0130S \u00d6RNE\u011e\u0130   \u00b7         T\u00dcRK\u0130YE-RUSYA T\u0130CAR\u0130 \u0130L\u0130\u015eK\u0130LER\u0130 (1990-2021 D\u00d6NEM\u0130)   \u00b7         EKONOM\u0130K KARMA\u015eIKLI\u011eIN SERA GAZI EM\u0130SYONU \u00dcZER\u0130NDEK\u0130 ETK\u0130S\u0130: EN Y\u00dcKSEK EKONOM\u0130K KARMA\u015eIKLI\u011eA SAH\u0130P ON \u00dcLKE \u00d6RNE\u011e\u0130 (1995-2018)   \u00b7         T\u00dcRK\u0130YE\u2019DE \u0130KT\u0130SAD\u0130 B\u00dcY\u00dcME \u0130HRACAT VE EKOLOJ\u0130K AYAK \u0130Z\u0130   \u00b7         \u0130KT\u0130SAD\u0130 B\u00dcY\u00dcME, YEN\u0130LENEB\u0130L\u0130R ENERJ\u0130 T\u00dcKET\u0130M\u0130 VE KARBON EM\u0130SYONU \u0130L\u0130\u015eK\u0130S\u0130: N11 \u00dcLKELER\u0130NE Y\u00d6NEL\u0130K EKONOMETR\u0130K TAHM\u0130N   \u00b7         T\u00dcRK\u0130YE\u2019N\u0130N COVID-19 MED\u0130KAL \u00dcR\u00dcN GRUPLARINDAK\u0130 DI\u015e T\u0130CARET\u0130 VE END\u00dcSTR\u0130 \u0130\u00c7\u0130 T\u0130CARET\u0130N\u0130N DURUMU: 2017-2021 D\u00d6NEM\u0130 \u00dcZER\u0130NE B\u0130R DE\u011eERLEND\u0130RME <\/p>\n","protected":false},"excerpt":{"rendered":"<p>\u00b7 T\u00dcRK\u0130YE\u2019DE \u0130\u015eG\u00dcC\u00dc P\u0130YASASINDA KADIN ALTIN SPOT VE VADEL\u0130 \u0130\u015eLEM P\u0130YASALARI ARASINDAK\u0130 NEDENSELL\u0130K \u0130L\u0130\u015eK\u0130S\u0130: 2013-2022 D\u00d6NEM\u0130 T\u00dcRK\u0130YE UYGULAMASI \u00b7 BANKACILIK R\u0130SKLER\u0130 VE R\u0130SK Y\u00d6NET\u0130M\u0130 \u00b7 TARIMSAL<span class=\"excerpt-hellip\"> [\u2026]<\/span><\/p>\n","protected":false},"featured_media":0,"template":"","meta":{"_monsterinsights_skip_tracking":false,"_monsterinsights_sitenote_active":false,"_monsterinsights_sitenote_note":"","_monsterinsights_sitenote_category":0},"product_brand":[],"product_cat":[20333,13043],"product_tag":[],"class_list":{"0":"post-743320","1":"product","2":"type-product","3":"status-publish","5":"product_cat-diger-ekonomi","6":"product_cat-ekonomi","7":"pa_cilt-ciltsiz","8":"pa_tur-kitap","9":"pa_yayinevi-gazi-kitabevi","10":"pa_yazar-kolektif","12":"first","13":"instock","14":"sale","15":"shipping-taxable","16":"purchasable","17":"product-type-simple"},"_links":{"self":[{"href":"https:\/\/roveyayinevi.com.tr\/index.php\/wp-json\/wp\/v2\/product\/743320","targetHints":{"allow":["GET"]}}],"collection":[{"href":"https:\/\/roveyayinevi.com.tr\/index.php\/wp-json\/wp\/v2\/product"}],"about":[{"href":"https:\/\/roveyayinevi.com.tr\/index.php\/wp-json\/wp\/v2\/types\/product"}],"wp:attachment":[{"href":"https:\/\/roveyayinevi.com.tr\/index.php\/wp-json\/wp\/v2\/media?parent=743320"}],"wp:term":[{"taxonomy":"product_brand","embeddable":true,"href":"https:\/\/roveyayinevi.com.tr\/index.php\/wp-json\/wp\/v2\/product_brand?post=743320"},{"taxonomy":"product_cat","embeddable":true,"href":"https:\/\/roveyayinevi.com.tr\/index.php\/wp-json\/wp\/v2\/product_cat?post=743320"},{"taxonomy":"product_tag","embeddable":true,"href":"https:\/\/roveyayinevi.com.tr\/index.php\/wp-json\/wp\/v2\/product_tag?post=743320"}],"curies":[{"name":"wp","href":"https:\/\/api.w.org\/{rel}","templated":true}]}}