{"id":743318,"date":"2025-08-28T01:32:11","date_gmt":"2025-08-27T22:32:11","guid":{"rendered":"https:\/\/roveyayinevi.com.tr\/index.php\/urun\/tolstoyevski-muammasi\/"},"modified":"2026-04-16T02:54:41","modified_gmt":"2026-04-15T23:54:41","slug":"tolstoyevski-muammasi","status":"publish","type":"product","link":"https:\/\/roveyayinevi.com.tr\/index.php\/urun\/tolstoyevski-muammasi\/","title":{"rendered":"Tolstoyevski  Muammas\u0131"},"content":{"rendered":"<p>Rus yazar Leon Fyodor Tolstoyevski\u2019nin ad\u0131n\u0131 herkes biliyor, de\u011fil mi? Ama ayn\u0131 ki\u015fi nas\u0131l Anna Karenina ve Karamazov Karde\u015fler kadar farkl\u0131 eserler yazm\u0131\u015f olabilir?Okumad\u0131\u011f\u0131m\u0131z Kitaplar Hakk\u0131nda Nas\u0131l Konu\u015furuz?, \u00d6nceden \u0130ntihal ve Peki, Ya Eserler Yazar De\u011fi\u015ftirseydi? kitaplar\u0131n\u0131n yazar\u0131 psikanalist, akademisyen ve denemeci Pierre Bayard\u2019\u0131n yakla\u015f\u0131k yirmi y\u0131ll\u0131k \u00e7al\u0131\u015fmas\u0131n\u0131n \u00fcr\u00fcn\u00fc olan Tolstoyevski Muammas\u0131, iki b\u00fcy\u00fck Rus yazar\u0131 tek isimde b\u00fct\u00fcnle\u015ftirip eserleri aras\u0131nda \u00f6zg\u00fcn bir ba\u011f kuruyor.Edebi tarz\u0131n\u0131 \u201cteorik kurmaca\u201d olarak tan\u0131mlayan Pierre Bayard, Freud\u2019un \u00e7abas\u0131n\u0131 devam ettirerek b\u00fcy\u00fck Rus edebiyat\u0131n\u0131n psikanalizini yap\u0131yor. \u00c7oklu ki\u015filikler teorisinden yola \u00e7\u0131kan Bayard, okuyucuya \u201cBen neden bir\u00e7ok ki\u015fiyim?\u201d sorusunu y\u00f6neltiyor. Tolstoyevski Muammas\u0131, hem ciddi bir \u015faka hem de zekice yaz\u0131lm\u0131\u015f grotesk bir deneme. Edebiyata, \u00f6zellikle de 19. y\u00fczy\u0131l Rus yaz\u0131n\u0131na \u00f6zg\u00fcn bir perspektifle, bir kez daha bakmak isteyenler i\u00e7in!<\/p>\n","protected":false},"excerpt":{"rendered":"<p>Rus yazar Leon Fyodor Tolstoyevski\u2019nin ad\u0131n\u0131 herkes biliyor, de\u011fil mi? Ama ayn\u0131 ki\u015fi nas\u0131l Anna Karenina ve Karamazov Karde\u015fler kadar farkl\u0131 eserler yazm\u0131\u015f olabilir?Okumad\u0131\u011f\u0131m\u0131z Kitaplar Hakk\u0131nda<span class=\"excerpt-hellip\"> [\u2026]<\/span><\/p>\n","protected":false},"featured_media":0,"template":"","meta":{"_monsterinsights_skip_tracking":false,"_monsterinsights_sitenote_active":false,"_monsterinsights_sitenote_note":"","_monsterinsights_sitenote_category":0},"product_brand":[],"product_cat":[12777,12291],"product_tag":[],"class_list":{"0":"post-743318","1":"product","2":"type-product","3":"status-publish","5":"product_cat-deneme","6":"product_cat-edebiyat","7":"pa_cilt-ciltsiz","8":"pa_tur-kitap","9":"pa_yayinevi-everest-yayinlari","10":"pa_yazar-pierre-bayard","12":"first","13":"instock","14":"sale","15":"shipping-taxable","16":"purchasable","17":"product-type-simple"},"_links":{"self":[{"href":"https:\/\/roveyayinevi.com.tr\/index.php\/wp-json\/wp\/v2\/product\/743318","targetHints":{"allow":["GET"]}}],"collection":[{"href":"https:\/\/roveyayinevi.com.tr\/index.php\/wp-json\/wp\/v2\/product"}],"about":[{"href":"https:\/\/roveyayinevi.com.tr\/index.php\/wp-json\/wp\/v2\/types\/product"}],"wp:attachment":[{"href":"https:\/\/roveyayinevi.com.tr\/index.php\/wp-json\/wp\/v2\/media?parent=743318"}],"wp:term":[{"taxonomy":"product_brand","embeddable":true,"href":"https:\/\/roveyayinevi.com.tr\/index.php\/wp-json\/wp\/v2\/product_brand?post=743318"},{"taxonomy":"product_cat","embeddable":true,"href":"https:\/\/roveyayinevi.com.tr\/index.php\/wp-json\/wp\/v2\/product_cat?post=743318"},{"taxonomy":"product_tag","embeddable":true,"href":"https:\/\/roveyayinevi.com.tr\/index.php\/wp-json\/wp\/v2\/product_tag?post=743318"}],"curies":[{"name":"wp","href":"https:\/\/api.w.org\/{rel}","templated":true}]}}