{"id":743317,"date":"2025-08-28T01:32:10","date_gmt":"2025-08-27T22:32:10","guid":{"rendered":"https:\/\/roveyayinevi.com.tr\/index.php\/urun\/cocuklar-sinir-sever\/"},"modified":"2026-04-16T02:54:41","modified_gmt":"2026-04-15T23:54:41","slug":"cocuklar-sinir-sever","status":"publish","type":"product","link":"https:\/\/roveyayinevi.com.tr\/index.php\/urun\/cocuklar-sinir-sever\/","title":{"rendered":"\u00c7ocuklar S\u0131n\u0131r Sever"},"content":{"rendered":"<p>Bu kitap size daha \u00f6nce hi\u00e7 duymad\u0131\u011f\u0131n\u0131z ve uygulamad\u0131\u011f\u0131n\u0131z sihirli \u00f6neriler ve h\u0131zl\u0131 \u00e7\u00f6z\u00fcmler sunmak i\u00e7in haz\u0131rland\u0131 demeyi \u00e7ok isterdim ama b\u00f6yle bir durumun pek m\u00fcmk\u00fcn olmad\u0131\u011f\u0131n\u0131 siz de biliyorsunuz. Peki bu kitapta ne var? Teorik olarak bildi\u011finiz ama pratikte uygulamakta zorland\u0131\u011f\u0131n\u0131z tutumlar ile ilgili \u00f6rnekli anlat\u0131mlar var. \u201cTutarl\u0131 ve kararl\u0131 olun\u201d \u00f6\u011fretisinden bir ad\u0131m \u00f6teye gidip \u00e7ocuklara g\u00fcvenli s\u0131n\u0131rlar olu\u015fturman\u0131n 100 farkl\u0131 \u015feklini g\u00f6rme \u015fans\u0131n\u0131z olacak. \u00b7         S\u0131n\u0131r koymak ne demek? \u00b7         Bunu nas\u0131l ba\u015faraca\u011f\u0131m? \u00b7         Ses tonum ve y\u00fcz ifadem \u00f6nemli mi? \u00b7         Peki ya konu\u015fma tarz\u0131m? \u00b7         Ne s\u00f6ylemem gerekiyor? \u00b7         Kesinlikle s\u00f6ylememem gereken neler var? Birlikte 100 soruluk bir yolculu\u011fa \u00e7\u0131kaca\u011f\u0131z. Yolculu\u011fun sonunda sizi 4 farkl\u0131 annenin \u00f6yk\u00fcs\u00fc bekliyor olacak. Keyifli bir yolculuk diliyorum. \u00c7ay\u0131n\u0131z\u0131 kahvenizi yan\u0131n\u0131za almay\u0131 unutmay\u0131n Sevgiler:) <\/p>\n","protected":false},"excerpt":{"rendered":"<p>Bu kitap size daha \u00f6nce hi\u00e7 duymad\u0131\u011f\u0131n\u0131z ve uygulamad\u0131\u011f\u0131n\u0131z sihirli \u00f6neriler ve h\u0131zl\u0131 \u00e7\u00f6z\u00fcmler sunmak i\u00e7in haz\u0131rland\u0131 demeyi \u00e7ok isterdim ama b\u00f6yle bir durumun pek m\u00fcmk\u00fcn<span class=\"excerpt-hellip\"> [\u2026]<\/span><\/p>\n","protected":false},"featured_media":0,"template":"","meta":{"_monsterinsights_skip_tracking":false,"_monsterinsights_sitenote_active":false,"_monsterinsights_sitenote_note":"","_monsterinsights_sitenote_category":0},"product_brand":[],"product_cat":[26509,13365],"product_tag":[],"class_list":{"0":"post-743317","1":"product","2":"type-product","3":"status-publish","5":"product_cat-cocuk-gelisimi","6":"product_cat-saglik","7":"pa_cilt-ciltsiz","8":"pa_tur-kitap","9":"pa_yayinevi-kripto-basim-yayin","10":"pa_yazar-emine-ergun","12":"first","13":"instock","14":"sale","15":"shipping-taxable","16":"purchasable","17":"product-type-simple"},"_links":{"self":[{"href":"https:\/\/roveyayinevi.com.tr\/index.php\/wp-json\/wp\/v2\/product\/743317","targetHints":{"allow":["GET"]}}],"collection":[{"href":"https:\/\/roveyayinevi.com.tr\/index.php\/wp-json\/wp\/v2\/product"}],"about":[{"href":"https:\/\/roveyayinevi.com.tr\/index.php\/wp-json\/wp\/v2\/types\/product"}],"wp:attachment":[{"href":"https:\/\/roveyayinevi.com.tr\/index.php\/wp-json\/wp\/v2\/media?parent=743317"}],"wp:term":[{"taxonomy":"product_brand","embeddable":true,"href":"https:\/\/roveyayinevi.com.tr\/index.php\/wp-json\/wp\/v2\/product_brand?post=743317"},{"taxonomy":"product_cat","embeddable":true,"href":"https:\/\/roveyayinevi.com.tr\/index.php\/wp-json\/wp\/v2\/product_cat?post=743317"},{"taxonomy":"product_tag","embeddable":true,"href":"https:\/\/roveyayinevi.com.tr\/index.php\/wp-json\/wp\/v2\/product_tag?post=743317"}],"curies":[{"name":"wp","href":"https:\/\/api.w.org\/{rel}","templated":true}]}}