{"id":743314,"date":"2025-08-28T01:32:07","date_gmt":"2025-08-27T22:32:07","guid":{"rendered":"https:\/\/roveyayinevi.com.tr\/index.php\/urun\/ayin-tadi-nasil-acaba-ciltli\/"},"modified":"2026-04-16T02:54:41","modified_gmt":"2026-04-15T23:54:41","slug":"ayin-tadi-nasil-acaba-ciltli","status":"publish","type":"product","link":"https:\/\/roveyayinevi.com.tr\/index.php\/urun\/ayin-tadi-nasil-acaba-ciltli\/","title":{"rendered":"Ay\u2019\u0131n Tad\u0131 Nas\u0131l Acaba? (Ciltli)"},"content":{"rendered":"<p>Hi\u00e7 merak ettiniz mi, Ay\u2019\u0131n tad\u0131 nas\u0131ld\u0131r acaba? Tatl\u0131 m\u0131d\u0131r yoksa tuzlu mu? Bu kitaptaki hayvanlar bu sorunun cevab\u0131n\u0131 \u00e7ok merak ediyor. Geceleri \u00f6zlemle g\u00f6ky\u00fcz\u00fcne bak\u0131yor, uzan\u0131p ona dokunmaya \u00e7al\u0131\u015f\u0131yorlar ama nafile.  Derken bir g\u00fcn k\u00fc\u00e7\u00fck kaplumba\u011fan\u0131n akl\u0131na bir fikir geliyor\u2026 <\/p>\n","protected":false},"excerpt":{"rendered":"<p>Hi\u00e7 merak ettiniz mi, Ay\u2019\u0131n tad\u0131 nas\u0131ld\u0131r acaba? Tatl\u0131 m\u0131d\u0131r yoksa tuzlu mu? Bu kitaptaki hayvanlar bu sorunun cevab\u0131n\u0131 \u00e7ok merak ediyor. Geceleri \u00f6zlemle g\u00f6ky\u00fcz\u00fcne bak\u0131yor,<span class=\"excerpt-hellip\"> [\u2026]<\/span><\/p>\n","protected":false},"featured_media":0,"template":"","meta":{"_monsterinsights_skip_tracking":false,"_monsterinsights_sitenote_active":false,"_monsterinsights_sitenote_note":"","_monsterinsights_sitenote_category":0},"product_brand":[],"product_cat":[12274,12284],"product_tag":[],"class_list":{"0":"post-743314","1":"product","2":"type-product","3":"status-publish","5":"product_cat-cocuk-ve-genclik-kitaplari","6":"product_cat-hikayeler","7":"pa_cilt-ciltli","8":"pa_tur-kitap","9":"pa_yayinevi-beyaz-balina-yayinlari","10":"pa_yazar-michael-grejniec","12":"first","13":"instock","14":"sale","15":"shipping-taxable","16":"purchasable","17":"product-type-simple"},"_links":{"self":[{"href":"https:\/\/roveyayinevi.com.tr\/index.php\/wp-json\/wp\/v2\/product\/743314","targetHints":{"allow":["GET"]}}],"collection":[{"href":"https:\/\/roveyayinevi.com.tr\/index.php\/wp-json\/wp\/v2\/product"}],"about":[{"href":"https:\/\/roveyayinevi.com.tr\/index.php\/wp-json\/wp\/v2\/types\/product"}],"wp:attachment":[{"href":"https:\/\/roveyayinevi.com.tr\/index.php\/wp-json\/wp\/v2\/media?parent=743314"}],"wp:term":[{"taxonomy":"product_brand","embeddable":true,"href":"https:\/\/roveyayinevi.com.tr\/index.php\/wp-json\/wp\/v2\/product_brand?post=743314"},{"taxonomy":"product_cat","embeddable":true,"href":"https:\/\/roveyayinevi.com.tr\/index.php\/wp-json\/wp\/v2\/product_cat?post=743314"},{"taxonomy":"product_tag","embeddable":true,"href":"https:\/\/roveyayinevi.com.tr\/index.php\/wp-json\/wp\/v2\/product_tag?post=743314"}],"curies":[{"name":"wp","href":"https:\/\/api.w.org\/{rel}","templated":true}]}}