{"id":743313,"date":"2025-08-28T01:32:06","date_gmt":"2025-08-27T22:32:06","guid":{"rendered":"https:\/\/roveyayinevi.com.tr\/index.php\/urun\/beklenen\/"},"modified":"2026-04-12T02:59:17","modified_gmt":"2026-04-11T23:59:17","slug":"beklenen","status":"publish","type":"product","link":"https:\/\/roveyayinevi.com.tr\/index.php\/urun\/beklenen\/","title":{"rendered":"Beklenen"},"content":{"rendered":"<p>ya\u015fam   k\u00f6hne bir geminin k\u00fcpe\u015ftesinde kozmosta uzay\u0131p gitmekte zaman bir toz zerresinde ye\u015ferir ya\u015fam e\u011freti gizemi s\u00fcrerken her an   bilinmez nereden ta\u015f\u0131r r\u00fczg\u00e2rlar yeni g\u00fcne do\u011fan misafirleri ba\u015flang\u0131\u00e7tan h\u0131zla \u0131ray\u0131p gider at\u0131yla d\u00f6rtnala ko\u015fan s\u00fcvari   sahte bir d\u00fcnyan\u0131n ger\u00e7ekli\u011finde yorgun bir tekneyle ge\u00e7er denizi bir \u00e7\u0131ra yalaz\u0131 \u0131\u015f\u0131t\u0131r sanki vuslata uzanan sonsuz dehlizi <\/p>\n","protected":false},"excerpt":{"rendered":"<p>ya\u015fam k\u00f6hne bir geminin k\u00fcpe\u015ftesinde kozmosta uzay\u0131p gitmekte zaman bir toz zerresinde ye\u015ferir ya\u015fam e\u011freti gizemi s\u00fcrerken her an bilinmez nereden ta\u015f\u0131r r\u00fczg\u00e2rlar yeni g\u00fcne do\u011fan<span class=\"excerpt-hellip\"> [\u2026]<\/span><\/p>\n","protected":false},"featured_media":0,"template":"","meta":{"_monsterinsights_skip_tracking":false,"_monsterinsights_sitenote_active":false,"_monsterinsights_sitenote_note":"","_monsterinsights_sitenote_category":0},"product_brand":[],"product_cat":[12291,12509],"product_tag":[],"class_list":{"0":"post-743313","1":"product","2":"type-product","3":"status-publish","5":"product_cat-edebiyat","6":"product_cat-siir","7":"pa_cilt-ciltsiz","8":"pa_tur-kitap","9":"pa_yayinevi-la-kitap-yayinlari","10":"pa_yazar-murat-aydin-doma","12":"first","13":"instock","14":"sale","15":"shipping-taxable","16":"purchasable","17":"product-type-simple"},"_links":{"self":[{"href":"https:\/\/roveyayinevi.com.tr\/index.php\/wp-json\/wp\/v2\/product\/743313","targetHints":{"allow":["GET"]}}],"collection":[{"href":"https:\/\/roveyayinevi.com.tr\/index.php\/wp-json\/wp\/v2\/product"}],"about":[{"href":"https:\/\/roveyayinevi.com.tr\/index.php\/wp-json\/wp\/v2\/types\/product"}],"wp:attachment":[{"href":"https:\/\/roveyayinevi.com.tr\/index.php\/wp-json\/wp\/v2\/media?parent=743313"}],"wp:term":[{"taxonomy":"product_brand","embeddable":true,"href":"https:\/\/roveyayinevi.com.tr\/index.php\/wp-json\/wp\/v2\/product_brand?post=743313"},{"taxonomy":"product_cat","embeddable":true,"href":"https:\/\/roveyayinevi.com.tr\/index.php\/wp-json\/wp\/v2\/product_cat?post=743313"},{"taxonomy":"product_tag","embeddable":true,"href":"https:\/\/roveyayinevi.com.tr\/index.php\/wp-json\/wp\/v2\/product_tag?post=743313"}],"curies":[{"name":"wp","href":"https:\/\/api.w.org\/{rel}","templated":true}]}}