{"id":743310,"date":"2025-08-28T01:32:02","date_gmt":"2025-08-27T22:32:02","guid":{"rendered":"https:\/\/roveyayinevi.com.tr\/index.php\/urun\/ukudul-leal-inceleme-metin-dizin\/"},"modified":"2026-04-16T02:54:41","modified_gmt":"2026-04-15T23:54:41","slug":"ukudul-leal-inceleme-metin-dizin","status":"publish","type":"product","link":"https:\/\/roveyayinevi.com.tr\/index.php\/urun\/ukudul-leal-inceleme-metin-dizin\/","title":{"rendered":"Ukud\u00fc\u2019l-Le\u2019al (\u0130nceleme-Metin-Dizin)"},"content":{"rendered":"<p>SAHHAFLAR \u015eEYH\u0130-Z\u00c2DE AHMED NAZ\u00ceF EFEND\u0130 UK\u00dbD\u00dc\u2019L-LE\u2019\u00c2L (ARAP\u00c7A MESEL S\u00d6ZL\u00dc\u011e\u00dc) \u0130NCELEME-MET\u0130N-D\u0130Z\u0130N  Tan\u0131t\u0131m Metni<\/p>\n","protected":false},"excerpt":{"rendered":"<p>SAHHAFLAR \u015eEYH\u0130-Z\u00c2DE AHMED NAZ\u00ceF EFEND\u0130 UK\u00dbD\u00dc\u2019L-LE\u2019\u00c2L (ARAP\u00c7A MESEL S\u00d6ZL\u00dc\u011e\u00dc) \u0130NCELEME-MET\u0130N-D\u0130Z\u0130N Tan\u0131t\u0131m Metni<\/p>\n","protected":false},"featured_media":0,"template":"","meta":{"_monsterinsights_skip_tracking":false,"_monsterinsights_sitenote_active":false,"_monsterinsights_sitenote_note":"","_monsterinsights_sitenote_category":0},"product_brand":[],"product_cat":[12566,13611],"product_tag":[],"class_list":{"0":"post-743310","1":"product","2":"type-product","3":"status-publish","5":"product_cat-egitim","6":"product_cat-sozlukler-ve-konusma-kilavuzlari","7":"pa_cilt-ciltsiz","8":"pa_tur-kitap","9":"pa_yayinevi-soncag-akademik-kitaplar","10":"pa_yazar-doc-dr-osman-duzgun","12":"first","13":"instock","14":"sale","15":"shipping-taxable","16":"purchasable","17":"product-type-simple"},"_links":{"self":[{"href":"https:\/\/roveyayinevi.com.tr\/index.php\/wp-json\/wp\/v2\/product\/743310","targetHints":{"allow":["GET"]}}],"collection":[{"href":"https:\/\/roveyayinevi.com.tr\/index.php\/wp-json\/wp\/v2\/product"}],"about":[{"href":"https:\/\/roveyayinevi.com.tr\/index.php\/wp-json\/wp\/v2\/types\/product"}],"wp:attachment":[{"href":"https:\/\/roveyayinevi.com.tr\/index.php\/wp-json\/wp\/v2\/media?parent=743310"}],"wp:term":[{"taxonomy":"product_brand","embeddable":true,"href":"https:\/\/roveyayinevi.com.tr\/index.php\/wp-json\/wp\/v2\/product_brand?post=743310"},{"taxonomy":"product_cat","embeddable":true,"href":"https:\/\/roveyayinevi.com.tr\/index.php\/wp-json\/wp\/v2\/product_cat?post=743310"},{"taxonomy":"product_tag","embeddable":true,"href":"https:\/\/roveyayinevi.com.tr\/index.php\/wp-json\/wp\/v2\/product_tag?post=743310"}],"curies":[{"name":"wp","href":"https:\/\/api.w.org\/{rel}","templated":true}]}}