{"id":743309,"date":"2025-08-28T01:32:01","date_gmt":"2025-08-27T22:32:01","guid":{"rendered":"https:\/\/roveyayinevi.com.tr\/index.php\/urun\/kus-atlasi-ciltli\/"},"modified":"2026-04-16T02:54:41","modified_gmt":"2026-04-15T23:54:41","slug":"kus-atlasi-ciltli","status":"publish","type":"product","link":"https:\/\/roveyayinevi.com.tr\/index.php\/urun\/kus-atlasi-ciltli\/","title":{"rendered":"Ku\u015f Atlas\u0131 (Ciltli)"},"content":{"rendered":"<p>KU\u015e ATLASI   D\u00fcnyan\u0131n en h\u0131zl\u0131 canl\u0131s\u0131 g\u00f6kdo\u011fan, b\u00fcy\u00fcd\u00fck\u00e7e k\u0131yafet de\u011fi\u015ftiren g\u00fcm\u00fc\u015f mart\u0131, gagas\u0131yla yuvas\u0131n\u0131 diken terziku\u015fu, hi\u00e7 yere inmeden aylarca u\u00e7abilen ebabil, bitkilerin koruyucusu k\u0131z\u0131lgerdan, d\u00fcnyan\u0131n en b\u00fcy\u00fck bayku\u015fu puhu, usta bal\u0131k\u00e7\u0131 yal\u0131\u00e7apk\u0131n\u0131, her sesi taklit edebilen muhte\u015fem lir ku\u015fu, g\u00f6\u00e7 etmeyi sevmeyen eyer gagal\u0131 leylek, \u015fovuyla izleyicilerini b\u00fcy\u00fcleyen mavi tepeli cennetku\u015fu, g\u00f6\u00e7 \u015fampiyonu kutup sumrusu, d\u00fcnyan\u0131n en k\u00fc\u00e7\u00fck ku\u015fu k\u00fcba ar\u0131 kolibrisi, evcil tavuklar\u0131n atas\u0131 yaban tavu\u011fu, olimpiyat ko\u015fucusu deve ku\u015fu\u2026   7 k\u0131tadan, birbirinden g\u00fczel 52 ku\u015f bu atlasta! <\/p>\n","protected":false},"excerpt":{"rendered":"<p>KU\u015e ATLASI D\u00fcnyan\u0131n en h\u0131zl\u0131 canl\u0131s\u0131 g\u00f6kdo\u011fan, b\u00fcy\u00fcd\u00fck\u00e7e k\u0131yafet de\u011fi\u015ftiren g\u00fcm\u00fc\u015f mart\u0131, gagas\u0131yla yuvas\u0131n\u0131 diken terziku\u015fu, hi\u00e7 yere inmeden aylarca u\u00e7abilen ebabil, bitkilerin koruyucusu k\u0131z\u0131lgerdan, d\u00fcnyan\u0131n<span class=\"excerpt-hellip\"> [\u2026]<\/span><\/p>\n","protected":false},"featured_media":0,"template":"","meta":{"_monsterinsights_skip_tracking":false,"_monsterinsights_sitenote_active":false,"_monsterinsights_sitenote_note":"","_monsterinsights_sitenote_category":0},"product_brand":[],"product_cat":[12275,12274],"product_tag":[],"class_list":{"0":"post-743309","1":"product","2":"type-product","3":"status-publish","5":"product_cat-6-12-yas-kitaplari","6":"product_cat-cocuk-ve-genclik-kitaplari","7":"pa_cilt-ciltli","8":"pa_tur-kitap","9":"pa_yayinevi-taze-kitap","10":"pa_yazar-emrah-coraman","12":"first","13":"instock","14":"sale","15":"shipping-taxable","16":"purchasable","17":"product-type-simple"},"_links":{"self":[{"href":"https:\/\/roveyayinevi.com.tr\/index.php\/wp-json\/wp\/v2\/product\/743309","targetHints":{"allow":["GET"]}}],"collection":[{"href":"https:\/\/roveyayinevi.com.tr\/index.php\/wp-json\/wp\/v2\/product"}],"about":[{"href":"https:\/\/roveyayinevi.com.tr\/index.php\/wp-json\/wp\/v2\/types\/product"}],"wp:attachment":[{"href":"https:\/\/roveyayinevi.com.tr\/index.php\/wp-json\/wp\/v2\/media?parent=743309"}],"wp:term":[{"taxonomy":"product_brand","embeddable":true,"href":"https:\/\/roveyayinevi.com.tr\/index.php\/wp-json\/wp\/v2\/product_brand?post=743309"},{"taxonomy":"product_cat","embeddable":true,"href":"https:\/\/roveyayinevi.com.tr\/index.php\/wp-json\/wp\/v2\/product_cat?post=743309"},{"taxonomy":"product_tag","embeddable":true,"href":"https:\/\/roveyayinevi.com.tr\/index.php\/wp-json\/wp\/v2\/product_tag?post=743309"}],"curies":[{"name":"wp","href":"https:\/\/api.w.org\/{rel}","templated":true}]}}