{"id":743308,"date":"2025-08-28T01:31:59","date_gmt":"2025-08-27T22:31:59","guid":{"rendered":"https:\/\/roveyayinevi.com.tr\/index.php\/urun\/gece-bitmedi\/"},"modified":"2026-04-16T02:54:41","modified_gmt":"2026-04-15T23:54:41","slug":"gece-bitmedi","status":"publish","type":"product","link":"https:\/\/roveyayinevi.com.tr\/index.php\/urun\/gece-bitmedi\/","title":{"rendered":"Gece Bitmedi"},"content":{"rendered":"<p>12 Mart sonras\u0131 Dolar ve Mark kuru \u00fczerinden bi\u00e7imlenen hayatlar, her \u015feyi t\u00fcketmeyi kendine \u015fiar edinen kafas\u0131 kar\u0131\u015f\u0131k, obur bir toplum ve bu hayat\u0131n g\u00f6be\u011finde ilk \u00e7ocuklar\u0131 i\u00e7in g\u00fcn sayan, birbirlerine s\u0131r\u0131ls\u0131klam \u00e2\u015f\u0131k bir \u00e7iftin hik\u00e2yesi. Muzaffer Buyruk\u00e7u, Gece Bitmedi\u2019de okurlar\u0131n\u0131 s\u0131ms\u0131cak bir yolculu\u011fa \u00e7\u0131kar\u0131yor ve yazar\u0131n kurumak bilmeyen m\u00fcrekkebi bu kez Ali ile Meral \u00e7iftinin izini s\u00fcr\u00fcyor. Gen\u00e7 \u00e7iftin her an de\u011fi\u015fen, yenilenen ve yo\u011funla\u015fan duygu d\u00fcnyalar\u0131n\u0131n foto\u011fraf\u0131n\u0131 \u00e7ekiyor Buyruk\u00e7u. \u00c7a\u011fr\u0131\u015f\u0131mlarla, an\u0131msamalarla, ge\u00e7mi\u015f g\u00fcnlerin tatl\u0131 buruklu\u011fuyla, birlikteliklerini olu\u015fturan rastlant\u0131larla ikili ili\u015fkilerin en yo\u011fun halleri, her an ortaya \u00e7\u0131kmaya haz\u0131r tutkular\u0131n insan benli\u011fi \u00fcst\u00fcndeki derin tesiri&#8230; \u0130ki gen\u00e7 \u00e2\u015f\u0131\u011f\u0131n \u00e7evresinde \u015fekillenen ve aile bireylerinin ihtiraslar\u0131yla insan\u0131n i\u00e7ine y\u00f6nelen bir roman. <\/p>\n","protected":false},"excerpt":{"rendered":"<p>12 Mart sonras\u0131 Dolar ve Mark kuru \u00fczerinden bi\u00e7imlenen hayatlar, her \u015feyi t\u00fcketmeyi kendine \u015fiar edinen kafas\u0131 kar\u0131\u015f\u0131k, obur bir toplum ve bu hayat\u0131n g\u00f6be\u011finde ilk<span class=\"excerpt-hellip\"> [\u2026]<\/span><\/p>\n","protected":false},"featured_media":0,"template":"","meta":{"_monsterinsights_skip_tracking":false,"_monsterinsights_sitenote_active":false,"_monsterinsights_sitenote_note":"","_monsterinsights_sitenote_category":0},"product_brand":[],"product_cat":[12291,12711],"product_tag":[],"class_list":{"0":"post-743308","1":"product","2":"type-product","3":"status-publish","5":"product_cat-edebiyat","6":"product_cat-roman-oyku","7":"pa_cilt-ciltsiz","8":"pa_tur-kitap","9":"pa_yayinevi-kirmizi-kedi-yayinevi","10":"pa_yazar-muzaffer-buyrukcu","12":"first","13":"instock","14":"sale","15":"shipping-taxable","16":"purchasable","17":"product-type-simple"},"_links":{"self":[{"href":"https:\/\/roveyayinevi.com.tr\/index.php\/wp-json\/wp\/v2\/product\/743308","targetHints":{"allow":["GET"]}}],"collection":[{"href":"https:\/\/roveyayinevi.com.tr\/index.php\/wp-json\/wp\/v2\/product"}],"about":[{"href":"https:\/\/roveyayinevi.com.tr\/index.php\/wp-json\/wp\/v2\/types\/product"}],"wp:attachment":[{"href":"https:\/\/roveyayinevi.com.tr\/index.php\/wp-json\/wp\/v2\/media?parent=743308"}],"wp:term":[{"taxonomy":"product_brand","embeddable":true,"href":"https:\/\/roveyayinevi.com.tr\/index.php\/wp-json\/wp\/v2\/product_brand?post=743308"},{"taxonomy":"product_cat","embeddable":true,"href":"https:\/\/roveyayinevi.com.tr\/index.php\/wp-json\/wp\/v2\/product_cat?post=743308"},{"taxonomy":"product_tag","embeddable":true,"href":"https:\/\/roveyayinevi.com.tr\/index.php\/wp-json\/wp\/v2\/product_tag?post=743308"}],"curies":[{"name":"wp","href":"https:\/\/api.w.org\/{rel}","templated":true}]}}