{"id":743305,"date":"2025-08-28T01:31:55","date_gmt":"2025-08-27T22:31:55","guid":{"rendered":"https:\/\/roveyayinevi.com.tr\/index.php\/urun\/caylak-geyik-zamani\/"},"modified":"2026-04-15T03:05:29","modified_gmt":"2026-04-15T00:05:29","slug":"caylak-geyik-zamani","status":"publish","type":"product","link":"https:\/\/roveyayinevi.com.tr\/index.php\/urun\/caylak-geyik-zamani\/","title":{"rendered":"\u00c7aylak -Geyik Zaman\u0131"},"content":{"rendered":"<p>Kitap Tan\u0131t\u0131m Yaz\u0131s\u0131 : Merhaba arkada\u015flar! Size bir sorum var: D\u00fcnyan\u0131n en uyu\u015fuk kara par\u00e7as\u0131n\u0131 \u00fcbers\u00fcper maceral\u0131 bir yere \u00e7evirmek i\u00e7in ne laz\u0131m? A) \u00c7aylak B) \u00c7aylak C) \u00c7aylak  D) Tabii ki \u00c7aylak! \u201cYine ne i\u015fler kar\u0131\u015ft\u0131rd\u0131n?\u201d diye sordu\u011funuzu duyar gibiyim. Haz\u0131r olun\u2026 \u0130\u015fte s\u00f6yl\u00fcyorum\u2026 \u015eerminlerin en terminat\u00f6r\u00fc annem \u015eerminat\u00f6r beni acayip esrarengiz bir adaya s\u00fcrg\u00fcne g\u00f6nderdi! Evet evet, do\u011fru duydunuz! K\u0131h k\u0131h k\u0131h\u2026 Neyse\u2026  Yan\u0131mda hediye olarak verilen ekonomik boy dostum  Memo ile \u00f6yle ilgin\u00e7 bir adaya s\u00fcrg\u00fcn edildim ki ba\u015f\u0131mdan ge\u00e7enleri okurken heyecandan tansiyonunuz falan \u00e7\u0131kabilir!  Uyarmad\u0131 demeyin. Haydi, ne bekliyorsunuz bakal\u0131m? Hep birlikte acayip \u00f6tesi Geyik Adas\u0131\u2019na \u0131\u015f\u0131nlan\u0131yoruz. \u00dc\u00e7, iki, bir\u2026 MACERA BA\u015eLASIN! Merhaba, ben \u00c7aylak! 3 deyince maceraya ba\u015fl\u0131yoruz. 1&#8230; 2&#8230; veeee 3! <\/p>\n","protected":false},"excerpt":{"rendered":"<p>Kitap Tan\u0131t\u0131m Yaz\u0131s\u0131 : Merhaba arkada\u015flar! Size bir sorum var: D\u00fcnyan\u0131n en uyu\u015fuk kara par\u00e7as\u0131n\u0131 \u00fcbers\u00fcper maceral\u0131 bir yere \u00e7evirmek i\u00e7in ne laz\u0131m? A) \u00c7aylak B)<span class=\"excerpt-hellip\"> [\u2026]<\/span><\/p>\n","protected":false},"featured_media":0,"template":"","meta":{"_monsterinsights_skip_tracking":false,"_monsterinsights_sitenote_active":false,"_monsterinsights_sitenote_note":"","_monsterinsights_sitenote_category":0},"product_brand":[],"product_cat":[12274,12284],"product_tag":[],"class_list":{"0":"post-743305","1":"product","2":"type-product","3":"status-publish","5":"product_cat-cocuk-ve-genclik-kitaplari","6":"product_cat-hikayeler","7":"pa_cilt-ciltsiz","8":"pa_tur-kitap","9":"pa_yayinevi-yakamoz-cocuk","10":"pa_yazar-deniz-eroztoprak","12":"first","13":"instock","14":"sale","15":"shipping-taxable","16":"purchasable","17":"product-type-simple"},"_links":{"self":[{"href":"https:\/\/roveyayinevi.com.tr\/index.php\/wp-json\/wp\/v2\/product\/743305","targetHints":{"allow":["GET"]}}],"collection":[{"href":"https:\/\/roveyayinevi.com.tr\/index.php\/wp-json\/wp\/v2\/product"}],"about":[{"href":"https:\/\/roveyayinevi.com.tr\/index.php\/wp-json\/wp\/v2\/types\/product"}],"wp:attachment":[{"href":"https:\/\/roveyayinevi.com.tr\/index.php\/wp-json\/wp\/v2\/media?parent=743305"}],"wp:term":[{"taxonomy":"product_brand","embeddable":true,"href":"https:\/\/roveyayinevi.com.tr\/index.php\/wp-json\/wp\/v2\/product_brand?post=743305"},{"taxonomy":"product_cat","embeddable":true,"href":"https:\/\/roveyayinevi.com.tr\/index.php\/wp-json\/wp\/v2\/product_cat?post=743305"},{"taxonomy":"product_tag","embeddable":true,"href":"https:\/\/roveyayinevi.com.tr\/index.php\/wp-json\/wp\/v2\/product_tag?post=743305"}],"curies":[{"name":"wp","href":"https:\/\/api.w.org\/{rel}","templated":true}]}}