{"id":743300,"date":"2025-08-28T01:31:48","date_gmt":"2025-08-27T22:31:48","guid":{"rendered":"https:\/\/roveyayinevi.com.tr\/index.php\/urun\/gelegen-ask\/"},"modified":"2026-04-16T02:54:40","modified_gmt":"2026-04-15T23:54:40","slug":"gelegen-ask","status":"publish","type":"product","link":"https:\/\/roveyayinevi.com.tr\/index.php\/urun\/gelegen-ask\/","title":{"rendered":"Gele\u011fen A\u015fk"},"content":{"rendered":"<p>Bug\u00fcn, kur\u015funa dizip esareti \u00d6lm\u00fc\u015f ruhlar\u0131n gelene\u011finden kopsak Ka\u00e7sak nergisler bulvar\u0131ndan Meyve bah\u00e7elerine saklansak Geceleri y\u0131ld\u0131z sefas\u0131nda Dalbast\u0131 kirazlar\u0131 \u00e7atlatsak Uyan\u0131p erkenden gizlice bulu\u015fsak Tane tane ya\u011fmur ya\u011fsa Islansak s\u0131r\u0131ls\u0131klam B\u00fclb\u00fcl sesinden melodiler dalgalansa Havaland\u0131rsa sa\u00e7lar\u0131n\u0131 r\u00fczgar. <\/p>\n","protected":false},"excerpt":{"rendered":"<p>Bug\u00fcn, kur\u015funa dizip esareti \u00d6lm\u00fc\u015f ruhlar\u0131n gelene\u011finden kopsak Ka\u00e7sak nergisler bulvar\u0131ndan Meyve bah\u00e7elerine saklansak Geceleri y\u0131ld\u0131z sefas\u0131nda Dalbast\u0131 kirazlar\u0131 \u00e7atlatsak Uyan\u0131p erkenden gizlice bulu\u015fsak Tane tane<span class=\"excerpt-hellip\"> [\u2026]<\/span><\/p>\n","protected":false},"featured_media":0,"template":"","meta":{"_monsterinsights_skip_tracking":false,"_monsterinsights_sitenote_active":false,"_monsterinsights_sitenote_note":"","_monsterinsights_sitenote_category":0},"product_brand":[],"product_cat":[12291,12509],"product_tag":[],"class_list":{"0":"post-743300","1":"product","2":"type-product","3":"status-publish","5":"product_cat-edebiyat","6":"product_cat-siir","7":"pa_cilt-ciltsiz","8":"pa_tur-kitap","9":"pa_yayinevi-sinirsiz-kitap","10":"pa_yazar-hasan-cosar","12":"first","13":"instock","14":"sale","15":"shipping-taxable","16":"purchasable","17":"product-type-simple"},"_links":{"self":[{"href":"https:\/\/roveyayinevi.com.tr\/index.php\/wp-json\/wp\/v2\/product\/743300","targetHints":{"allow":["GET"]}}],"collection":[{"href":"https:\/\/roveyayinevi.com.tr\/index.php\/wp-json\/wp\/v2\/product"}],"about":[{"href":"https:\/\/roveyayinevi.com.tr\/index.php\/wp-json\/wp\/v2\/types\/product"}],"wp:attachment":[{"href":"https:\/\/roveyayinevi.com.tr\/index.php\/wp-json\/wp\/v2\/media?parent=743300"}],"wp:term":[{"taxonomy":"product_brand","embeddable":true,"href":"https:\/\/roveyayinevi.com.tr\/index.php\/wp-json\/wp\/v2\/product_brand?post=743300"},{"taxonomy":"product_cat","embeddable":true,"href":"https:\/\/roveyayinevi.com.tr\/index.php\/wp-json\/wp\/v2\/product_cat?post=743300"},{"taxonomy":"product_tag","embeddable":true,"href":"https:\/\/roveyayinevi.com.tr\/index.php\/wp-json\/wp\/v2\/product_tag?post=743300"}],"curies":[{"name":"wp","href":"https:\/\/api.w.org\/{rel}","templated":true}]}}