{"id":743299,"date":"2025-08-28T01:31:48","date_gmt":"2025-08-27T22:31:48","guid":{"rendered":"https:\/\/roveyayinevi.com.tr\/index.php\/urun\/kitap-lik-223-eylul-ekim-2022\/"},"modified":"2026-04-16T02:54:40","modified_gmt":"2026-04-15T23:54:40","slug":"kitap-lik-223-eylul-ekim-2022","status":"publish","type":"product","link":"https:\/\/roveyayinevi.com.tr\/index.php\/urun\/kitap-lik-223-eylul-ekim-2022\/","title":{"rendered":"Kitap-l\u0131k 223 \/ Eyl\u00fcl \u2013 Ekim 2022"},"content":{"rendered":"<p>Yap\u0131 Kredi Yay\u0131nlar\u0131 taraf\u0131ndan yay\u0131mlanmakta olan kitap-l\u0131k dergisinin 223. say\u0131s\u0131 Maksim Osipov\u2019un \u201cSo\u011fuk, Mahcup, \u00d6zg\u00fcr\u201d adl\u0131 yol yaz\u0131s\u0131yla a\u00e7\u0131l\u0131yor. Ukrayna sava\u015f\u0131 nedeniyle Almanya\u2019ya g\u00f6\u00e7en g\u00fcn\u00fcm\u00fcz\u00fcn \u00f6nde gelen Rus yazarlar\u0131ndan Osipov, \u00fclkesini terk edi\u015fini edebiyat, tarih, siyaset ba\u011flam\u0131nda anlat\u0131yor. Kapak konusu olan ikinci yaz\u0131 ise \u00dcnal Ayt\u00fcr\u2019\u00fcn \u201cDestandan Romana\u201d adl\u0131 yaz\u0131s\u0131. Ayt\u00fcr, roman t\u00fcr\u00fcn\u00fcn kaynaklar\u0131n\u0131 ve y\u00fczy\u0131llar boyu geli\u015fimini d\u00fcnya klasikleri \u00e7er\u00e7evesinde ele al\u0131yor. \u00d6te yandan bu say\u0131yla birlikte 30. y\u0131l\u0131na giren kitap-l\u0131k\u2019ta Mehmet Can Do\u011fan \u201c\u00d6mer Edip Cansever\u2019in \u0130ki Hik\u00e2yesi\u201d ile Kup\u00fcr Kup\u00fcr Edebiyat, K\u00fclt\u00fcr ba\u015fl\u0131kl\u0131 bir b\u00f6l\u00fcme ba\u015fl\u0131yor. <\/p>\n","protected":false},"excerpt":{"rendered":"<p>Yap\u0131 Kredi Yay\u0131nlar\u0131 taraf\u0131ndan yay\u0131mlanmakta olan kitap-l\u0131k dergisinin 223. say\u0131s\u0131 Maksim Osipov\u2019un \u201cSo\u011fuk, Mahcup, \u00d6zg\u00fcr\u201d adl\u0131 yol yaz\u0131s\u0131yla a\u00e7\u0131l\u0131yor. Ukrayna sava\u015f\u0131 nedeniyle Almanya\u2019ya g\u00f6\u00e7en g\u00fcn\u00fcm\u00fcz\u00fcn \u00f6nde<span class=\"excerpt-hellip\"> [\u2026]<\/span><\/p>\n","protected":false},"featured_media":0,"template":"","meta":{"_monsterinsights_skip_tracking":false,"_monsterinsights_sitenote_active":false,"_monsterinsights_sitenote_note":"","_monsterinsights_sitenote_category":0},"product_brand":[],"product_cat":[13527],"product_tag":[],"class_list":{"0":"post-743299","1":"product","2":"type-product","3":"status-publish","5":"product_cat-sureli-yayinlar","6":"pa_cilt-ciltsiz","7":"pa_tur-dergi","8":"pa_yayinevi-yapi-kredi-yayinlari","9":"pa_yazar-kolektif","11":"first","12":"instock","13":"sale","14":"shipping-taxable","15":"purchasable","16":"product-type-simple"},"_links":{"self":[{"href":"https:\/\/roveyayinevi.com.tr\/index.php\/wp-json\/wp\/v2\/product\/743299","targetHints":{"allow":["GET"]}}],"collection":[{"href":"https:\/\/roveyayinevi.com.tr\/index.php\/wp-json\/wp\/v2\/product"}],"about":[{"href":"https:\/\/roveyayinevi.com.tr\/index.php\/wp-json\/wp\/v2\/types\/product"}],"wp:attachment":[{"href":"https:\/\/roveyayinevi.com.tr\/index.php\/wp-json\/wp\/v2\/media?parent=743299"}],"wp:term":[{"taxonomy":"product_brand","embeddable":true,"href":"https:\/\/roveyayinevi.com.tr\/index.php\/wp-json\/wp\/v2\/product_brand?post=743299"},{"taxonomy":"product_cat","embeddable":true,"href":"https:\/\/roveyayinevi.com.tr\/index.php\/wp-json\/wp\/v2\/product_cat?post=743299"},{"taxonomy":"product_tag","embeddable":true,"href":"https:\/\/roveyayinevi.com.tr\/index.php\/wp-json\/wp\/v2\/product_tag?post=743299"}],"curies":[{"name":"wp","href":"https:\/\/api.w.org\/{rel}","templated":true}]}}