{"id":743295,"date":"2025-08-28T01:31:43","date_gmt":"2025-08-27T22:31:43","guid":{"rendered":"https:\/\/roveyayinevi.com.tr\/index.php\/urun\/kayip-destanin-izinde\/"},"modified":"2026-04-16T02:54:40","modified_gmt":"2026-04-15T23:54:40","slug":"kayip-destanin-izinde","status":"publish","type":"product","link":"https:\/\/roveyayinevi.com.tr\/index.php\/urun\/kayip-destanin-izinde\/","title":{"rendered":"Kay\u0131p Destan&#8217;\u0131n \u0130zinde"},"content":{"rendered":"<p>KAYIP DESTAN\u2019IN \u0130Z\u0130NDE N\u00e2z\u0131m Hikmet, \u0130deoloji ve Yeniden Yazmak \u201cOkuyaca\u011f\u0131n\u0131z kitap, temel olarak, N\u00e2z\u0131m Hikmet\u2019in [\u2026] y\u00f6nlendirilmi\u015f ya da \u00f6nyarg\u0131l\u0131 okumalara en \u00e7ok maruz kalm\u0131\u015f\/kalmakta olan iki metnine odaklanacakt\u0131r: Kuv\u00e2yi  Milliye ve Memleketimden \u0130nsan Manzaralar\u0131. Ad\u0131 ge\u00e7en iki metin, yaz\u0131l\u0131\u015f motivasyonlar\u0131 ve s\u00fcre\u00e7lerinin i\u00e7 i\u00e7e ge\u00e7mesi, yaz\u0131l\u0131\u015f tarihinden \u00e7ok sonra yay\u0131mlanmalar\u0131 ve yazar\u0131n s\u00fcrekli olarak metinlerinin \u00fczerinde de\u011fi\u015fikliklere gitmesi nedeniyle olduk\u00e7a karma\u015f\u0131k birer hik\u00e2yeye sahiptirler. \u00dcstelik bu hik\u00e2yeler zaman i\u00e7inde kendi mitlerini yaratm\u0131\u015f ve bug\u00fcn de ge\u00e7erli olmak \u00fczere bu iki metin kendi hayran kitlelerine, ideolojik takip\u00e7ilerine ya da reddedicilerine kavu\u015fmu\u015ftur. Buna kar\u015f\u0131n, T\u00fcrk\u00e7e edebiyat\u0131n k\u00f6\u015fe ta\u015flar\u0131ndan olan bu iki N\u00e2z\u0131m Hikmet imzal\u0131 kitab\u0131n yaz\u0131l\u0131\u015f ve yay\u0131mlan\u0131\u015f s\u00fcre\u00e7leri hakk\u0131nda derli toplu herhangi bir kayna\u011fa ula\u015fmak m\u00fcmk\u00fcn de\u011fildir. [\u2026] Oysa Kuv\u00e2yi Milliye ve Memleketimden \u0130nsan Manzaralar\u0131 hakk\u0131nda yorumlar yapmadan evvel, bu tarih\u00e7ilerin ortaya \u00e7\u0131kar\u0131lmas\u0131 \u00f6ncelikli bir ihtiya\u00e7t\u0131r.\u201d   Kay\u0131p Destan\u2019\u0131n \u0130zinde, N\u00e2z\u0131m Hikmet\u2019in en \u00e7ok ilgi g\u00f6ren eseri Kuv\u00e2yi Milliye\u2019nin Memleketimden \u0130nsan Manzaralar\u0131\u2019na uzanan yolculu\u011funu anlat\u0131yor. Erkan Irmak kitab\u0131nda bu iki eserin yaz\u0131l\u0131\u015f ve yay\u0131mlanma s\u00fcre\u00e7lerini, T\u00fcrkiye\u2019deki rejim ve tarih anlay\u0131\u015f\u0131yla ili\u015fkilerini, okur taraf\u0131ndan al\u0131mlan\u0131\u015flar\u0131n\u0131 ve t\u00fcr olarak konumlar\u0131n\u0131 tart\u0131\u015f\u0131yor ve iki eseri kar\u015f\u0131la\u015ft\u0131rarak Kuv\u00e2yi Milliye\u2019nin Memleketimden \u0130nsan Manzaralar\u0131 i\u00e7inde nas\u0131l yeniden yaz\u0131ld\u0131\u011f\u0131n\u0131 ve bu yeniden yaz\u0131lman\u0131n ne anlama geldi\u011fini sorguluyor. Irmak, bu s\u00fcreci, N\u00e2z\u0131m Hikmet\u2019in ya\u015fam\u0131n\u0131, eserleriyle olan ili\u015fkisini ve eserlerini yazmas\u0131nda etkili olan T\u00fcrkiye\u2019nin tarihsel ko\u015fullar\u0131n\u0131 da i\u00e7eren canl\u0131, zengin bir anlat\u0131mda sunuyor. Kitap, N\u00e2z\u0131m Hikmet\u2019in yazarl\u0131\u011f\u0131na odaklanan edebi \u00e7al\u0131\u015fmalar alan\u0131ndaki eksikli\u011fi gidermek y\u00f6n\u00fcnde \u00f6nemli bir ad\u0131m niteli\u011fi de ta\u015f\u0131yor.   <\/p>\n","protected":false},"excerpt":{"rendered":"<p>KAYIP DESTAN\u2019IN \u0130Z\u0130NDE N\u00e2z\u0131m Hikmet, \u0130deoloji ve Yeniden Yazmak \u201cOkuyaca\u011f\u0131n\u0131z kitap, temel olarak, N\u00e2z\u0131m Hikmet\u2019in [\u2026] y\u00f6nlendirilmi\u015f ya da \u00f6nyarg\u0131l\u0131 okumalara en \u00e7ok maruz kalm\u0131\u015f\/kalmakta olan<span class=\"excerpt-hellip\"> [\u2026]<\/span><\/p>\n","protected":false},"featured_media":0,"template":"","meta":{"_monsterinsights_skip_tracking":false,"_monsterinsights_sitenote_active":false,"_monsterinsights_sitenote_note":"","_monsterinsights_sitenote_category":0},"product_brand":[],"product_cat":[13072,12291],"product_tag":[],"class_list":{"0":"post-743295","1":"product","2":"type-product","3":"status-publish","5":"product_cat-arastirma-inceleme-referans","6":"product_cat-edebiyat","7":"pa_cilt-ciltsiz","8":"pa_tur-kitap","9":"pa_yayinevi-yapi-kredi-yayinlari","10":"pa_yazar-erkan-irmak","12":"first","13":"instock","14":"sale","15":"shipping-taxable","16":"purchasable","17":"product-type-simple"},"_links":{"self":[{"href":"https:\/\/roveyayinevi.com.tr\/index.php\/wp-json\/wp\/v2\/product\/743295","targetHints":{"allow":["GET"]}}],"collection":[{"href":"https:\/\/roveyayinevi.com.tr\/index.php\/wp-json\/wp\/v2\/product"}],"about":[{"href":"https:\/\/roveyayinevi.com.tr\/index.php\/wp-json\/wp\/v2\/types\/product"}],"wp:attachment":[{"href":"https:\/\/roveyayinevi.com.tr\/index.php\/wp-json\/wp\/v2\/media?parent=743295"}],"wp:term":[{"taxonomy":"product_brand","embeddable":true,"href":"https:\/\/roveyayinevi.com.tr\/index.php\/wp-json\/wp\/v2\/product_brand?post=743295"},{"taxonomy":"product_cat","embeddable":true,"href":"https:\/\/roveyayinevi.com.tr\/index.php\/wp-json\/wp\/v2\/product_cat?post=743295"},{"taxonomy":"product_tag","embeddable":true,"href":"https:\/\/roveyayinevi.com.tr\/index.php\/wp-json\/wp\/v2\/product_tag?post=743295"}],"curies":[{"name":"wp","href":"https:\/\/api.w.org\/{rel}","templated":true}]}}