{"id":743294,"date":"2025-08-28T01:31:41","date_gmt":"2025-08-27T22:31:41","guid":{"rendered":"https:\/\/roveyayinevi.com.tr\/index.php\/urun\/ayni-cati-altinda-kucuk-yildizlar\/"},"modified":"2026-04-16T02:54:40","modified_gmt":"2026-04-15T23:54:40","slug":"ayni-cati-altinda-kucuk-yildizlar","status":"publish","type":"product","link":"https:\/\/roveyayinevi.com.tr\/index.php\/urun\/ayni-cati-altinda-kucuk-yildizlar\/","title":{"rendered":"Ayn\u0131 \u00c7at\u0131 Alt\u0131nda &#8211; K\u00fc\u00e7\u00fck Y\u0131ld\u0131zlar"},"content":{"rendered":"<p>Sevginin ayn\u0131 \u00e7at\u0131 alt\u0131nda birle\u015ftirdikleri&#8230;&#8221;K\u00fc\u00e7\u00fck Y\u0131ld\u0131zlar &#8211; \u0130lk Okuma Kitapl\u0131\u011f\u0131&#8221; serisindeki yerini alan Ayn\u0131 \u00c7at\u0131 Alt\u0131nda, m\u00fcltecilik kavram\u0131n\u0131 oda\u011f\u0131na alarak \u00e7ocuklar\u0131n psikososyal uyum s\u00fcre\u00e7lerini g\u00f6zler \u00f6n\u00fcne seriyor.Farkl\u0131l\u0131klar\u0131n zenginli\u011fi \u00fcst\u00fcne d\u00fc\u015f\u00fcnd\u00fcrecek bu arkada\u015fl\u0131k \u00f6yk\u00fcs\u00fc, okurlar\u0131 hem e\u011flenceli hem de \u00f6\u011fretici bir ser\u00fcvene \u00e7\u0131kar\u0131yor. \u00c7ocuklar\u0131n oyunla kurduklar\u0131 d\u00fcnyada ayr\u0131mc\u0131l\u0131\u011fa yer olmad\u0131\u011f\u0131n\u0131 an\u0131msatan kitap, sevginin ve dostlu\u011fun her engelin \u00fcstesinden gelece\u011fini vurguluyor.  Ormanl\u0131k bir yerde ya\u015fayan Mete ve arkada\u015flar\u0131, evlerine yak\u0131n koruluk bir alanda, ladin a\u011fa\u00e7lar\u0131n\u0131n bulundu\u011fu yerde bir kul\u00fcbe in\u015fa etmek isterler. Tatillerini renklendirecek bu yeni &#8221;yuva&#8221;lar\u0131 i\u00e7in hepsinin akl\u0131nda bamba\u015fka bir fikir vard\u0131r. Uzun tart\u0131\u015fmalar\u0131n ard\u0131ndan herkesin iste\u011fini kar\u015f\u0131layacak bir kul\u00fcbe yapmaya karar verirler. Oysa bu hayali ger\u00e7ekle\u015ftirmek zannettikleri kadar kolay olmayacak ve aksilikler pe\u015flerini b\u0131rakmayacakt\u0131r. Ta ki mahallelerine yeni ta\u015f\u0131nan Suriyeli k\u0131z Mayla ile tan\u0131\u015fana dek&#8230; Evinden \u00e7ok uzaklarda, ailesiyle birlikte yeni bir ya\u015fama ba\u015flayan bu gizemli k\u0131z acaba Mete ve arkada\u015flar\u0131n\u0131 ayn\u0131 \u00e7at\u0131 alt\u0131nda bulu\u015fturmay\u0131 ba\u015farabilecek midir? M\u00fclteci ve s\u0131\u011f\u0131nmac\u0131 \u00e7ocuklar\u0131n d\u00fcnyas\u0131n\u0131 naif bir \u00fcslupla yans\u0131tan bu i\u00e7ten anlat\u0131, ortak bir hedef u\u011fruna m\u00fccadele etmenin ve ba\u015far\u0131ya ula\u015fman\u0131n de\u011ferini y\u00fcceltiyor.&#8221;K\u00fc\u00e7\u00fck Y\u0131ld\u0131zlar &#8211; \u0130lk Okuma Kitapl\u0131\u011f\u0131&#8221; serisi kapsam\u0131nda &#8221;Okuma Seviyesi 2&#8221; olarak s\u0131n\u0131fland\u0131r\u0131lan Ayn\u0131 \u00c7at\u0131 Alt\u0131nda, son b\u00f6l\u00fcm\u00fcnde yer verdi\u011fi bulmaca ve oyunlarla, 7 ya\u015f ve \u00fczerindeki okurlar\u0131n kelime da\u011farc\u0131\u011f\u0131n\u0131 zenginle\u015ftiriyor, okuduklar\u0131n\u0131 daha iyi anlamalar\u0131na ve peki\u015ftirmelerine olanak sa\u011fl\u0131yor. <\/p>\n","protected":false},"excerpt":{"rendered":"<p>Sevginin ayn\u0131 \u00e7at\u0131 alt\u0131nda birle\u015ftirdikleri&#8230;&#8221;K\u00fc\u00e7\u00fck Y\u0131ld\u0131zlar &#8211; \u0130lk Okuma Kitapl\u0131\u011f\u0131&#8221; serisindeki yerini alan Ayn\u0131 \u00c7at\u0131 Alt\u0131nda, m\u00fcltecilik kavram\u0131n\u0131 oda\u011f\u0131na alarak \u00e7ocuklar\u0131n psikososyal uyum s\u00fcre\u00e7lerini g\u00f6zler \u00f6n\u00fcne<span class=\"excerpt-hellip\"> [\u2026]<\/span><\/p>\n","protected":false},"featured_media":0,"template":"","meta":{"_monsterinsights_skip_tracking":false,"_monsterinsights_sitenote_active":false,"_monsterinsights_sitenote_note":"","_monsterinsights_sitenote_category":0},"product_brand":[],"product_cat":[12275,12274],"product_tag":[],"class_list":{"0":"post-743294","1":"product","2":"type-product","3":"status-publish","5":"product_cat-6-12-yas-kitaplari","6":"product_cat-cocuk-ve-genclik-kitaplari","7":"pa_cilt-ciltsiz","8":"pa_tur-kitap","9":"pa_yayinevi-tudem-yayinlari","10":"pa_yazar-manfred-mai-martin-lenz","12":"first","13":"instock","14":"sale","15":"shipping-taxable","16":"purchasable","17":"product-type-simple"},"_links":{"self":[{"href":"https:\/\/roveyayinevi.com.tr\/index.php\/wp-json\/wp\/v2\/product\/743294","targetHints":{"allow":["GET"]}}],"collection":[{"href":"https:\/\/roveyayinevi.com.tr\/index.php\/wp-json\/wp\/v2\/product"}],"about":[{"href":"https:\/\/roveyayinevi.com.tr\/index.php\/wp-json\/wp\/v2\/types\/product"}],"wp:attachment":[{"href":"https:\/\/roveyayinevi.com.tr\/index.php\/wp-json\/wp\/v2\/media?parent=743294"}],"wp:term":[{"taxonomy":"product_brand","embeddable":true,"href":"https:\/\/roveyayinevi.com.tr\/index.php\/wp-json\/wp\/v2\/product_brand?post=743294"},{"taxonomy":"product_cat","embeddable":true,"href":"https:\/\/roveyayinevi.com.tr\/index.php\/wp-json\/wp\/v2\/product_cat?post=743294"},{"taxonomy":"product_tag","embeddable":true,"href":"https:\/\/roveyayinevi.com.tr\/index.php\/wp-json\/wp\/v2\/product_tag?post=743294"}],"curies":[{"name":"wp","href":"https:\/\/api.w.org\/{rel}","templated":true}]}}