{"id":743292,"date":"2025-08-28T01:31:39","date_gmt":"2025-08-27T22:31:39","guid":{"rendered":"https:\/\/roveyayinevi.com.tr\/index.php\/urun\/gul-dedi-ki\/"},"modified":"2026-04-16T02:54:40","modified_gmt":"2026-04-15T23:54:40","slug":"gul-dedi-ki","status":"publish","type":"product","link":"https:\/\/roveyayinevi.com.tr\/index.php\/urun\/gul-dedi-ki\/","title":{"rendered":"G\u00fcl Dedi Ki&#8230;"},"content":{"rendered":"<p>Do\u011fada yaln\u0131zca insanlar\u0131n de\u011fil, canl\u0131 cans\u0131z t\u00fcm varl\u0131klar\u0131n dili vard\u0131r. O dili anlayan \u00e7ok \u015fey \u00f6\u011frenir. G\u00fcl ise do\u011fan\u0131n en \u00e7ok dili konu\u015fan, en \u00e7ok tad\u0131 i\u00e7eren, en \u00e7ok kokuyu \u00fcreten, en \u00e7ok renge sahip \u00e7i\u00e7e\u011fidir. Mustafa Balbay, \u00e7i\u00e7e\u011finden dikenine, yapra\u011f\u0131ndan g\u00f6vdesine kadar her \u015feyiyle insana ya\u015fam\u0131 anlatan en bereketi a\u011fa\u00e7 olan g\u00fcl ile kurdu\u011fu dostluktan damlalar sunuyor. Okuyucusunu Semerkant\u2019tan Budape\u015fte\u2019ye uzanan bir yolculu\u011fa \u00e7\u0131kar\u0131yor, Fuzuli\u2019den Yunus Emre\u2019ye t\u00fcm bilgelerin bulu\u015fma noktas\u0131 olan mis kokulu g\u00fcl\u00fcn \u00f6yk\u00fcs\u00fcn\u00fc anlat\u0131yor. \u00c2\u015f\u0131k Veysel\u2019in dedi\u011fi gibi, \u201cG\u00fcle k\u0131ymet verilmezdi \u00e2\u015f\u0131k ile ma\u015fuk olmasa\u2026\u201d <\/p>\n","protected":false},"excerpt":{"rendered":"<p>Do\u011fada yaln\u0131zca insanlar\u0131n de\u011fil, canl\u0131 cans\u0131z t\u00fcm varl\u0131klar\u0131n dili vard\u0131r. O dili anlayan \u00e7ok \u015fey \u00f6\u011frenir. G\u00fcl ise do\u011fan\u0131n en \u00e7ok dili konu\u015fan, en \u00e7ok tad\u0131<span class=\"excerpt-hellip\"> [\u2026]<\/span><\/p>\n","protected":false},"featured_media":0,"template":"","meta":{"_monsterinsights_skip_tracking":false,"_monsterinsights_sitenote_active":false,"_monsterinsights_sitenote_note":"","_monsterinsights_sitenote_category":0},"product_brand":[],"product_cat":[12274,12284],"product_tag":[],"class_list":{"0":"post-743292","1":"product","2":"type-product","3":"status-publish","5":"product_cat-cocuk-ve-genclik-kitaplari","6":"product_cat-hikayeler","7":"pa_cilt-ciltsiz","8":"pa_tur-kitap","9":"pa_yayinevi-cumhuriyet-kitaplari","10":"pa_yazar-mustafa-balbay","12":"first","13":"instock","14":"sale","15":"shipping-taxable","16":"purchasable","17":"product-type-simple"},"_links":{"self":[{"href":"https:\/\/roveyayinevi.com.tr\/index.php\/wp-json\/wp\/v2\/product\/743292","targetHints":{"allow":["GET"]}}],"collection":[{"href":"https:\/\/roveyayinevi.com.tr\/index.php\/wp-json\/wp\/v2\/product"}],"about":[{"href":"https:\/\/roveyayinevi.com.tr\/index.php\/wp-json\/wp\/v2\/types\/product"}],"wp:attachment":[{"href":"https:\/\/roveyayinevi.com.tr\/index.php\/wp-json\/wp\/v2\/media?parent=743292"}],"wp:term":[{"taxonomy":"product_brand","embeddable":true,"href":"https:\/\/roveyayinevi.com.tr\/index.php\/wp-json\/wp\/v2\/product_brand?post=743292"},{"taxonomy":"product_cat","embeddable":true,"href":"https:\/\/roveyayinevi.com.tr\/index.php\/wp-json\/wp\/v2\/product_cat?post=743292"},{"taxonomy":"product_tag","embeddable":true,"href":"https:\/\/roveyayinevi.com.tr\/index.php\/wp-json\/wp\/v2\/product_tag?post=743292"}],"curies":[{"name":"wp","href":"https:\/\/api.w.org\/{rel}","templated":true}]}}