{"id":743289,"date":"2025-08-28T01:31:34","date_gmt":"2025-08-27T22:31:34","guid":{"rendered":"https:\/\/roveyayinevi.com.tr\/index.php\/urun\/afili-mahalle-3-ciltli\/"},"modified":"2026-04-16T02:54:40","modified_gmt":"2026-04-15T23:54:40","slug":"afili-mahalle-3-ciltli","status":"publish","type":"product","link":"https:\/\/roveyayinevi.com.tr\/index.php\/urun\/afili-mahalle-3-ciltli\/","title":{"rendered":"Afili Mahalle-3 (Ciltli)"},"content":{"rendered":"<p>Siz hi\u00e7 Ay&#8217;a gittiniz mi? Ya da Ay&#8217;a giden bir kedi g\u00f6rd\u00fcn\u00fcz m\u00fc? Evet evet yanl\u0131\u015f duymad\u0131n\u0131z Hamdi ve kedisi \u201cB\u0131y\u0131kl\u0131\u201d ve Afili arkada\u015flar\u0131 Ay&#8217;a gidiyor. Siz de bu maceraya ortak olmak istiyorsan\u0131z haz\u0131rlan\u0131n Ay&#8217;a gidiyoruz. Haydi bize kat\u0131l\u0131n. Afili ol, Afili kal. <\/p>\n","protected":false},"excerpt":{"rendered":"<p>Siz hi\u00e7 Ay&#8217;a gittiniz mi? Ya da Ay&#8217;a giden bir kedi g\u00f6rd\u00fcn\u00fcz m\u00fc? Evet evet yanl\u0131\u015f duymad\u0131n\u0131z Hamdi ve kedisi \u201cB\u0131y\u0131kl\u0131\u201d ve Afili arkada\u015flar\u0131 Ay&#8217;a gidiyor.<span class=\"excerpt-hellip\"> [\u2026]<\/span><\/p>\n","protected":false},"featured_media":0,"template":"","meta":{"_monsterinsights_skip_tracking":false,"_monsterinsights_sitenote_active":false,"_monsterinsights_sitenote_note":"","_monsterinsights_sitenote_category":0},"product_brand":[],"product_cat":[12274,12284],"product_tag":[],"class_list":{"0":"post-743289","1":"product","2":"type-product","3":"status-publish","5":"product_cat-cocuk-ve-genclik-kitaplari","6":"product_cat-hikayeler","7":"pa_cilt-ciltli","8":"pa_tur-kitap","9":"pa_yayinevi-nesil-cocuk-yayinlari","10":"pa_yazar-abdil-mert","12":"first","13":"instock","14":"sale","15":"shipping-taxable","16":"purchasable","17":"product-type-simple"},"_links":{"self":[{"href":"https:\/\/roveyayinevi.com.tr\/index.php\/wp-json\/wp\/v2\/product\/743289","targetHints":{"allow":["GET"]}}],"collection":[{"href":"https:\/\/roveyayinevi.com.tr\/index.php\/wp-json\/wp\/v2\/product"}],"about":[{"href":"https:\/\/roveyayinevi.com.tr\/index.php\/wp-json\/wp\/v2\/types\/product"}],"wp:attachment":[{"href":"https:\/\/roveyayinevi.com.tr\/index.php\/wp-json\/wp\/v2\/media?parent=743289"}],"wp:term":[{"taxonomy":"product_brand","embeddable":true,"href":"https:\/\/roveyayinevi.com.tr\/index.php\/wp-json\/wp\/v2\/product_brand?post=743289"},{"taxonomy":"product_cat","embeddable":true,"href":"https:\/\/roveyayinevi.com.tr\/index.php\/wp-json\/wp\/v2\/product_cat?post=743289"},{"taxonomy":"product_tag","embeddable":true,"href":"https:\/\/roveyayinevi.com.tr\/index.php\/wp-json\/wp\/v2\/product_tag?post=743289"}],"curies":[{"name":"wp","href":"https:\/\/api.w.org\/{rel}","templated":true}]}}