{"id":743288,"date":"2025-08-28T01:31:33","date_gmt":"2025-08-27T22:31:33","guid":{"rendered":"https:\/\/roveyayinevi.com.tr\/index.php\/urun\/istanbul-kaldirimi\/"},"modified":"2026-04-16T02:54:40","modified_gmt":"2026-04-15T23:54:40","slug":"istanbul-kaldirimi","status":"publish","type":"product","link":"https:\/\/roveyayinevi.com.tr\/index.php\/urun\/istanbul-kaldirimi\/","title":{"rendered":"\u0130stanbul Kald\u0131r\u0131m\u0131"},"content":{"rendered":"<p>Siyaset akl\u0131 bozar, a\u015fk ise kalbin ilac\u0131d\u0131r. \u0130stanbul sabahlar\u0131, deniz k\u0131y\u0131s\u0131nda uzanan \u00e2\u015f\u0131k bir kad\u0131n\u0131 an\u0131msat\u0131yor, ak\u015famlar\u0131 ise \u00f6r\u00fcmcekler ortaya \u00e7\u0131k\u0131p siyaset ve devrimlerin duvarlar\u0131na t\u0131rman\u0131yor.   Matya, ilgin\u00e7 bir a\u015fk hik\u00e2yesi ya\u015f\u0131yor; sinema oyuncusu sevgilisinin kendi \u00fclkesi M\u0131s\u0131r\u2019daki otorite ile T\u00fcrkiye\u2019deki muhalefet ile \u0130hvan aras\u0131nda s\u0131k\u0131\u015fan siyasi m\u00fccadelesinin ortas\u0131nda kalbini sadece a\u015fka a\u00e7maya \u00e7al\u0131\u015f\u0131yor.   M\u0131s\u0131rl\u0131 yazar ve sunucu Sami KEMALETT\u0130N, sokaklar\u0131ndan ve siyaset konulu televizyon programlar\u0131n\u0131n st\u00fcdyolar\u0131ndan, Arap bak\u0131\u015f a\u00e7\u0131s\u0131yla bir \u0130stanbul izlenimi sunuyor. Bizi \u0130stanbul sokaklar\u0131n\u0131n derinliklerine \u00e7ekiyor ve on dokuzuncu y\u00fczy\u0131lda \u0130stanbul\u2019u ziyaret eden oryantalist ve edebiyat\u00e7\u0131lar\u0131n yaz\u0131lar\u0131n\u0131 hat\u0131rlatarak, onlar gibi sarho\u015f oluncaya dek \u0130stanbul\u2019un a\u015fk\u0131nda bo\u011fuluyor.<\/p>\n","protected":false},"excerpt":{"rendered":"<p>Siyaset akl\u0131 bozar, a\u015fk ise kalbin ilac\u0131d\u0131r. \u0130stanbul sabahlar\u0131, deniz k\u0131y\u0131s\u0131nda uzanan \u00e2\u015f\u0131k bir kad\u0131n\u0131 an\u0131msat\u0131yor, ak\u015famlar\u0131 ise \u00f6r\u00fcmcekler ortaya \u00e7\u0131k\u0131p siyaset ve devrimlerin duvarlar\u0131na t\u0131rman\u0131yor.<span class=\"excerpt-hellip\"> [\u2026]<\/span><\/p>\n","protected":false},"featured_media":0,"template":"","meta":{"_monsterinsights_skip_tracking":false,"_monsterinsights_sitenote_active":false,"_monsterinsights_sitenote_note":"","_monsterinsights_sitenote_category":0},"product_brand":[],"product_cat":[12291,12711],"product_tag":[],"class_list":{"0":"post-743288","1":"product","2":"type-product","3":"status-publish","5":"product_cat-edebiyat","6":"product_cat-roman-oyku","7":"pa_cilt-ciltsiz","8":"pa_tur-kitap","9":"pa_yayinevi-karinca-yayinlari","10":"pa_yazar-sami-kemalettin","12":"first","13":"instock","14":"sale","15":"shipping-taxable","16":"purchasable","17":"product-type-simple"},"_links":{"self":[{"href":"https:\/\/roveyayinevi.com.tr\/index.php\/wp-json\/wp\/v2\/product\/743288","targetHints":{"allow":["GET"]}}],"collection":[{"href":"https:\/\/roveyayinevi.com.tr\/index.php\/wp-json\/wp\/v2\/product"}],"about":[{"href":"https:\/\/roveyayinevi.com.tr\/index.php\/wp-json\/wp\/v2\/types\/product"}],"wp:attachment":[{"href":"https:\/\/roveyayinevi.com.tr\/index.php\/wp-json\/wp\/v2\/media?parent=743288"}],"wp:term":[{"taxonomy":"product_brand","embeddable":true,"href":"https:\/\/roveyayinevi.com.tr\/index.php\/wp-json\/wp\/v2\/product_brand?post=743288"},{"taxonomy":"product_cat","embeddable":true,"href":"https:\/\/roveyayinevi.com.tr\/index.php\/wp-json\/wp\/v2\/product_cat?post=743288"},{"taxonomy":"product_tag","embeddable":true,"href":"https:\/\/roveyayinevi.com.tr\/index.php\/wp-json\/wp\/v2\/product_tag?post=743288"}],"curies":[{"name":"wp","href":"https:\/\/api.w.org\/{rel}","templated":true}]}}