{"id":743287,"date":"2025-08-28T01:31:31","date_gmt":"2025-08-27T22:31:31","guid":{"rendered":"https:\/\/roveyayinevi.com.tr\/index.php\/urun\/ah-vatan-ah-vatan\/"},"modified":"2025-12-30T10:57:04","modified_gmt":"2025-12-30T07:57:04","slug":"ah-vatan-ah-vatan","status":"publish","type":"product","link":"https:\/\/roveyayinevi.com.tr\/index.php\/urun\/ah-vatan-ah-vatan\/","title":{"rendered":"AH VATAN AH VATAN"},"content":{"rendered":"<p>Halit Payza tarihi ger\u00e7eklere dayanan roman\u0131nda \u0130zmir&#8217;in i\u015fgalinden sonra i\u015fgalin Anadolu\u2019ya yay\u0131lmas\u0131n\u0131 \u00f6nlemek i\u00e7in Bat\u0131 Anadolu\u2019da kurulan Milli M\u00fccadele birliklerini ve bu birliklerin kahramanlar\u0131ndan olan Atat\u00fcrk\u2019\u00fcn Nutuk\u2019ta Akba\u015f Kahraman\u0131 olarak s\u00f6z etti\u011fi K\u00f6pr\u00fcl\u00fcl\u00fc Hamdi Bey\u2019i, Edremit, Ayval\u0131k ve K\u00f6rfez b\u00f6lgesinde verilen m\u00fccadeleyi belgesel tad\u0131nda romana d\u00f6n\u00fc\u015ft\u00fcr\u00fcyor. Okuru o y\u0131llara g\u00f6t\u00fcrerek, tarihsel roman alan\u0131nda iddial\u0131 bir esere imza at\u0131yor. K\u0131y\u0131ya do\u011fru ko\u015fu\u015fturan deli dalgalar aras\u0131nda \u00f6nce alabora olmamak i\u00e7in \u00e7\u0131rp\u0131nan bir kay\u0131k g\u00f6r\u00fcnd\u00fc. Sonra o k\u00fc\u00e7\u00fck kay\u0131\u011f\u0131, birbirinin ayn\u0131s\u0131 on, on be\u015f kay\u0131k izledi. K\u00fc\u00e7\u00fck kay\u0131klara Nusrat May\u0131s Gemisinin hayaleti e\u015flik ediyordu. D\u00fcmenlerini Bergos\u2019a do\u011fru k\u0131r\u0131p, \u00c7anakkale Sava\u015f\u0131ndan kalma bat\u0131k gemi enkazlar\u0131n\u0131n aras\u0131ndan ge\u00e7erek geldikleri gibi sessizce Bergos iskelesine sokuldular. Bat\u0131k gemi enkazlar\u0131 \u0130ngiliz, Frans\u0131z gemilerinin ak\u0131nt\u0131yla k\u0131y\u0131ya s\u00fcr\u00fcklenen par\u00e7alar\u0131yd\u0131. Aralar\u0131nda 18 Mart 1915 \u00c7anakkale Deniz Sava\u015flar\u0131nda bat\u0131r\u0131lan Frans\u0131z Sava\u015f Gemisi Bouvet, \u0130ngiliz Sava\u015f Gemisi M.M.S. Irresistable, Ocean ve Elizabeth gibi z\u0131rhl\u0131lar vard\u0131. Ayn\u0131 g\u00fcn \u0130ngiliz Agememnon, \u0130nfexible ve Frans\u0131z Gaulois, Suffren z\u0131rhl\u0131lar\u0131 da a\u011f\u0131r yara alm\u0131\u015flard\u0131. Ve ne yaz\u0131k tarihin oyunu olmal\u0131yd\u0131 ki Osmanl\u0131 \u0130mparatorlu\u011fu\u2019nu par\u00e7alayan Mondros Ate\u015fkes Antla\u015fmas\u0131 da bu yenilginin r\u00f6van\u015f\u0131n\u0131 al\u0131r gibi onar\u0131lan Agememnon z\u0131rhl\u0131s\u0131nda imzalanm\u0131\u015ft\u0131. <\/p>\n","protected":false},"excerpt":{"rendered":"<p>Halit Payza tarihi ger\u00e7eklere dayanan roman\u0131nda \u0130zmir&#8217;in i\u015fgalinden sonra i\u015fgalin Anadolu\u2019ya yay\u0131lmas\u0131n\u0131 \u00f6nlemek i\u00e7in Bat\u0131 Anadolu\u2019da kurulan Milli M\u00fccadele birliklerini ve bu birliklerin kahramanlar\u0131ndan olan Atat\u00fcrk\u2019\u00fcn<span class=\"excerpt-hellip\"> [\u2026]<\/span><\/p>\n","protected":false},"featured_media":0,"template":"","meta":{"_monsterinsights_skip_tracking":false,"_monsterinsights_sitenote_active":false,"_monsterinsights_sitenote_note":"","_monsterinsights_sitenote_category":0},"product_brand":[],"product_cat":[12291,50487],"product_tag":[],"class_list":{"0":"post-743287","1":"product","2":"type-product","3":"status-publish","5":"product_cat-edebiyat","6":"product_cat-kurgu","7":"pa_cilt-ciltsiz","8":"pa_tur-kitap","9":"pa_yayinevi-arte","10":"pa_yazar-halit-payza","12":"first","13":"instock","14":"sale","15":"shipping-taxable","16":"purchasable","17":"product-type-simple"},"_links":{"self":[{"href":"https:\/\/roveyayinevi.com.tr\/index.php\/wp-json\/wp\/v2\/product\/743287","targetHints":{"allow":["GET"]}}],"collection":[{"href":"https:\/\/roveyayinevi.com.tr\/index.php\/wp-json\/wp\/v2\/product"}],"about":[{"href":"https:\/\/roveyayinevi.com.tr\/index.php\/wp-json\/wp\/v2\/types\/product"}],"wp:attachment":[{"href":"https:\/\/roveyayinevi.com.tr\/index.php\/wp-json\/wp\/v2\/media?parent=743287"}],"wp:term":[{"taxonomy":"product_brand","embeddable":true,"href":"https:\/\/roveyayinevi.com.tr\/index.php\/wp-json\/wp\/v2\/product_brand?post=743287"},{"taxonomy":"product_cat","embeddable":true,"href":"https:\/\/roveyayinevi.com.tr\/index.php\/wp-json\/wp\/v2\/product_cat?post=743287"},{"taxonomy":"product_tag","embeddable":true,"href":"https:\/\/roveyayinevi.com.tr\/index.php\/wp-json\/wp\/v2\/product_tag?post=743287"}],"curies":[{"name":"wp","href":"https:\/\/api.w.org\/{rel}","templated":true}]}}