{"id":743286,"date":"2025-08-28T01:31:30","date_gmt":"2025-08-27T22:31:30","guid":{"rendered":"https:\/\/roveyayinevi.com.tr\/index.php\/urun\/klinikten-kulture-lacanci-psikanaliz\/"},"modified":"2026-04-16T02:54:40","modified_gmt":"2026-04-15T23:54:40","slug":"klinikten-kulture-lacanci-psikanaliz","status":"publish","type":"product","link":"https:\/\/roveyayinevi.com.tr\/index.php\/urun\/klinikten-kulture-lacanci-psikanaliz\/","title":{"rendered":"Klinikten K\u00fclt\u00fcre Lacanc\u0131 Psikanaliz"},"content":{"rendered":"<p>Psikanalitik vaka sunumlar\u0131 ile yazar\u0131n\u0131n ki\u015fisel deneyimlerini Lacanc\u0131 teoriyle harmanlayan bu ayd\u0131nlat\u0131c\u0131 kitap, \u00e7a\u011fda\u015f \u00f6znelli\u011fi anlamaya \u00e7al\u0131\u015f\u0131rken Lacanc\u0131 psikanalizden \u00f6\u011frenebileceklerimize \u0131\u015f\u0131k tutuyor.Sinema filmlerine bolca at\u0131fta bulunan, yapay zek\u00e2yla ilgili tart\u0131\u015fmalar\u0131 es ge\u00e7meyen, bunun yan\u0131 s\u0131ra da klinik ve k\u00fclt\u00fcrel referanslar\u0131yla hayli doyurucu bir metin niteli\u011fi ta\u015f\u0131yan Klinikten K\u00fclt\u00fcre Lacanc\u0131 Psikanaliz, r\u00fcyalar, ayna evresi, nevroz, psikoz, narsisizm, histeri, analistin konumu, d\u00fcrt\u00fc, s\u00fcpervizyon ve semptom gibi psikanaliz sahas\u0131na dair ba\u015fl\u0131ca konular\u0131 ele al\u0131rken, bunlar\u0131n her birini teknoloji ve piyasaya dayal\u0131 \u00e7a\u011fda\u015f toplum d\u00fczenimiz \u00fczerinden okuyor.Klinikten K\u00fclt\u00fcre Lacanc\u0131 Psikanaliz, hem Lacanc\u0131 psikanalizle ilgilenenler i\u00e7in hem de karma\u015f\u0131k toplumsal sorunlara kafa yoranlar i\u00e7in \u00f6nemli bir kaynak.\u201cJazani\u2019nin psikanalitik vaka analizleri, neoliberal ba\u015far\u0131 ideolojisinin \u00f6nc\u00fcllerini ve insanlarda m\u00fckemmel olma bask\u0131s\u0131 ba\u011flam\u0131nda ortaya \u00e7\u0131kan semptomlar\u0131 anlamak isteyenlere son derece yard\u0131mc\u0131 olacak.\u201d \u2013Renata Salecl<\/p>\n","protected":false},"excerpt":{"rendered":"<p>Psikanalitik vaka sunumlar\u0131 ile yazar\u0131n\u0131n ki\u015fisel deneyimlerini Lacanc\u0131 teoriyle harmanlayan bu ayd\u0131nlat\u0131c\u0131 kitap, \u00e7a\u011fda\u015f \u00f6znelli\u011fi anlamaya \u00e7al\u0131\u015f\u0131rken Lacanc\u0131 psikanalizden \u00f6\u011frenebileceklerimize \u0131\u015f\u0131k tutuyor.Sinema filmlerine bolca at\u0131fta bulunan,<span class=\"excerpt-hellip\"> [\u2026]<\/span><\/p>\n","protected":false},"featured_media":0,"template":"","meta":{"_monsterinsights_skip_tracking":false,"_monsterinsights_sitenote_active":false,"_monsterinsights_sitenote_note":"","_monsterinsights_sitenote_category":0},"product_brand":[],"product_cat":[25175,12357],"product_tag":[],"class_list":{"0":"post-743286","1":"product","2":"type-product","3":"status-publish","5":"product_cat-egitim-psikolojisi","6":"product_cat-psikoloji","7":"pa_cilt-ciltsiz","8":"pa_tur-kitap","9":"pa_yayinevi-minotor-kitap","10":"pa_yazar-berjanet-jazani","12":"first","13":"instock","14":"sale","15":"shipping-taxable","16":"purchasable","17":"product-type-simple"},"_links":{"self":[{"href":"https:\/\/roveyayinevi.com.tr\/index.php\/wp-json\/wp\/v2\/product\/743286","targetHints":{"allow":["GET"]}}],"collection":[{"href":"https:\/\/roveyayinevi.com.tr\/index.php\/wp-json\/wp\/v2\/product"}],"about":[{"href":"https:\/\/roveyayinevi.com.tr\/index.php\/wp-json\/wp\/v2\/types\/product"}],"wp:attachment":[{"href":"https:\/\/roveyayinevi.com.tr\/index.php\/wp-json\/wp\/v2\/media?parent=743286"}],"wp:term":[{"taxonomy":"product_brand","embeddable":true,"href":"https:\/\/roveyayinevi.com.tr\/index.php\/wp-json\/wp\/v2\/product_brand?post=743286"},{"taxonomy":"product_cat","embeddable":true,"href":"https:\/\/roveyayinevi.com.tr\/index.php\/wp-json\/wp\/v2\/product_cat?post=743286"},{"taxonomy":"product_tag","embeddable":true,"href":"https:\/\/roveyayinevi.com.tr\/index.php\/wp-json\/wp\/v2\/product_tag?post=743286"}],"curies":[{"name":"wp","href":"https:\/\/api.w.org\/{rel}","templated":true}]}}