{"id":743285,"date":"2025-08-28T01:31:30","date_gmt":"2025-08-27T22:31:30","guid":{"rendered":"https:\/\/roveyayinevi.com.tr\/index.php\/urun\/ulke-yonetimi\/"},"modified":"2026-04-16T02:54:40","modified_gmt":"2026-04-15T23:54:40","slug":"ulke-yonetimi","status":"publish","type":"product","link":"https:\/\/roveyayinevi.com.tr\/index.php\/urun\/ulke-yonetimi\/","title":{"rendered":"\u00dclke Y\u00f6netimi"},"content":{"rendered":"<p>Yurtta\u015flar, ulus devletin birer hissedar\u0131d\u0131r. Ortak hedeflerin ger\u00e7ekle\u015ftirilmesi amac\u0131yla da aralar\u0131ndan temsilciler se\u00e7erek, ulus devletin y\u00f6netim organlar\u0131n\u0131n olu\u015fturulmas\u0131na ve bu organlarda g\u00f6revlendirilen y\u00f6neticilerin, aralar\u0131nda medeni bir i\u015fb\u00f6l\u00fcm\u00fc ve i\u015fbirli\u011fi yaparak devlet ad\u0131na i\u015flem ve eylemler yapmas\u0131na izin verirler. T\u00fcrkiye Cumhuriyeti Devleti yurtta\u015flar\u0131n\u0131n (hissedarlar\u0131n\u0131n) devletin y\u00f6netim organlar\u0131ndan beklentisi, k\u0131saca ifade etmek gerekirse, milli servetin art\u0131r\u0131lmas\u0131na ve bu art\u0131\u015f neticesinde sa\u011flanacak refah\u0131n adil \u015fekilde tabana yay\u0131lmas\u0131na nitelikli \u00f6nc\u00fcl\u00fck edilmesinin g\u00fcvence alt\u0131na al\u0131nmas\u0131d\u0131r. Bununla birlikte T\u00fcrkiye dahil hi\u00e7bir ulusun kendi \u00fclke \u00f6z kayna\u011f\u0131, ulusal refah\u0131n\u0131n sa\u011flanmas\u0131 i\u00e7in yeterli seviyede de\u011fildir. Uluslar\u0131n, g\u00f6zlerine kestirdikleri d\u0131\u015f kaynaklar\u0131 kendi \u00fclkelerine \u201czorla getirmesi\u201d 21. y\u00fczy\u0131lda art\u0131k olanaks\u0131z oldu\u011fundan, k\u00fcresel ortamda birbirleriyle \u00e7etin rekabete girmekten ve s\u0131k\u0131 i\u015fbirli\u011fi yapmaktan ba\u015fka \u00e7areleri yoktur (\u201cdostane rekabet\u201d). K\u00fcresel rekabet ve i\u015fbirli\u011fiyle milli serveti ve refah\u0131 art\u0131rmak i\u00e7in \u015fart, katma de\u011ferli teknolojik \u00fcr\u00fcn, hizmet ve nitelikli diplomasi ile k\u00fcresel \u00f6l\u00e7ekte y\u00fcksek pazar pay\u0131 almakt\u0131r. Y\u00fcksek pazar pay\u0131 almak i\u00e7inse ulus devletin (\u00fclkenin) \u201ciyi y\u00f6netilmesi\u201d gerekir. T\u00fcm yurtta\u015flar\u0131n kendi nitelikleri \u00f6l\u00e7\u00fcs\u00fcnde payda\u015f olmad\u0131\u011f\u0131 bir sistemde \u2018\u2019iyi y\u00f6netim\u2019\u2019 m\u00fcmk\u00fcn de\u011fildir. Geleneksel devlet y\u00f6netim \u00f6\u011freti ve uygulamalar\u0131 ise, bu ihtiyaca cevap vermekten uzakt\u0131r. Elinizdeki bu kitap, k\u00fcresel rekabet g\u00fcc\u00fcn\u00fcn ve ulusal refah\u0131n ancak temel stratejik fakt\u00f6rlerin, \u00fclkenin be\u015feri sermayesi ile, yani erdemli, nitelikli ve bilin\u00e7li yurtta\u015flarla ili\u015fkilendirildi\u011fi noktada elde edilebilece\u011fi temel tezine dayan\u0131r. Kitab\u0131n en \u00f6zg\u00fcn yan\u0131 ise, \u00fclkenin t\u00fcm kurum, kurulu\u015f ve yurtta\u015flar\u0131n\u0131 -yetkinlikleri \u00f6l\u00e7\u00fcs\u00fcnde- \u2018\u2019\u00fclke y\u00f6netiminin\u2019\u2019 bir unsuru olarak g\u00f6rmesi, bunu gerek\u00e7elendirmesi, kavramsalla\u015ft\u0131rmas\u0131 ve kurulacak ikinci bir yasama organ\u0131 ile yeni anlay\u0131\u015f\u0131n anayasal g\u00fcvence alt\u0131na al\u0131nmas\u0131n\u0131 \u00f6nermesidir. <\/p>\n","protected":false},"excerpt":{"rendered":"<p>Yurtta\u015flar, ulus devletin birer hissedar\u0131d\u0131r. Ortak hedeflerin ger\u00e7ekle\u015ftirilmesi amac\u0131yla da aralar\u0131ndan temsilciler se\u00e7erek, ulus devletin y\u00f6netim organlar\u0131n\u0131n olu\u015fturulmas\u0131na ve bu organlarda g\u00f6revlendirilen y\u00f6neticilerin, aralar\u0131nda medeni bir<span class=\"excerpt-hellip\"> [\u2026]<\/span><\/p>\n","protected":false},"featured_media":0,"template":"","meta":{"_monsterinsights_skip_tracking":false,"_monsterinsights_sitenote_active":false,"_monsterinsights_sitenote_note":"","_monsterinsights_sitenote_category":0},"product_brand":[],"product_cat":[13590,12337],"product_tag":[],"class_list":{"0":"post-743285","1":"product","2":"type-product","3":"status-publish","5":"product_cat-arastirma-inceleme-politika-siyaset","6":"product_cat-politika-siyaset","7":"pa_cilt-ciltsiz","8":"pa_tur-kitap","9":"pa_yayinevi-kirmizi-kedi-yayinevi","10":"pa_yazar-servet-topaloglu","12":"first","13":"instock","14":"sale","15":"shipping-taxable","16":"purchasable","17":"product-type-simple"},"_links":{"self":[{"href":"https:\/\/roveyayinevi.com.tr\/index.php\/wp-json\/wp\/v2\/product\/743285","targetHints":{"allow":["GET"]}}],"collection":[{"href":"https:\/\/roveyayinevi.com.tr\/index.php\/wp-json\/wp\/v2\/product"}],"about":[{"href":"https:\/\/roveyayinevi.com.tr\/index.php\/wp-json\/wp\/v2\/types\/product"}],"wp:attachment":[{"href":"https:\/\/roveyayinevi.com.tr\/index.php\/wp-json\/wp\/v2\/media?parent=743285"}],"wp:term":[{"taxonomy":"product_brand","embeddable":true,"href":"https:\/\/roveyayinevi.com.tr\/index.php\/wp-json\/wp\/v2\/product_brand?post=743285"},{"taxonomy":"product_cat","embeddable":true,"href":"https:\/\/roveyayinevi.com.tr\/index.php\/wp-json\/wp\/v2\/product_cat?post=743285"},{"taxonomy":"product_tag","embeddable":true,"href":"https:\/\/roveyayinevi.com.tr\/index.php\/wp-json\/wp\/v2\/product_tag?post=743285"}],"curies":[{"name":"wp","href":"https:\/\/api.w.org\/{rel}","templated":true}]}}