{"id":743284,"date":"2025-08-28T01:31:29","date_gmt":"2025-08-27T22:31:29","guid":{"rendered":"https:\/\/roveyayinevi.com.tr\/index.php\/urun\/farkliysan-fark-edilirsin\/"},"modified":"2026-04-03T02:58:36","modified_gmt":"2026-04-02T23:58:36","slug":"farkliysan-fark-edilirsin","status":"publish","type":"product","link":"https:\/\/roveyayinevi.com.tr\/index.php\/urun\/farkliysan-fark-edilirsin\/","title":{"rendered":"Farkl\u0131ysan Fark Edilirsin"},"content":{"rendered":"<p>Bu ne g\u00fczel sonsuzluk\u2026Ya\u015famak sadece nefes almak de\u011fil\u2026 Her birimizin arzular\u0131, hedefleri, hayalleri var. Biz hayal kurduk\u00e7a yan\u0131 ba\u015f\u0131m\u0131zda bitip \u201cyapamazs\u0131n, ba\u015faramazs\u0131n\u201d diyen hayal s\u00f6nd\u00fcr\u00fcc\u00fcler de, \u00f6n\u00fcm\u00fcze konan engeller de, \u00f6nyarg\u0131larla \u00f6r\u00fclen duvarlar da var di\u011fer yandan.O engellere teslim olup sadece nefes al\u0131p vererek g\u00fcn ge\u00e7irmek de m\u00fcmk\u00fcn, hayallerimizin pe\u015finde, kendi yolumuzda ya\u015fayabilmek de\u2026 Tercih bizim elimizde\u2026Merve Tirito\u011flu Farkl\u0131ysan Fark Edilirsin kitab\u0131nda bizleri \u00e7evremize \u00f6r\u00fclen duvarlar\u0131 y\u0131k\u0131p kendimiz olabilmeye \u00e7a\u011f\u0131r\u0131yor.\u0130\u00e7imizdeki o \u00f6zel insan\u0131 \u00e7evre bask\u0131s\u0131na, genellemelere, genel ge\u00e7er kurallara kurban etmeyip fark\u0131m\u0131z\u0131 ortaya \u00e7\u0131kartma cesareti a\u015f\u0131l\u0131yor.Mutluluklar\u0131m\u0131zla, ac\u0131lar\u0131m\u0131zla, ba\u015far\u0131lar\u0131m\u0131zla, hayal k\u0131r\u0131kl\u0131klar\u0131m\u0131zla kendimiz olabildi\u011fimiz bir hayat\u0131 ya\u015fayabilmenin, yaralar\u0131m\u0131z\u0131 ya\u015fam madalyalar\u0131m\u0131z olarak ta\u015f\u0131yabilmenin g\u00fczelli\u011fini anlat\u0131yor.\u201cBu hayatta dinlemen gereken tek \u015fey kalbin\u2026Sor kendine, istiyor musun ger\u00e7ekten yapmay\u0131? Yapmazsan kalacak m\u0131 i\u00e7inde?Yap o zaman, elinden geleni yap\u2026 Elinden gelenin en iyisini yap\u2026\u201d<\/p>\n","protected":false},"excerpt":{"rendered":"<p>Bu ne g\u00fczel sonsuzluk\u2026Ya\u015famak sadece nefes almak de\u011fil\u2026 Her birimizin arzular\u0131, hedefleri, hayalleri var. Biz hayal kurduk\u00e7a yan\u0131 ba\u015f\u0131m\u0131zda bitip \u201cyapamazs\u0131n, ba\u015faramazs\u0131n\u201d diyen hayal s\u00f6nd\u00fcr\u00fcc\u00fcler de,<span class=\"excerpt-hellip\"> [\u2026]<\/span><\/p>\n","protected":false},"featured_media":0,"template":"","meta":{"_monsterinsights_skip_tracking":false,"_monsterinsights_sitenote_active":false,"_monsterinsights_sitenote_note":"","_monsterinsights_sitenote_category":0},"product_brand":[],"product_cat":[12364,12376],"product_tag":[],"class_list":{"0":"post-743284","1":"product","2":"type-product","3":"status-publish","5":"product_cat-genel-konular","6":"product_cat-kisisel-gelisim","7":"pa_cilt-ciltsiz","8":"pa_tur-kitap","9":"pa_yayinevi-muptela-yayinevi","10":"pa_yazar-merve-tiritoglu","12":"first","13":"instock","14":"sale","15":"shipping-taxable","16":"purchasable","17":"product-type-simple"},"_links":{"self":[{"href":"https:\/\/roveyayinevi.com.tr\/index.php\/wp-json\/wp\/v2\/product\/743284","targetHints":{"allow":["GET"]}}],"collection":[{"href":"https:\/\/roveyayinevi.com.tr\/index.php\/wp-json\/wp\/v2\/product"}],"about":[{"href":"https:\/\/roveyayinevi.com.tr\/index.php\/wp-json\/wp\/v2\/types\/product"}],"wp:attachment":[{"href":"https:\/\/roveyayinevi.com.tr\/index.php\/wp-json\/wp\/v2\/media?parent=743284"}],"wp:term":[{"taxonomy":"product_brand","embeddable":true,"href":"https:\/\/roveyayinevi.com.tr\/index.php\/wp-json\/wp\/v2\/product_brand?post=743284"},{"taxonomy":"product_cat","embeddable":true,"href":"https:\/\/roveyayinevi.com.tr\/index.php\/wp-json\/wp\/v2\/product_cat?post=743284"},{"taxonomy":"product_tag","embeddable":true,"href":"https:\/\/roveyayinevi.com.tr\/index.php\/wp-json\/wp\/v2\/product_tag?post=743284"}],"curies":[{"name":"wp","href":"https:\/\/api.w.org\/{rel}","templated":true}]}}