{"id":743282,"date":"2025-08-28T01:31:26","date_gmt":"2025-08-27T22:31:26","guid":{"rendered":"https:\/\/roveyayinevi.com.tr\/index.php\/urun\/son-hasat-2\/"},"modified":"2026-04-16T02:54:40","modified_gmt":"2026-04-15T23:54:40","slug":"son-hasat-2","status":"publish","type":"product","link":"https:\/\/roveyayinevi.com.tr\/index.php\/urun\/son-hasat-2\/","title":{"rendered":"Son Hasat"},"content":{"rendered":"<p>\u015eEYTAN VADED\u0130LEN\u0130 ALMAYA GEL\u0130YORBabas\u0131n\u0131, g\u00f6\u011fs\u00fcne s\u0131ms\u0131k\u0131 bast\u0131rd\u0131\u011f\u0131 bir ha\u00e7la kanlar i\u00e7inde ve etraf\u0131 hayvan cesetleriyle \u00e7evrili h\u00e2lde kom\u015fu s\u0131\u011f\u0131r \u00e7iftli\u011finin ah\u0131r\u0131nda bulan on yedi ya\u015f\u0131ndaki y\u0131ld\u0131z oyun kurucu Clay Tate\u2019in hayat\u0131 bir anda cehenneme d\u00f6nm\u00fc\u015ft\u00fc.Midland, Oklahoma\u2019da ger\u00e7ekle\u015fen bu deh\u015fet verici katliam\u0131n birinci y\u0131l d\u00f6n\u00fcm\u00fcnde b\u00fct\u00fcn kasaba Clay\u2019e s\u0131ra ona gelmi\u015f gibi bak\u0131yordu. Ge\u00e7mi\u015fi ard\u0131nda b\u0131rak\u0131p sadece ailesini kurtarmak isterken, babas\u0131n\u0131n \u015feytana tapmakla su\u00e7lad\u0131\u011f\u0131 Koruma Derne\u011fi\u2019nin onu rahat b\u0131rakmaya niyeti yoktu.Kasaban\u0131n kurucular\u0131n\u0131n alt\u0131nc\u0131 neslinin karanl\u0131k bir g\u00f6revi vard\u0131 ve herkes pay\u0131na d\u00fc\u015feni yapmak zorundayd\u0131. Clay delirmeye ba\u015flad\u0131\u011f\u0131n\u0131 d\u00fc\u015f\u00fcn\u00fcyordu ancak \u00e7ok daha k\u00f6t\u00fcc\u00fcl bir \u015fey yakla\u015fmaktayd\u0131.2017 Bram Stoker \u00d6d\u00fcl\u00fc Kazanan\u0131\u201cYenilik\u00e7i, t\u00fcyler \u00fcrpertici ve hepsinden \u00f6te deh\u015fet verici.\u201d \u2014Virginia Boecker\u201cKlasik \u015feytana tap\u0131nma korku hik\u00e2yelerine t\u00fcyler \u00fcrpertici, taze bir bak\u0131\u015f\u2026 Ger\u00e7ek\u00e7i karakterleri ve olaylar\u0131yla bu roman \u00fcrk\u00fct\u00fcc\u00fc, duygusal ve k\u00e2busu and\u0131ran s\u00fcrprizlerle dolu.\u201d \u2014TeenReads\u201cElinizden b\u0131rakamayaca\u011f\u0131n\u0131z, kesinlikle insan\u0131 deh\u015fete d\u00fc\u015f\u00fcren bir roman. Son sayfay\u0131 kapad\u0131ktan sonra bile uzun bir s\u00fcre zihninizi me\u015fgul edecek. B\u00fcy\u00fclenmeye haz\u0131r olun.\u201d \u2014Jasmine Warga\u201cAnlat\u0131m \u00e7ok g\u00fc\u00e7l\u00fc ve g\u00f6rkemli, atmosferse \u00fcrk\u00fct\u00fcc\u00fc, rahats\u0131z edici ve gergin. Bay\u0131ld\u0131m.\u201d \u2014April Genevieve Tucholke<\/p>\n","protected":false},"excerpt":{"rendered":"<p>\u015eEYTAN VADED\u0130LEN\u0130 ALMAYA GEL\u0130YORBabas\u0131n\u0131, g\u00f6\u011fs\u00fcne s\u0131ms\u0131k\u0131 bast\u0131rd\u0131\u011f\u0131 bir ha\u00e7la kanlar i\u00e7inde ve etraf\u0131 hayvan cesetleriyle \u00e7evrili h\u00e2lde kom\u015fu s\u0131\u011f\u0131r \u00e7iftli\u011finin ah\u0131r\u0131nda bulan on yedi ya\u015f\u0131ndaki y\u0131ld\u0131z<span class=\"excerpt-hellip\"> [\u2026]<\/span><\/p>\n","protected":false},"featured_media":0,"template":"","meta":{"_monsterinsights_skip_tracking":false,"_monsterinsights_sitenote_active":false,"_monsterinsights_sitenote_note":"","_monsterinsights_sitenote_category":0},"product_brand":[],"product_cat":[12291,17033],"product_tag":[],"class_list":{"0":"post-743282","1":"product","2":"type-product","3":"status-publish","5":"product_cat-edebiyat","6":"product_cat-korku-gerilim","7":"pa_cilt-ciltsiz","8":"pa_tur-kitap","9":"pa_yayinevi-yabanci-yayinevi","10":"pa_yazar-kim-liggett","12":"first","13":"instock","14":"sale","15":"shipping-taxable","16":"purchasable","17":"product-type-simple"},"_links":{"self":[{"href":"https:\/\/roveyayinevi.com.tr\/index.php\/wp-json\/wp\/v2\/product\/743282","targetHints":{"allow":["GET"]}}],"collection":[{"href":"https:\/\/roveyayinevi.com.tr\/index.php\/wp-json\/wp\/v2\/product"}],"about":[{"href":"https:\/\/roveyayinevi.com.tr\/index.php\/wp-json\/wp\/v2\/types\/product"}],"wp:attachment":[{"href":"https:\/\/roveyayinevi.com.tr\/index.php\/wp-json\/wp\/v2\/media?parent=743282"}],"wp:term":[{"taxonomy":"product_brand","embeddable":true,"href":"https:\/\/roveyayinevi.com.tr\/index.php\/wp-json\/wp\/v2\/product_brand?post=743282"},{"taxonomy":"product_cat","embeddable":true,"href":"https:\/\/roveyayinevi.com.tr\/index.php\/wp-json\/wp\/v2\/product_cat?post=743282"},{"taxonomy":"product_tag","embeddable":true,"href":"https:\/\/roveyayinevi.com.tr\/index.php\/wp-json\/wp\/v2\/product_tag?post=743282"}],"curies":[{"name":"wp","href":"https:\/\/api.w.org\/{rel}","templated":true}]}}