{"id":743281,"date":"2025-08-28T01:31:25","date_gmt":"2025-08-27T22:31:25","guid":{"rendered":"https:\/\/roveyayinevi.com.tr\/index.php\/urun\/yakin-tarihimizde-garip-olaylar\/"},"modified":"2026-04-08T03:03:17","modified_gmt":"2026-04-08T00:03:17","slug":"yakin-tarihimizde-garip-olaylar","status":"publish","type":"product","link":"https:\/\/roveyayinevi.com.tr\/index.php\/urun\/yakin-tarihimizde-garip-olaylar\/","title":{"rendered":"Yak\u0131n Tarihimizde Garip Olaylar"},"content":{"rendered":"<p>Akademisyen ve yazar Zafer Do\u011fan Yak\u0131n Tarihimizde Garip Olaylar\u2019da cumhuriyetin ilan\u0131ndan 2000\u2019li y\u0131llara de\u011fin uzanan bir s\u00fcre\u00e7teki pek bilinmeyen bir dizi olay\u0131 aktar\u0131yor. \u0130smet \u0130n\u00f6n\u00fc\u2019den Tansu \u00c7iller\u2019e bir\u00e7ok siyaset\u00e7inin geri planda kalm\u0131\u015f hik\u00e2yeleri yan\u0131nda S\u00fcleymaniye Camisi\u2019ne mahya asan kom\u00fcnistler vakas\u0131, Bab\u0131\u00e2li gazetelerinin ofislerinden dedikodular ya da Ye\u015fil\u00e7am ve futbol camias\u0131ndan anekdotlarla bir\u00e7ok unutulmu\u015f ki\u015fi ve olay\u0131 hat\u0131rlamam\u0131za yard\u0131mc\u0131 olan bu eser yak\u0131n tarihimizin g\u00f6lgede kalm\u0131\u015f k\u00f6\u015felerine \u0131\u015f\u0131k tutuyor. Anaak\u0131m tarih anlat\u0131s\u0131n\u0131n d\u0131\u015f\u0131na \u00e7\u0131kabilmek ad\u0131na e\u011flenceli bir okuma sunuyor.<\/p>\n","protected":false},"excerpt":{"rendered":"<p>Akademisyen ve yazar Zafer Do\u011fan Yak\u0131n Tarihimizde Garip Olaylar\u2019da cumhuriyetin ilan\u0131ndan 2000\u2019li y\u0131llara de\u011fin uzanan bir s\u00fcre\u00e7teki pek bilinmeyen bir dizi olay\u0131 aktar\u0131yor. \u0130smet \u0130n\u00f6n\u00fc\u2019den Tansu<span class=\"excerpt-hellip\"> [\u2026]<\/span><\/p>\n","protected":false},"featured_media":0,"template":"","meta":{"_monsterinsights_skip_tracking":false,"_monsterinsights_sitenote_active":false,"_monsterinsights_sitenote_note":"","_monsterinsights_sitenote_category":0},"product_brand":[],"product_cat":[12304,14128],"product_tag":[],"class_list":{"0":"post-743281","1":"product","2":"type-product","3":"status-publish","5":"product_cat-tarih","6":"product_cat-yakin-tarih","7":"pa_cilt-ciltsiz","8":"pa_tur-kitap","9":"pa_yayinevi-ithaki-yayinlari","10":"pa_yazar-zafer-dogan","12":"first","13":"instock","14":"sale","15":"shipping-taxable","16":"purchasable","17":"product-type-simple"},"_links":{"self":[{"href":"https:\/\/roveyayinevi.com.tr\/index.php\/wp-json\/wp\/v2\/product\/743281","targetHints":{"allow":["GET"]}}],"collection":[{"href":"https:\/\/roveyayinevi.com.tr\/index.php\/wp-json\/wp\/v2\/product"}],"about":[{"href":"https:\/\/roveyayinevi.com.tr\/index.php\/wp-json\/wp\/v2\/types\/product"}],"wp:attachment":[{"href":"https:\/\/roveyayinevi.com.tr\/index.php\/wp-json\/wp\/v2\/media?parent=743281"}],"wp:term":[{"taxonomy":"product_brand","embeddable":true,"href":"https:\/\/roveyayinevi.com.tr\/index.php\/wp-json\/wp\/v2\/product_brand?post=743281"},{"taxonomy":"product_cat","embeddable":true,"href":"https:\/\/roveyayinevi.com.tr\/index.php\/wp-json\/wp\/v2\/product_cat?post=743281"},{"taxonomy":"product_tag","embeddable":true,"href":"https:\/\/roveyayinevi.com.tr\/index.php\/wp-json\/wp\/v2\/product_tag?post=743281"}],"curies":[{"name":"wp","href":"https:\/\/api.w.org\/{rel}","templated":true}]}}