{"id":743280,"date":"2025-08-28T01:31:24","date_gmt":"2025-08-27T22:31:24","guid":{"rendered":"https:\/\/roveyayinevi.com.tr\/index.php\/urun\/yanan-tanri-hashas-savasi-uclemesi-3\/"},"modified":"2026-04-16T02:54:40","modified_gmt":"2026-04-15T23:54:40","slug":"yanan-tanri-hashas-savasi-uclemesi-3","status":"publish","type":"product","link":"https:\/\/roveyayinevi.com.tr\/index.php\/urun\/yanan-tanri-hashas-savasi-uclemesi-3\/","title":{"rendered":"Yanan Tanr\u0131 \u2013 Ha\u015fha\u015f Sava\u015f\u0131 \u00dc\u00e7lemesi 3"},"content":{"rendered":"<p>M\u0130LYONLARIN SES\u0130 OLACAKTI. SON SAVA\u015e KAPIDAYDI.\u00c7in\u2019in kanl\u0131 yirminci y\u00fczy\u0131l\u0131ndan ilham alan, ihanet ve entrika dolu Ha\u015fha\u015f Sava\u015f\u0131 serisi, \u00fc\u00e7\u00fcnc\u00fc ve son kitab\u0131yla bizi bir kez daha ac\u0131mas\u0131z fakat b\u00fcy\u00fcleyici bir m\u00fccadelenin ortas\u0131na b\u0131rak\u0131yor.Nikan\u2019\u0131 i\u015fgalci g\u00fc\u00e7lerin elinden kurtaran ve Su Daji ile amans\u0131z bir sava\u015fa at\u0131lan Rin, m\u00fcttefiklerinin ihanetine u\u011fram\u0131\u015f, \u00f6l\u00fcme terk edilmi\u015fti. Ancak kaybettiklerine ra\u011fmen m\u00fccadelesinden vazge\u00e7meye niyeti olmayan Rin, sava\u015f\u0131n\u0131 devam ettirmek i\u00e7in evi bildi\u011fi Tikany\u2019ye d\u00f6necek ve orada beklenmedik f\u0131rsatlar ve tehlikelerle kar\u015f\u0131la\u015facakt\u0131.Nikan\u2019\u0131n ger\u00e7ek g\u00fcc\u00fcn\u00fcn milyonlarca s\u0131radan insan\u0131n intikama duydu\u011fu a\u00e7l\u0131kta ve kurtar\u0131lmaya dair umutlar\u0131nda yatt\u0131\u011f\u0131n\u0131 fark eden Rin, Ejderha Cumhuriyeti\u2019ni, s\u00f6m\u00fcrgeci Hesperyal\u0131lar\u0131 ve \u015eamanizm\u2019i tehdit eden herkesi yenmek i\u00e7in elindeki her imk\u00e2ndan yararlanmak zorunda kalacakt\u0131. Peki kudreti ve n\u00fcfuzu giderek artarken, Anka\u2019n\u0131n her \u015feyi yakmas\u0131n\u0131 emreden sesine kar\u015f\u0131 gelmeyi ba\u015farabilecek miydi?\u201cFantastik edebiyat\u0131n ola\u011fan\u00fcst\u00fc yeni kalemi.\u201d \u2013Peter V. Brett\u201cKaranl\u0131k ve y\u0131k\u0131c\u0131 bir son.\u201d \u2013Kirkus Reviews\u201cKuang, Ha\u015fha\u015f Sava\u015f\u0131 \u00dc\u00e7lemesi\u2019ni noktalarken sava\u015f\u0131n beraberinde getirdi\u011fi y\u0131k\u0131c\u0131 bedele ve y\u00fcrekli fedak\u00e2rl\u0131klara \u0131\u015f\u0131k tutuyor.\u201d \u2013Booklist\u201cEpik \u00fc\u00e7lemeye muazzam bir son.\u201d \u2013Library Journal\u201cYanan Tanr\u0131 \u00fc\u00e7lemenin en iyi yaz\u0131lm\u0131\u015f kitab\u0131.\u201d \u2013Book Marks\u201cBu, harika bir seri.\u201d \u2013Victoria Schwab<\/p>\n","protected":false},"excerpt":{"rendered":"<p>M\u0130LYONLARIN SES\u0130 OLACAKTI. SON SAVA\u015e KAPIDAYDI.\u00c7in\u2019in kanl\u0131 yirminci y\u00fczy\u0131l\u0131ndan ilham alan, ihanet ve entrika dolu Ha\u015fha\u015f Sava\u015f\u0131 serisi, \u00fc\u00e7\u00fcnc\u00fc ve son kitab\u0131yla bizi bir kez daha<span class=\"excerpt-hellip\"> [\u2026]<\/span><\/p>\n","protected":false},"featured_media":0,"template":"","meta":{"_monsterinsights_skip_tracking":false,"_monsterinsights_sitenote_active":false,"_monsterinsights_sitenote_note":"","_monsterinsights_sitenote_category":0},"product_brand":[],"product_cat":[12291,14777],"product_tag":[],"class_list":{"0":"post-743280","1":"product","2":"type-product","3":"status-publish","5":"product_cat-edebiyat","6":"product_cat-fantastik","7":"pa_cilt-ciltsiz","8":"pa_tur-kitap","9":"pa_yayinevi-ithaki-yayinlari","10":"pa_yazar-r-f-kuang","12":"first","13":"instock","14":"sale","15":"shipping-taxable","16":"purchasable","17":"product-type-simple"},"_links":{"self":[{"href":"https:\/\/roveyayinevi.com.tr\/index.php\/wp-json\/wp\/v2\/product\/743280","targetHints":{"allow":["GET"]}}],"collection":[{"href":"https:\/\/roveyayinevi.com.tr\/index.php\/wp-json\/wp\/v2\/product"}],"about":[{"href":"https:\/\/roveyayinevi.com.tr\/index.php\/wp-json\/wp\/v2\/types\/product"}],"wp:attachment":[{"href":"https:\/\/roveyayinevi.com.tr\/index.php\/wp-json\/wp\/v2\/media?parent=743280"}],"wp:term":[{"taxonomy":"product_brand","embeddable":true,"href":"https:\/\/roveyayinevi.com.tr\/index.php\/wp-json\/wp\/v2\/product_brand?post=743280"},{"taxonomy":"product_cat","embeddable":true,"href":"https:\/\/roveyayinevi.com.tr\/index.php\/wp-json\/wp\/v2\/product_cat?post=743280"},{"taxonomy":"product_tag","embeddable":true,"href":"https:\/\/roveyayinevi.com.tr\/index.php\/wp-json\/wp\/v2\/product_tag?post=743280"}],"curies":[{"name":"wp","href":"https:\/\/api.w.org\/{rel}","templated":true}]}}