{"id":743279,"date":"2025-08-28T01:31:22","date_gmt":"2025-08-27T22:31:22","guid":{"rendered":"https:\/\/roveyayinevi.com.tr\/index.php\/urun\/kara-vanessam\/"},"modified":"2026-04-16T02:54:40","modified_gmt":"2026-04-15T23:54:40","slug":"kara-vanessam","status":"publish","type":"product","link":"https:\/\/roveyayinevi.com.tr\/index.php\/urun\/kara-vanessam\/","title":{"rendered":"Kara Vanessa\u2019m"},"content":{"rendered":"<p>2000. Zeki, azimli ve i\u00e7e d\u00f6n\u00fck biri olan on be\u015f ya\u015f\u0131ndaki Vanessa Wye, k\u0131rk iki ya\u015f\u0131ndaki \u00e7ekici ve manip\u00fclatif \u0130ngilizce \u00f6\u011fretmeni Jacob Strane\u2019le bir ili\u015fki i\u00e7inde buluyor kendini.2017. G\u00fc\u00e7l\u00fc erkeklere y\u00f6nelik su\u00e7 duyurular\u0131 giderek artar ve bir harekete d\u00f6n\u00fc\u015f\u00fcrken ba\u015fka bir hesapla\u015fma daha yakla\u015f\u0131yor. Strane, Vanessa\u2019ya ula\u015fan eski bir \u00f6\u011frenci taraf\u0131ndan cinsel tacizle su\u00e7land\u0131\u011f\u0131nda Vanessa birden kendini imk\u00e2ns\u0131z bir se\u00e7imle kar\u015f\u0131 kar\u015f\u0131ya buluyor: Sessiz kalmak ve gen\u00e7li\u011finde bu ili\u015fkiye isteyerek kat\u0131ld\u0131\u011f\u0131 inanc\u0131n\u0131 korumak ya da kendini ve ge\u00e7mi\u015findeki olaylar\u0131 yeniden tan\u0131mlamak. Ama Vanessa, kendisini k\u00f6kten de\u011fi\u015ftiren ve hayat\u0131nda kal\u0131c\u0131 bir varl\u0131k h\u00e2line gelmi\u015f ilk a\u015fk\u0131n\u0131 nas\u0131l reddedebilir? Kendisine tapt\u0131\u011f\u0131n\u0131 s\u00f6yleyen adam\u0131n inand\u0131\u011f\u0131ndan \u00e7ok farkl\u0131 biri olmas\u0131 m\u00fcmk\u00fcn m\u00fc?Haf\u0131zay\u0131 ve travmay\u0131, kendi v\u00fccudunun g\u00fcc\u00fcn\u00fc ke\u015ffeden gen\u00e7 bir k\u0131z\u0131n nefes kesen heyecan\u0131yla birlikte ele alan Kara Vanessa\u2019m, sorunlu ergenlik, faillik, r\u0131za, su\u00e7 ortakl\u0131\u011f\u0131 ve ma\u011fduriyet hakk\u0131nda hayati sorular soran, \u00e7a\u011f\u0131 tan\u0131mlayan bir roman.\u201cB\u00fcy\u00fcleyici bir kitap. Bay\u0131ld\u0131m.\u201d \u2013Kristen Roupenian\u201cNefis ve \u00e7arp\u0131c\u0131 bir ilk roman. Muhakkak okunmal\u0131.\u201d \u2013Gillian Flynn\u201cAc\u0131 verici oldu\u011fu kadar g\u00fc\u00e7l\u00fc ve #MeToo d\u00f6neminin tan\u0131mlay\u0131c\u0131 kitaplar\u0131ndan biri olarak \u00fcn\u00fcn\u00fc hak ediyor.\u201d \u2013Vogue<\/p>\n","protected":false},"excerpt":{"rendered":"<p>2000. Zeki, azimli ve i\u00e7e d\u00f6n\u00fck biri olan on be\u015f ya\u015f\u0131ndaki Vanessa Wye, k\u0131rk iki ya\u015f\u0131ndaki \u00e7ekici ve manip\u00fclatif \u0130ngilizce \u00f6\u011fretmeni Jacob Strane\u2019le bir ili\u015fki i\u00e7inde<span class=\"excerpt-hellip\"> [\u2026]<\/span><\/p>\n","protected":false},"featured_media":0,"template":"","meta":{"_monsterinsights_skip_tracking":false,"_monsterinsights_sitenote_active":false,"_monsterinsights_sitenote_note":"","_monsterinsights_sitenote_category":0},"product_brand":[],"product_cat":[12291,12711],"product_tag":[],"class_list":{"0":"post-743279","1":"product","2":"type-product","3":"status-publish","5":"product_cat-edebiyat","6":"product_cat-roman-oyku","7":"pa_cilt-ciltsiz","8":"pa_tur-kitap","9":"pa_yayinevi-ithaki-yayinlari","10":"pa_yazar-kate-elizabeth-russell","12":"first","13":"instock","14":"sale","15":"shipping-taxable","16":"purchasable","17":"product-type-simple"},"_links":{"self":[{"href":"https:\/\/roveyayinevi.com.tr\/index.php\/wp-json\/wp\/v2\/product\/743279","targetHints":{"allow":["GET"]}}],"collection":[{"href":"https:\/\/roveyayinevi.com.tr\/index.php\/wp-json\/wp\/v2\/product"}],"about":[{"href":"https:\/\/roveyayinevi.com.tr\/index.php\/wp-json\/wp\/v2\/types\/product"}],"wp:attachment":[{"href":"https:\/\/roveyayinevi.com.tr\/index.php\/wp-json\/wp\/v2\/media?parent=743279"}],"wp:term":[{"taxonomy":"product_brand","embeddable":true,"href":"https:\/\/roveyayinevi.com.tr\/index.php\/wp-json\/wp\/v2\/product_brand?post=743279"},{"taxonomy":"product_cat","embeddable":true,"href":"https:\/\/roveyayinevi.com.tr\/index.php\/wp-json\/wp\/v2\/product_cat?post=743279"},{"taxonomy":"product_tag","embeddable":true,"href":"https:\/\/roveyayinevi.com.tr\/index.php\/wp-json\/wp\/v2\/product_tag?post=743279"}],"curies":[{"name":"wp","href":"https:\/\/api.w.org\/{rel}","templated":true}]}}